{"id":79887,"date":"2024-03-17T19:46:44","date_gmt":"2024-03-17T17:46:44","guid":{"rendered":"https:\/\/mediumaquamarine-flamingo-502635.hostingersite.com\/?page_id=79887"},"modified":"2024-05-22T16:30:35","modified_gmt":"2024-05-22T14:30:35","slug":"privacy","status":"publish","type":"page","link":"https:\/\/moltomobila.md\/ro\/privacy\/","title":{"rendered":"Politica de confiden\u021bialitate"},"content":{"rendered":"<p><\/p>\n\n\n\n<p><strong>Politica de confiden\u021bialitate<\/strong> <strong>datele personale ale utilizatorului<\/strong><br><br>Prezenta politic\u0103 de confiden\u021bialitate a datelor cu caracter personal se aplic\u0103 tuturor informa\u021biilor pe care magazinul online Moltomobila.com, situat pe numele de domeniu moltomobila.com, le poate ob\u021bine despre utilizator \u00een timpul utiliz\u0103rii site-ului web al magazinului online.<\/p>\n\n\n\n<p><strong>1. dispozi\u021bii generale<\/strong><\/p>\n\n\n\n<p>1.1 Utilizarea site-ului web al magazinului online&nbsp;<a href=\"https:\/\/www.pandashop.md\/\">moltomobila.com<\/a>, Utilizatorul \u00ee\u0219i recunoa\u0219te consim\u021b\u0103m\u00e2ntul deplin cu privire la dispozi\u021biile politicii de confiden\u021bialitate \u0219i la termenii \u0219i condi\u021biile de prelucrare a datelor cu caracter personal.<\/p>\n\n\n\n<p>1.2 \u00cen cazul \u00een care utilizatorul nu este de acord cu to\u021bi sau cu o parte dintre termenii stabili\u021bi \u00een politica de confiden\u021bialitate, acesta trebuie s\u0103 \u00eenceteze s\u0103 utilizeze serviciile magazinului online.<\/p>\n\n\n\n<p>1.3 Administra\u021bia nu verific\u0103 exactitatea datelor cu caracter personal furnizate de utilizator.<\/p>\n\n\n\n<p><strong>2. Obiectul politicii de confiden\u021bialitate<\/strong><\/p>\n\n\n\n<p>2.1 Prezenta politic\u0103 de confiden\u021bialitate stabile\u0219te obliga\u021biile magazinului online moltomobila privind nedivulgarea \u0219i protec\u021bia confiden\u021bialit\u0103\u021bii datelor cu caracter personal, pe care utilizatorul le furnizeaz\u0103 la \u00eenregistrarea pe site-ul magazinului online sau la plasarea unei comenzi pentru achizi\u021bionarea de bunuri.<\/p>\n\n\n\n<p>2.2 Datele cu caracter personal care pot fi prelucrate \u00een cadrul prezentei politici de confiden\u021bialitate sunt furnizate de c\u0103tre Utilizator prin completarea formularului de \u00eenregistrare pe site-ul moltomobila.com \u00een sec\u021biunea de \u00eenregistrare sau la plasarea unei comenzi \u0219i includ urm\u0103toarele informa\u021bii:<\/p>\n\n\n\n<p>2.2.1. NUME COMPLET;<\/p>\n\n\n\n<p>2.2.2 Data na\u0219terii;<\/p>\n\n\n\n<p>2.2.3. num\u0103rul de telefon de contact;<\/p>\n\n\n\n<p>2.2.4. adresa de po\u0219t\u0103 electronic\u0103 (e-mail);<\/p>\n\n\n\n<p>2.2.5 Adresa de livrare a bunurilor;<\/p>\n\n\n\n<p>2.2.6 Alte informa\u021bii necesare pentru furnizarea de servicii sau v\u00e2nzarea de bunuri c\u0103tre utilizatori.<\/p>\n\n\n\n<p>2.3 Magazinul online protejeaz\u0103 datele care sunt transferate automat \u00een procesul de vizualizare a blocurilor publicitare \u0219i la vizitarea paginilor pe care este instalat scriptul statistic al sistemului (pixel):<\/p>\n\n\n\n<p>2.4 Dezactivarea cookie-urilor poate duce la imposibilitatea de a accesa p\u0103r\u021bi ale site-ului Magazin online care necesit\u0103 autorizare.<\/p>\n\n\n\n<p>2.5. Orice informa\u021bii personale care nu sunt specificate mai sus (istoricul achizi\u021biilor, browserele \u0219i sistemele de operare utilizate etc.) fac obiectul stoc\u0103rii securizate \u0219i al nedivulg\u0103rii, cu excep\u021bia cazurilor prev\u0103zute la clauzele 4.2. \u0219i 4.3. din prezenta Politic\u0103 de confiden\u021bialitate. 4.2. \u0219i 4.3. din prezenta Politic\u0103 de confiden\u021bialitate.<\/p>\n\n\n\n<p><strong>3. Scopurile colect\u0103rii informa\u021biilor personale ale utilizatorului<\/strong><\/p>\n\n\n\n<p>3.1 Magazinul online Moltomobila poate utiliza datele cu caracter personal ale utilizatorului \u00een urm\u0103toarele scopuri:<\/p>\n\n\n\n<p>3.1.1 Identificarea utilizatorului \u00eenregistrat pe site-ul web al magazinului online pentru a plasa o comand\u0103.<\/p>\n\n\n\n<p>3.1.2 Asigurarea accesului utilizatorului la resursele personalizate ale site-ului magazinului online.<\/p>\n\n\n\n<p>3.1.3 Stabilirea unui feedback cu utilizatorul, inclusiv trimiterea de notific\u0103ri, solicit\u0103ri privind utilizarea site-ului web al magazinului online, furnizarea de servicii, prelucrarea cererilor \u0219i solicit\u0103rilor din partea utilizatorului.<\/p>\n\n\n\n<p>3.1.4 Determinarea loca\u021biei utilizatorului pentru a asigura securitatea, prevenirea fraudei.<\/p>\n\n\n\n<p>3.1.5 Confirmarea exactit\u0103\u021bii \u0219i a exhaustivit\u0103\u021bii datelor cu caracter personal furnizate de utilizator.<\/p>\n\n\n\n<p>3.2.1 Notificarea utilizatorului site-ului magazinului online cu privire la starea comenzii;<\/p>\n\n\n\n<p>3.2.2 Furnizarea c\u0103tre Utilizator, cu consim\u021b\u0103m\u00e2ntul acestuia, de actualiz\u0103ri de produse, oferte speciale, informa\u021bii despre pre\u021buri, buletine informative \u0219i alte informa\u021bii \u00een numele magazinului online Moltomobila.<\/p>\n\n\n\n<p><strong>4. Metode \u0219i termeni de prelucrare a informa\u021biilor cu caracter personal<\/strong><\/p>\n\n\n\n<p>4.1 Prelucrarea datelor cu caracter personal ale utilizatorului este efectuat\u0103 f\u0103r\u0103 limit\u0103 de timp, \u00een orice mod legal.<\/p>\n\n\n\n<p>4.2. Utilizatorul este de acord c\u0103 magazinul online Moltomobila are dreptul de a transfera date cu caracter personal c\u0103tre ter\u021bi, \u00een special servicii de curierat, exclusiv \u00een scopul \u00eendeplinirii \u0219i livr\u0103rii comenzii utilizatorului plasat\u0103 pe site-ul Moltomobila.com<\/p>\n\n\n\n<p>4.3 Datele cu caracter personal ale Utilizatorului pot fi transferate c\u0103tre autorit\u0103\u021bile publice autorizate din Republica Moldova numai pe baza \u0219i \u00een conformitate cu procedura stabilit\u0103 de legisla\u021bia Republicii Moldova.<\/p>\n\n\n\n<p>4.4 Magazinul online Moltomobila ia m\u0103surile organizatorice \u0219i tehnice necesare pentru a proteja informa\u021biile personale ale utilizatorului \u00eempotriva accesului ilegal sau accidental, distrugerii, modific\u0103rii, bloc\u0103rii, copierii, distribuirii, precum \u0219i \u00eempotriva altor ac\u021biuni ilegale ale ter\u021bilor.<\/p>\n\n\n\n<p><strong>5. Obliga\u021biile p\u0103r\u021bilor<\/strong><\/p>\n\n\n\n<p>5.1 Utilizatorul este de acord c\u0103 este obligat s\u0103:<\/p>\n\n\n\n<p>5.1.1 Furniza\u021bi informa\u021bii exacte despre datele dvs. personale, care pot fi utile pentru furnizarea serviciilor magazinului online;<\/p>\n\n\n\n<p>5.1.2 S\u0103 actualizeze, s\u0103 completeze informa\u021biile furnizate cu privire la datele cu caracter personal, \u00een cazul modific\u0103rii acestor informa\u021bii.<\/p>\n\n\n\n<p>5.2 Administra\u021bia magazinului online Moltomobila se angajeaz\u0103:<\/p>\n\n\n\n<p>5.2.1 ia toate m\u0103surile posibile pentru a asigura \u0219i men\u021bine confiden\u021bialitatea informa\u021biilor (datelor) cu caracter personal furnizate de utilizator;<\/p>\n\n\n\n<p>5.2.2 s\u0103 \u0219tearg\u0103 datele cu caracter personal ale utilizatorului imediat dup\u0103 primirea unui apel sau a unei cereri de \u0219tergere din partea utilizatorului prin e-mail: moltomobila@mail.com<\/p>\n\n\n\n<p><strong>6. Responsabilitatea p\u0103r\u021bilor<\/strong><\/p>\n\n\n\n<p>6.1 Administra\u021bia magazinului online Moltomobila este responsabil\u0103 pentru dezv\u0103luirea inten\u021bionat\u0103 a datelor cu caracter personal ale utilizatorului \u00een conformitate cu legisla\u021bia \u00een vigoare a RM.<\/p>\n\n\n\n<p>6.2 \u00cen cazul pierderii sau divulg\u0103rii datelor confiden\u021biale ale Utilizatorului, magazinul online MoltoMobila nu este responsabil \u00een cazul pierderii sau divulg\u0103rii acestor date:<\/p>\n\n\n\n<p>6.2.1. A devenit disponibil publicului mai devreme;<\/p>\n\n\n\n<p>6.2.2 primite de la ter\u021bi \u00eenainte ca acestea s\u0103 fi fost primite de reprezentan\u021bii magazinului online MoltoMobila;<\/p>\n\n\n\n<p>6.2.3. au fost divulgate cu acordul utilizatorului;<\/p>\n\n\n\n<p>6.2.4. au fost ob\u021binute de ter\u021be p\u0103r\u021bi prin acces neautorizat la fi\u0219ierele Site-ului.<\/p>\n\n\n\n<p><strong>7. Dispozi\u021bii suplimentare<\/strong><\/p>\n\n\n\n<p>7.1 Magazinul online MoltoMobila \u00ee\u0219i rezerv\u0103 dreptul de a modifica dispozi\u021biile prezentei politici de confiden\u021bialitate f\u0103r\u0103 a ob\u021bine acordul utilizatorului.<\/p>\n\n\n\n<p>7.2 Noua politic\u0103 de confiden\u021bialitate intr\u0103 \u00een vigoare numai atunci c\u00e2nd este postat\u0103 pe site-ul Moltomobila.com<\/p>","protected":false},"excerpt":{"rendered":"<p>\u041f\u043e\u043b\u0438\u0442\u0438\u043a\u0430 \u043a\u043e\u043d\u0444\u0438\u0434\u0435\u043d\u0446\u0438\u0430\u043b\u044c\u043d\u043e\u0441\u0442\u0438 \u043f\u0435\u0440\u0441\u043e\u043d\u0430\u043b\u044c\u043d\u044b\u0445 \u0434\u0430\u043d\u043d\u044b\u0445 \u043f\u043e\u043b\u044c\u0437\u043e\u0432\u0430\u0442\u0435\u043b\u044f \u041d\u0430\u0441\u0442\u043e\u044f\u0449\u0430\u044f \u041f\u043e\u043b\u0438\u0442\u0438\u043a\u0430 \u043a\u043e\u043d\u0444\u0438\u0434\u0435\u043d\u0446\u0438\u0430\u043b\u044c\u043d\u043e\u0441\u0442\u0438 \u043f\u0435\u0440\u0441\u043e\u043d\u0430\u043b\u044c\u043d\u044b\u0445 \u0434\u0430\u043d\u043d\u044b\u0445 \u0434\u0435\u0439\u0441\u0442\u0432\u0443\u0435\u0442 \u0432\u00a0\u043e\u0442\u043d\u043e\u0448\u0435\u043d\u0438\u0438 \u0432\u0441\u0435\u0439 \u0438\u043d\u0444\u043e\u0440\u043c\u0430\u0446\u0438\u0438, \u043a\u043e\u0442\u043e\u0440\u0443\u044e \u0438\u043d\u0442\u0435\u0440\u043d\u0435\u0442-\u043c\u0430\u0433\u0430\u0437\u0438\u043d Moltomobila.com, \u0440\u0430\u0441\u043f\u043e\u043b\u043e\u0436\u0435\u043d\u043d\u044b\u0439 \u043d\u0430\u00a0\u0434\u043e\u043c\u0435\u043d\u043d\u043e\u043c \u0438\u043c\u0435\u043d\u0438\u00a0moltomobila.com\u00a0,<\/p>","protected":false},"author":1,"featured_media":0,"parent":0,"menu_order":0,"comment_status":"closed","ping_status":"closed","template":"","meta":{"_themeisle_gutenberg_block_has_review":false,"footnotes":""},"class_list":["post-79887","page","type-page","status-publish","hentry"],"_links":{"self":[{"href":"https:\/\/moltomobila.md\/ro\/wp-json\/wp\/v2\/pages\/79887","targetHints":{"allow":["GET"]}}],"collection":[{"href":"https:\/\/moltomobila.md\/ro\/wp-json\/wp\/v2\/pages"}],"about":[{"href":"https:\/\/moltomobila.md\/ro\/wp-json\/wp\/v2\/types\/page"}],"author":[{"embeddable":true,"href":"https:\/\/moltomobila.md\/ro\/wp-json\/wp\/v2\/users\/1"}],"replies":[{"embeddable":true,"href":"https:\/\/moltomobila.md\/ro\/wp-json\/wp\/v2\/comments?post=79887"}],"version-history":[{"count":4,"href":"https:\/\/moltomobila.md\/ro\/wp-json\/wp\/v2\/pages\/79887\/revisions"}],"predecessor-version":[{"id":82135,"href":"https:\/\/moltomobila.md\/ro\/wp-json\/wp\/v2\/pages\/79887\/revisions\/82135"}],"wp:attachment":[{"href":"https:\/\/moltomobila.md\/ro\/wp-json\/wp\/v2\/media?parent=79887"}],"curies":[{"name":"wp","href":"https:\/\/api.w.org\/{rel}","templated":true}]}}