{"id":15895,"date":"2023-12-04T10:13:12","date_gmt":"2023-12-04T08:13:12","guid":{"rendered":"https:\/\/mediumaquamarine-flamingo-502635.hostingersite.com\/?post_type=product&#038;p=15895"},"modified":"2024-03-26T22:37:47","modified_gmt":"2024-03-26T20:37:47","slug":"podves-micro-green","status":"publish","type":"product","link":"https:\/\/moltomobila.md\/ro\/produs\/podves-micro-green\/","title":{"rendered":"Pandantiv micro verde"},"content":{"rendered":"<p lang=\"ru\">Pandantivul Micro Green este o abordare modern\u0103 a corpului de iluminat. Cele trei plafoane cu o form\u0103 original\u0103, dr\u0103gu\u021b\u0103, care privesc \u00een direc\u021bii diferite pe picioare metalice, sunt \u00eempletite \u00eentre ele. Toate acestea creeaz\u0103 designul s\u0103u incredibil de interesant.<\/p>","protected":false},"excerpt":{"rendered":"<p>\u041f\u043e\u0434\u0432\u0435\u0441 Micro Green-\u0441\u043e\u0432\u0440\u0435\u043c\u0435\u043d\u043d\u044b\u0439 \u043e\u0431\u0440\u0430\u0437 \u0441\u0432\u0435\u0442\u0438\u043b\u044c\u043d\u0438\u043a\u0430. \u0415\u0433\u043e \u0442\u0440\u0438 \u043f\u043b\u0430\u0444\u043e\u043d\u0430 \u0432 \u043e\u0440\u0438\u0433\u0438\u043d\u0430\u043b\u044c\u043d\u043e\u0439, \u043c\u0438\u043b\u043e\u0439 \u0444\u043e\u0440\u043c\u0435, \u0441\u043c\u043e\u0442\u0440\u044f\u0449\u0438\u0435 \u0432 \u0440\u0430\u0437\u043d\u044b\u0435 \u0441\u0442\u043e\u0440\u043e\u043d\u044b \u043d\u0430\u0441\u0442\u0438\u043b\u044c\u043d\u044b\u0445 \u043d\u043e\u0436\u043a\u0430\u0445 \u0438\u0437 \u043c\u0435\u0442\u0430\u043b\u043b\u0430,<\/p>","protected":false},"featured_media":15896,"template":"","meta":{"_themeisle_gutenberg_block_has_review":false},"product_brand":[],"product_cat":[127,125,130,91],"product_tag":[],"class_list":{"0":"post-15895","1":"product","2":"type-product","3":"status-publish","4":"has-post-thumbnail","6":"product_cat-hranenie","7":"product_cat-gostinaya","8":"product_cat-domashnij-ofis","9":"product_cat-podvesy","11":"first","12":"instock","13":"shipping-taxable","14":"purchasable","15":"product-type-simple"},"_links":{"self":[{"href":"https:\/\/moltomobila.md\/ro\/wp-json\/wp\/v2\/product\/15895","targetHints":{"allow":["GET"]}}],"collection":[{"href":"https:\/\/moltomobila.md\/ro\/wp-json\/wp\/v2\/product"}],"about":[{"href":"https:\/\/moltomobila.md\/ro\/wp-json\/wp\/v2\/types\/product"}],"version-history":[{"count":1,"href":"https:\/\/moltomobila.md\/ro\/wp-json\/wp\/v2\/product\/15895\/revisions"}],"predecessor-version":[{"id":71171,"href":"https:\/\/moltomobila.md\/ro\/wp-json\/wp\/v2\/product\/15895\/revisions\/71171"}],"wp:featuredmedia":[{"embeddable":true,"href":"https:\/\/moltomobila.md\/ro\/wp-json\/wp\/v2\/media\/15896"}],"wp:attachment":[{"href":"https:\/\/moltomobila.md\/ro\/wp-json\/wp\/v2\/media?parent=15895"}],"wp:term":[{"taxonomy":"product_brand","embeddable":true,"href":"https:\/\/moltomobila.md\/ro\/wp-json\/wp\/v2\/product_brand?post=15895"},{"taxonomy":"product_cat","embeddable":true,"href":"https:\/\/moltomobila.md\/ro\/wp-json\/wp\/v2\/product_cat?post=15895"},{"taxonomy":"product_tag","embeddable":true,"href":"https:\/\/moltomobila.md\/ro\/wp-json\/wp\/v2\/product_tag?post=15895"}],"curies":[{"name":"wp","href":"https:\/\/api.w.org\/{rel}","templated":true}]}}