{"id":15997,"date":"2023-12-06T14:22:45","date_gmt":"2023-12-06T12:22:45","guid":{"rendered":"https:\/\/mediumaquamarine-flamingo-502635.hostingersite.com\/?post_type=product&#038;p=15997"},"modified":"2024-03-26T22:50:41","modified_gmt":"2024-03-26T20:50:41","slug":"lyustra-glass-black-smoky-grey","status":"publish","type":"product","link":"https:\/\/moltomobila.md\/ro\/produs\/lyustra-glass-black-smoky-grey\/","title":{"rendered":"STICL\u0102 CANDELABRU NEGRU\/GRI FUMURIU"},"content":{"rendered":"<p>Pentru o lung\u0103 perioad\u0103 de timp, designerul \u00abChandelier Glass\u00bb ocup\u0103 primele locuri \u00een toate listele de iluminat modern. \u0218i este bine meritat - \u00een interior arat\u0103 foarte elegant \u0219i armonios. Atrage imediat aten\u021bia.<br \/>\nForma sferic\u0103 a plafoanelor din sticl\u0103 reflect\u0103 aceea\u0219i geometrie atmosferic\u0103 a cadrului metalic. Ca urmare, corpul de iluminat nu este perceput ca fiind voluminos, \u00een ciuda dimensiunilor sale destul de impresionante. Dimpotriv\u0103, creeaz\u0103 o senza\u021bie de lejeritate \u0219i extinde vizual spa\u021biul. Aceast\u0103 culoare permite luminii umbrelor s\u0103 str\u0103luceasc\u0103 \u00eentr-un mod deosebit de elegant.<\/p>","protected":false},"excerpt":{"rendered":"<p>\u041d\u0430 \u043f\u0440\u043e\u0442\u044f\u0436\u0435\u043d\u0438\u0438 \u0434\u043b\u0438\u0442\u0435\u043b\u044c\u043d\u043e\u0433\u043e \u0432\u0440\u0435\u043c\u0435\u043d\u0438 \u0434\u0438\u0437\u0430\u0439\u043d\u0435\u0440\u0441\u043a\u0430\u044f \u00ab\u041b\u044e\u0441\u0442\u0440\u0430 Glass\u00bb \u0437\u0430\u043d\u0438\u043c\u0430\u0435\u0442 \u0442\u043e\u043f\u043e\u0432\u044b\u0435 \u043c\u0435\u0441\u0442\u0430 \u0432\u043e \u0432\u0441\u0435\u0445 \u0441\u043f\u0438\u0441\u043a\u0430\u0445 \u0441\u043e\u0432\u0440\u0435\u043c\u0435\u043d\u043d\u043e\u0433\u043e \u043e\u0441\u0432\u0435\u0449\u0435\u043d\u0438\u044f. \u0418 \u044d\u0442\u043e \u0432\u043f\u043e\u043b\u043d\u0435 \u0437\u0430\u0441\u043b\u0443\u0436\u0435\u043d\u043d\u043e \u2013<\/p>","protected":false},"featured_media":15998,"template":"","meta":{"_themeisle_gutenberg_block_has_review":false},"product_brand":[],"product_cat":[125,123,90,124,81],"product_tag":[],"class_list":{"0":"post-15997","1":"product","2":"type-product","3":"status-publish","4":"has-post-thumbnail","6":"product_cat-gostinaya","7":"product_cat-kuhnya","8":"product_cat-lyustry","9":"product_cat-stolovaya","10":"product_cat-osveshhenie","12":"first","13":"instock","14":"sale","15":"shipping-taxable","16":"purchasable","17":"product-type-simple"},"_links":{"self":[{"href":"https:\/\/moltomobila.md\/ro\/wp-json\/wp\/v2\/product\/15997","targetHints":{"allow":["GET"]}}],"collection":[{"href":"https:\/\/moltomobila.md\/ro\/wp-json\/wp\/v2\/product"}],"about":[{"href":"https:\/\/moltomobila.md\/ro\/wp-json\/wp\/v2\/types\/product"}],"version-history":[{"count":1,"href":"https:\/\/moltomobila.md\/ro\/wp-json\/wp\/v2\/product\/15997\/revisions"}],"predecessor-version":[{"id":71179,"href":"https:\/\/moltomobila.md\/ro\/wp-json\/wp\/v2\/product\/15997\/revisions\/71179"}],"wp:featuredmedia":[{"embeddable":true,"href":"https:\/\/moltomobila.md\/ro\/wp-json\/wp\/v2\/media\/15998"}],"wp:attachment":[{"href":"https:\/\/moltomobila.md\/ro\/wp-json\/wp\/v2\/media?parent=15997"}],"wp:term":[{"taxonomy":"product_brand","embeddable":true,"href":"https:\/\/moltomobila.md\/ro\/wp-json\/wp\/v2\/product_brand?post=15997"},{"taxonomy":"product_cat","embeddable":true,"href":"https:\/\/moltomobila.md\/ro\/wp-json\/wp\/v2\/product_cat?post=15997"},{"taxonomy":"product_tag","embeddable":true,"href":"https:\/\/moltomobila.md\/ro\/wp-json\/wp\/v2\/product_tag?post=15997"}],"curies":[{"name":"wp","href":"https:\/\/api.w.org\/{rel}","templated":true}]}}