{"id":16009,"date":"2023-12-06T15:02:05","date_gmt":"2023-12-06T13:02:05","guid":{"rendered":"https:\/\/mediumaquamarine-flamingo-502635.hostingersite.com\/?post_type=product&#038;p=16009"},"modified":"2024-03-26T22:53:57","modified_gmt":"2024-03-26T20:53:57","slug":"lyustra-bubbles-15p","status":"publish","type":"product","link":"https:\/\/moltomobila.md\/ro\/produs\/lyustra-bubbles-15p\/","title":{"rendered":"BUBBLES 15P CANDELABRU"},"content":{"rendered":"<p>Lampa de design Bubbles aminte\u0219te de bulele de s\u0103pun pe care ne pl\u0103cea s\u0103 le sufl\u0103m c\u00e2nd eram copii. Numai c\u0103 nu este deloc \u00abs\u0103pun\u00bb \u0219i nu inten\u021bioneaz\u0103 s\u0103 se sparg\u0103. Dar va at\u00e2rna mult timp \u0219i v\u0103 va \u00eenc\u00e2nta ochii. Plafonul este realizat din sticl\u0103, astfel \u00eenc\u00e2t s\u0103 creeze efectul - lejeritate, lejeritate.<\/p>","protected":false},"excerpt":{"rendered":"<p>\u0414\u0438\u0437\u0430\u0439\u043d\u0435\u0440\u0441\u043a\u0438\u0439 \u0441\u0432\u0435\u0442\u0438\u043b\u044c\u043d\u0438\u043a Bubbles \u043d\u0430\u043f\u043e\u043c\u0438\u043d\u0430\u0435\u0442 \u043c\u044b\u043b\u044c\u043d\u044b\u0439 \u043f\u0443\u0437\u044b\u0440\u044c, \u043a\u043e\u0442\u043e\u0440\u044b\u0439 \u0442\u0430\u043a \u043b\u044e\u0431\u0438\u043b\u0438 \u043f\u0443\u0441\u043a\u0430\u0442\u044c \u043c\u044b \u0432 \u0434\u0435\u0442\u0441\u0442\u0432\u0435. \u0422\u043e\u043b\u044c\u043a\u043e \u0441\u043e\u0432\u0441\u0435\u043c \u043e\u043d \u043d\u0435 &#171;\u043c\u044b\u043b\u044c\u043d\u044b\u0439&#187; \u0438 \u043b\u043e\u043f\u043d\u0443\u0442\u044c<\/p>","protected":false},"featured_media":16011,"template":"","meta":{"_themeisle_gutenberg_block_has_review":false},"product_brand":[],"product_cat":[125,123,90,124,81,126],"product_tag":[],"class_list":{"0":"post-16009","1":"product","2":"type-product","3":"status-publish","4":"has-post-thumbnail","6":"product_cat-gostinaya","7":"product_cat-kuhnya","8":"product_cat-lyustry","9":"product_cat-stolovaya","10":"product_cat-osveshhenie","11":"product_cat-spalnya","13":"first","14":"instock","15":"shipping-taxable","16":"purchasable","17":"product-type-simple"},"_links":{"self":[{"href":"https:\/\/moltomobila.md\/ro\/wp-json\/wp\/v2\/product\/16009","targetHints":{"allow":["GET"]}}],"collection":[{"href":"https:\/\/moltomobila.md\/ro\/wp-json\/wp\/v2\/product"}],"about":[{"href":"https:\/\/moltomobila.md\/ro\/wp-json\/wp\/v2\/types\/product"}],"version-history":[{"count":1,"href":"https:\/\/moltomobila.md\/ro\/wp-json\/wp\/v2\/product\/16009\/revisions"}],"predecessor-version":[{"id":71181,"href":"https:\/\/moltomobila.md\/ro\/wp-json\/wp\/v2\/product\/16009\/revisions\/71181"}],"wp:featuredmedia":[{"embeddable":true,"href":"https:\/\/moltomobila.md\/ro\/wp-json\/wp\/v2\/media\/16011"}],"wp:attachment":[{"href":"https:\/\/moltomobila.md\/ro\/wp-json\/wp\/v2\/media?parent=16009"}],"wp:term":[{"taxonomy":"product_brand","embeddable":true,"href":"https:\/\/moltomobila.md\/ro\/wp-json\/wp\/v2\/product_brand?post=16009"},{"taxonomy":"product_cat","embeddable":true,"href":"https:\/\/moltomobila.md\/ro\/wp-json\/wp\/v2\/product_cat?post=16009"},{"taxonomy":"product_tag","embeddable":true,"href":"https:\/\/moltomobila.md\/ro\/wp-json\/wp\/v2\/product_tag?post=16009"}],"curies":[{"name":"wp","href":"https:\/\/api.w.org\/{rel}","templated":true}]}}