{"id":16030,"date":"2023-12-06T15:41:12","date_gmt":"2023-12-06T13:41:12","guid":{"rendered":"https:\/\/mediumaquamarine-flamingo-502635.hostingersite.com\/?post_type=product&#038;p=16030"},"modified":"2024-03-26T22:55:40","modified_gmt":"2024-03-26T20:55:40","slug":"lyustra-led-rain","status":"publish","type":"product","link":"https:\/\/moltomobila.md\/ro\/produs\/lyustra-led-rain\/","title":{"rendered":"CONDUS CANDELABRU PLOAIE"},"content":{"rendered":"<p>Toat\u0103 lumea c\u00e2nd era copil \u00ee\u0219i dorea s\u0103 vad\u0103 o stea c\u0103z\u00e2nd din cer, a\u0219a c\u0103 candelabrul LED Rain este o c\u0103dere de stele! Arat\u0103 extrem de galactic \u0219i v\u0103 face s\u0103 v\u0103 dori\u021bi s\u0103 v\u0103 pune\u021bi o dorin\u021b\u0103. Designul s\u0103u perfect, gra\u021bios, cu urme mici de l\u0103mpi creeaz\u0103 o imagine incredibil de atractiv\u0103. Acesta va crea o atmosfer\u0103 incredibil\u0103 \u00een casa dvs.<\/p>","protected":false},"excerpt":{"rendered":"<p>\u041a\u0430\u0436\u0434\u044b\u0439 \u0432 \u0434\u0435\u0442\u0441\u0442\u0432\u0435 \u0445\u043e\u0442\u0435\u043b \u0443\u0432\u0438\u0434\u0435\u0442\u044c \u043f\u0430\u0434\u0430\u044e\u0449\u0443\u044e \u0441 \u043d\u0435\u0431\u0430 \u0437\u0432\u0435\u0437\u0434\u0443, \u0442\u0430\u043a \u0432\u043e\u0442, \u043b\u044e\u0441\u0442\u0440\u0430 LED Rain-\u044d\u0442\u043e \u0446\u0435\u043b\u044b\u0439 \u0437\u0432\u0435\u0437\u0434\u043e\u043f\u0430\u0434! \u0412\u044b\u0433\u043b\u044f\u0434\u0438\u0442 \u0447\u0440\u0435\u0437\u0432\u044b\u0447\u0430\u0439\u043d\u043e \u0433\u0430\u043b\u0430\u043a\u0442\u0438\u0447\u043d\u043e, \u0442\u0430\u043a<\/p>","protected":false},"featured_media":16031,"template":"","meta":{"_themeisle_gutenberg_block_has_review":false},"product_brand":[],"product_cat":[125,123,90,124,81,126],"product_tag":[],"class_list":{"0":"post-16030","1":"product","2":"type-product","3":"status-publish","4":"has-post-thumbnail","6":"product_cat-gostinaya","7":"product_cat-kuhnya","8":"product_cat-lyustry","9":"product_cat-stolovaya","10":"product_cat-osveshhenie","11":"product_cat-spalnya","13":"first","14":"instock","15":"shipping-taxable","16":"purchasable","17":"product-type-simple"},"_links":{"self":[{"href":"https:\/\/moltomobila.md\/ro\/wp-json\/wp\/v2\/product\/16030","targetHints":{"allow":["GET"]}}],"collection":[{"href":"https:\/\/moltomobila.md\/ro\/wp-json\/wp\/v2\/product"}],"about":[{"href":"https:\/\/moltomobila.md\/ro\/wp-json\/wp\/v2\/types\/product"}],"version-history":[{"count":1,"href":"https:\/\/moltomobila.md\/ro\/wp-json\/wp\/v2\/product\/16030\/revisions"}],"predecessor-version":[{"id":71184,"href":"https:\/\/moltomobila.md\/ro\/wp-json\/wp\/v2\/product\/16030\/revisions\/71184"}],"wp:featuredmedia":[{"embeddable":true,"href":"https:\/\/moltomobila.md\/ro\/wp-json\/wp\/v2\/media\/16031"}],"wp:attachment":[{"href":"https:\/\/moltomobila.md\/ro\/wp-json\/wp\/v2\/media?parent=16030"}],"wp:term":[{"taxonomy":"product_brand","embeddable":true,"href":"https:\/\/moltomobila.md\/ro\/wp-json\/wp\/v2\/product_brand?post=16030"},{"taxonomy":"product_cat","embeddable":true,"href":"https:\/\/moltomobila.md\/ro\/wp-json\/wp\/v2\/product_cat?post=16030"},{"taxonomy":"product_tag","embeddable":true,"href":"https:\/\/moltomobila.md\/ro\/wp-json\/wp\/v2\/product_tag?post=16030"}],"curies":[{"name":"wp","href":"https:\/\/api.w.org\/{rel}","templated":true}]}}