{"id":16064,"date":"2023-12-07T12:40:14","date_gmt":"2023-12-07T10:40:14","guid":{"rendered":"https:\/\/mediumaquamarine-flamingo-502635.hostingersite.com\/?post_type=product&#038;p=16064"},"modified":"2024-03-27T11:48:28","modified_gmt":"2024-03-27T09:48:28","slug":"podves-led-elision-rings-l120-d33","status":"publish","type":"product","link":"https:\/\/moltomobila.md\/ro\/produs\/podves-led-elision-rings-l120-d33\/","title":{"rendered":"PANDANTIV LED ELISION INELE L120 D33"},"content":{"rendered":"<p>Pandantivul Elision este o solu\u021bie elegant\u0103 de design care va ad\u0103uga un accent interiorului dvs. Arat\u0103 foarte neobi\u0219nuit \u0219i va atrage cu siguran\u021b\u0103 aten\u021bia.<\/p>","protected":false},"excerpt":{"rendered":"<p>Pandantivul Elision este o solu\u021bie elegant\u0103 de design care va ad\u0103uga un accent interiorului dvs. Arat\u0103 foarte neobi\u0219nuit \u0219i va atrage cu siguran\u021b\u0103 aten\u021bia.<\/p>","protected":false},"featured_media":16065,"template":"","meta":{"_themeisle_gutenberg_block_has_review":false},"product_brand":[],"product_cat":[125,90,124,81,91],"product_tag":[],"class_list":{"0":"post-16064","1":"product","2":"type-product","3":"status-publish","4":"has-post-thumbnail","6":"product_cat-gostinaya","7":"product_cat-lyustry","8":"product_cat-stolovaya","9":"product_cat-osveshhenie","10":"product_cat-podvesy","12":"first","13":"instock","14":"shipping-taxable","15":"purchasable","16":"product-type-simple"},"_links":{"self":[{"href":"https:\/\/moltomobila.md\/ro\/wp-json\/wp\/v2\/product\/16064","targetHints":{"allow":["GET"]}}],"collection":[{"href":"https:\/\/moltomobila.md\/ro\/wp-json\/wp\/v2\/product"}],"about":[{"href":"https:\/\/moltomobila.md\/ro\/wp-json\/wp\/v2\/types\/product"}],"version-history":[{"count":1,"href":"https:\/\/moltomobila.md\/ro\/wp-json\/wp\/v2\/product\/16064\/revisions"}],"predecessor-version":[{"id":71218,"href":"https:\/\/moltomobila.md\/ro\/wp-json\/wp\/v2\/product\/16064\/revisions\/71218"}],"wp:featuredmedia":[{"embeddable":true,"href":"https:\/\/moltomobila.md\/ro\/wp-json\/wp\/v2\/media\/16065"}],"wp:attachment":[{"href":"https:\/\/moltomobila.md\/ro\/wp-json\/wp\/v2\/media?parent=16064"}],"wp:term":[{"taxonomy":"product_brand","embeddable":true,"href":"https:\/\/moltomobila.md\/ro\/wp-json\/wp\/v2\/product_brand?post=16064"},{"taxonomy":"product_cat","embeddable":true,"href":"https:\/\/moltomobila.md\/ro\/wp-json\/wp\/v2\/product_cat?post=16064"},{"taxonomy":"product_tag","embeddable":true,"href":"https:\/\/moltomobila.md\/ro\/wp-json\/wp\/v2\/product_tag?post=16064"}],"curies":[{"name":"wp","href":"https:\/\/api.w.org\/{rel}","templated":true}]}}