{"id":16078,"date":"2023-12-07T12:53:32","date_gmt":"2023-12-07T10:53:32","guid":{"rendered":"https:\/\/mediumaquamarine-flamingo-502635.hostingersite.com\/?post_type=product&#038;p=16078"},"modified":"2023-12-07T12:53:32","modified_gmt":"2023-12-07T10:53:32","slug":"lyustra-led-nordic-moon-blackwhite-d50","status":"publish","type":"product","link":"https:\/\/moltomobila.md\/ro\/produs\/lyustra-led-nordic-moon-blackwhite-d50\/","title":{"rendered":"CANDELABRU LED NORDIC MOON BLACK&amp;WHITE D50"},"content":{"rendered":"<p>Ce a\u021bi visat c\u00e2nd era\u021bi copil? A\u021bi visat s\u0103 merge\u021bi pe Lun\u0103? Sau m\u0103car s\u0103 ai o bucat\u0103 din ea \u00een cas\u0103? Creatorii candelabrului Nordic Moon, evident c\u0103 da! \u0218i de\u0219i nu a\u021bi zburat \u00eenc\u0103 acolo, au \u00eencercat s\u0103 reproduc\u0103 acest satelit misterios al P\u0103m\u00e2ntului \u0219i cred c\u0103 au reu\u0219it! Candelabrul este conceput pentru a surprinde detaliile sale. Din orice parte te ui\u021bi la el, \u00ee\u0219i schimb\u0103 forma, absen\u021ba \u00abplafonchiki\u00bb \u00een anumite locuri, care aminte\u0219te at\u00e2t de mult de petele \u00eentunecate ale lunii. \u00cen general, arta este delicat\u0103, nu \u00eenceteaz\u0103 niciodat\u0103 s\u0103 uimeasc\u0103 \u0219i s\u0103 \u00eenc\u00e2nte.<\/p>","protected":false},"excerpt":{"rendered":"<p>\u041e \u0447\u0435\u043c \u0432\u044b \u043c\u0435\u0447\u0442\u0430\u043b\u0438 \u0432 \u0434\u0435\u0442\u0441\u0442\u0432\u0435? \u0410 \u043c\u0435\u0447\u0442\u0430\u043b\u0438 \u043b\u0438 \u0432\u044b \u043f\u043e\u043b\u0435\u0442\u0435\u0442\u044c \u043d\u0430 \u041b\u0443\u043d\u0443? \u0418\u043b\u0438 \u0445\u043e\u0442\u044f \u0431\u044b \u0438\u043c\u0435\u0442\u044c \u0435\u0433\u043e \u043a\u0443\u0441\u043e\u0447\u0435\u043a \u0432<\/p>","protected":false},"featured_media":16080,"template":"","meta":{"_themeisle_gutenberg_block_has_review":false},"product_brand":[],"product_cat":[90,81],"product_tag":[],"class_list":{"0":"post-16078","1":"product","2":"type-product","3":"status-publish","4":"has-post-thumbnail","6":"product_cat-lyustry","7":"product_cat-osveshhenie","9":"first","10":"instock","11":"shipping-taxable","12":"purchasable","13":"product-type-simple"},"_links":{"self":[{"href":"https:\/\/moltomobila.md\/ro\/wp-json\/wp\/v2\/product\/16078","targetHints":{"allow":["GET"]}}],"collection":[{"href":"https:\/\/moltomobila.md\/ro\/wp-json\/wp\/v2\/product"}],"about":[{"href":"https:\/\/moltomobila.md\/ro\/wp-json\/wp\/v2\/types\/product"}],"version-history":[{"count":0,"href":"https:\/\/moltomobila.md\/ro\/wp-json\/wp\/v2\/product\/16078\/revisions"}],"wp:featuredmedia":[{"embeddable":true,"href":"https:\/\/moltomobila.md\/ro\/wp-json\/wp\/v2\/media\/16080"}],"wp:attachment":[{"href":"https:\/\/moltomobila.md\/ro\/wp-json\/wp\/v2\/media?parent=16078"}],"wp:term":[{"taxonomy":"product_brand","embeddable":true,"href":"https:\/\/moltomobila.md\/ro\/wp-json\/wp\/v2\/product_brand?post=16078"},{"taxonomy":"product_cat","embeddable":true,"href":"https:\/\/moltomobila.md\/ro\/wp-json\/wp\/v2\/product_cat?post=16078"},{"taxonomy":"product_tag","embeddable":true,"href":"https:\/\/moltomobila.md\/ro\/wp-json\/wp\/v2\/product_tag?post=16078"}],"curies":[{"name":"wp","href":"https:\/\/api.w.org\/{rel}","templated":true}]}}