{"id":16086,"date":"2023-12-07T12:54:29","date_gmt":"2023-12-07T10:54:29","guid":{"rendered":"https:\/\/mediumaquamarine-flamingo-502635.hostingersite.com\/?post_type=product&#038;p=16086"},"modified":"2023-12-07T13:18:05","modified_gmt":"2023-12-07T11:18:05","slug":"lyustra-chandilier-silver-d80-h60","status":"publish","type":"product","link":"https:\/\/moltomobila.md\/ro\/produs\/lyustra-chandilier-silver-d80-h60\/","title":{"rendered":"CANDELABRU CHANDILIER ARGINT D80\/H60"},"content":{"rendered":"<p>Candelabrul este unul dintre primele candelabre din istoria omenirii! \u00cen loc de becuri, lum\u00e2n\u0103rile inserate luminau camera, iar aplicele erau tor\u021be pe perete, v\u0103 imagina\u021bi? Cel mai uimitor lucru este c\u0103, de\u0219i cost\u0103 at\u00e2t de mult, acest candelabru nu \u00ee\u0219i pierde relevan\u021ba datorit\u0103 elegan\u021bei formelor \u0219i frumuse\u021bii designului. V\u0103 pute\u021bi da seama de acest lucru doar privindu-l - un clasic al tuturor timpurilor! \u0218i dac\u0103 \u00een trecut doar regii \u0219i-l puteau permite, ast\u0103zi o pute\u021bi face \u0219i corecta.<\/p>","protected":false},"excerpt":{"rendered":"<p>\u041b\u044e\u0441\u0442\u0440\u0430 Chandelier \u044f\u0432\u043b\u044f\u0435\u0442\u0441\u044f \u043e\u0434\u043d\u043e\u0439 \u0438\u0437 \u043f\u0435\u0440\u0432\u044b\u0445 \u043b\u044e\u0441\u0442\u0440 \u0432 \u0438\u0441\u0442\u043e\u0440\u0438\u0438 \u0447\u0435\u043b\u043e\u0432\u0435\u0447\u0435\u0441\u0442\u0432\u0430! \u0412\u043c\u0435\u0441\u0442\u043e \u043b\u0430\u043c\u043f\u043e\u0447\u0435\u043a \u043e\u0441\u0432\u0435\u0449\u0430\u043b\u0438 \u043f\u043e\u043c\u0435\u0449\u0435\u043d\u0438\u0435 \u0432\u0441\u0442\u0430\u0432\u043b\u0435\u043d\u043d\u044b\u0435 \u0441\u0432\u0435\u0447\u0438, \u0430 \u0431\u0440\u0430 \u2013 \u044d\u0442\u043e<\/p>","protected":false},"featured_media":16114,"template":"","meta":{"_themeisle_gutenberg_block_has_review":false},"product_brand":[],"product_cat":[90,81],"product_tag":[],"class_list":{"0":"post-16086","1":"product","2":"type-product","3":"status-publish","4":"has-post-thumbnail","6":"product_cat-lyustry","7":"product_cat-osveshhenie","9":"first","10":"instock","11":"sale","12":"shipping-taxable","13":"purchasable","14":"product-type-simple"},"_links":{"self":[{"href":"https:\/\/moltomobila.md\/ro\/wp-json\/wp\/v2\/product\/16086","targetHints":{"allow":["GET"]}}],"collection":[{"href":"https:\/\/moltomobila.md\/ro\/wp-json\/wp\/v2\/product"}],"about":[{"href":"https:\/\/moltomobila.md\/ro\/wp-json\/wp\/v2\/types\/product"}],"version-history":[{"count":0,"href":"https:\/\/moltomobila.md\/ro\/wp-json\/wp\/v2\/product\/16086\/revisions"}],"wp:featuredmedia":[{"embeddable":true,"href":"https:\/\/moltomobila.md\/ro\/wp-json\/wp\/v2\/media\/16114"}],"wp:attachment":[{"href":"https:\/\/moltomobila.md\/ro\/wp-json\/wp\/v2\/media?parent=16086"}],"wp:term":[{"taxonomy":"product_brand","embeddable":true,"href":"https:\/\/moltomobila.md\/ro\/wp-json\/wp\/v2\/product_brand?post=16086"},{"taxonomy":"product_cat","embeddable":true,"href":"https:\/\/moltomobila.md\/ro\/wp-json\/wp\/v2\/product_cat?post=16086"},{"taxonomy":"product_tag","embeddable":true,"href":"https:\/\/moltomobila.md\/ro\/wp-json\/wp\/v2\/product_tag?post=16086"}],"curies":[{"name":"wp","href":"https:\/\/api.w.org\/{rel}","templated":true}]}}