{"id":16092,"date":"2023-12-07T13:05:30","date_gmt":"2023-12-07T11:05:30","guid":{"rendered":"https:\/\/mediumaquamarine-flamingo-502635.hostingersite.com\/?post_type=product&#038;p=16092"},"modified":"2023-12-07T13:05:30","modified_gmt":"2023-12-07T11:05:30","slug":"lyustra-led-black-gold-l137-9p","status":"publish","type":"product","link":"https:\/\/moltomobila.md\/ro\/produs\/lyustra-led-black-gold-l137-9p\/","title":{"rendered":"CANDELABRU LED NEGRU \/ AUR L137 9P"},"content":{"rendered":"<p>Minimalism \u0219i stil, candelabrul se potrive\u0219te perfect \u00een interior pur \u0219i simplu hipnotiz\u00e2nd cu designul s\u0103u elegant. Arat\u0103 cool \u0219i, \u00een acela\u0219i timp, ofer\u0103 confort.<\/p>","protected":false},"excerpt":{"rendered":"<p>\u041c\u0438\u043d\u0438\u043c\u0430\u043b\u0438\u0437\u043c \u0438 \u0441\u0442\u0438\u043b\u044c, \u043b\u044e\u0441\u0442\u0440\u0430 \u043e\u0442\u043b\u0438\u0447\u043d\u043e \u0432\u043f\u0438\u0448\u0435\u0442\u0441\u044f \u0432 \u0438\u043d\u0442\u0435\u0440\u044c\u0435\u0440\u0435 \u043f\u0440\u043e\u0441\u0442\u043e \u0437\u0430\u0432\u043e\u0440\u0430\u0436\u0438\u0432\u0430\u0435\u0442 \u0441\u0432\u043e\u0438\u043c \u0438\u0437\u044f\u0449\u043d\u044b\u043c \u0434\u0438\u0437\u0430\u0439\u043d\u043e\u043c. \u0412\u044b\u0433\u043b\u044f\u0434\u0438\u0442 \u043a\u0440\u0443\u0442\u043e \u0438 \u0432 \u0442\u043e \u0436\u0435 \u0432\u0440\u0435\u043c\u044f<\/p>","protected":false},"featured_media":16093,"template":"","meta":{"_themeisle_gutenberg_block_has_review":false},"product_brand":[],"product_cat":[90,81],"product_tag":[],"class_list":{"0":"post-16092","1":"product","2":"type-product","3":"status-publish","4":"has-post-thumbnail","6":"product_cat-lyustry","7":"product_cat-osveshhenie","9":"first","10":"instock","11":"shipping-taxable","12":"purchasable","13":"product-type-simple"},"_links":{"self":[{"href":"https:\/\/moltomobila.md\/ro\/wp-json\/wp\/v2\/product\/16092","targetHints":{"allow":["GET"]}}],"collection":[{"href":"https:\/\/moltomobila.md\/ro\/wp-json\/wp\/v2\/product"}],"about":[{"href":"https:\/\/moltomobila.md\/ro\/wp-json\/wp\/v2\/types\/product"}],"version-history":[{"count":0,"href":"https:\/\/moltomobila.md\/ro\/wp-json\/wp\/v2\/product\/16092\/revisions"}],"wp:featuredmedia":[{"embeddable":true,"href":"https:\/\/moltomobila.md\/ro\/wp-json\/wp\/v2\/media\/16093"}],"wp:attachment":[{"href":"https:\/\/moltomobila.md\/ro\/wp-json\/wp\/v2\/media?parent=16092"}],"wp:term":[{"taxonomy":"product_brand","embeddable":true,"href":"https:\/\/moltomobila.md\/ro\/wp-json\/wp\/v2\/product_brand?post=16092"},{"taxonomy":"product_cat","embeddable":true,"href":"https:\/\/moltomobila.md\/ro\/wp-json\/wp\/v2\/product_cat?post=16092"},{"taxonomy":"product_tag","embeddable":true,"href":"https:\/\/moltomobila.md\/ro\/wp-json\/wp\/v2\/product_tag?post=16092"}],"curies":[{"name":"wp","href":"https:\/\/api.w.org\/{rel}","templated":true}]}}