{"id":16129,"date":"2023-12-07T13:31:16","date_gmt":"2023-12-07T11:31:16","guid":{"rendered":"https:\/\/mediumaquamarine-flamingo-502635.hostingersite.com\/?post_type=product&#038;p=16129"},"modified":"2023-12-07T13:40:10","modified_gmt":"2023-12-07T11:40:10","slug":"lyustra-led-d90-h54sm","status":"publish","type":"product","link":"https:\/\/moltomobila.md\/ro\/produs\/lyustra-led-d90-h54sm\/","title":{"rendered":"CANDELABRU LED D90 H54CM"},"content":{"rendered":"<p>Ce p\u0103rere ave\u021bi despre candelabrul Candelabra \u00eentr-un design modern cu iluminare LED? Cred c\u0103 este minunat! Multe lucruri care au avut succes \u00een secolele trecute sunt modernizate \u0219i ne sunt oferite \u00een secolul XXI, ceea ce nu poate dec\u00e2t s\u0103 ne bucure, partea de trecut a supravie\u021buit deja prezentului. Iat\u0103-l, candelabrul LED, \u00eentr-o versiune nou\u0103, modern\u0103, luminoas\u0103 Becurile LED sunt realizate sub form\u0103 de lum\u00e2n\u0103ri \u00een trei planuri, f\u0103c\u00e2nd candelabrul care, de asemenea, arat\u0103 chic, \u00abScump\u00bb \u0219i nu inferior originalului antic.<\/p>","protected":false},"excerpt":{"rendered":"<p>\u0410 \u043a\u0430\u043a \u0432\u0430\u043c \u043b\u044e\u0441\u0442\u0440\u0430-\u041a\u0430\u043d\u0434\u0435\u043b\u044f\u0431\u0440\u0435 \u0432 \u043c\u043e\u0434\u0435\u0440\u043d \u0438\u0441\u043f\u043e\u043b\u043d\u0435\u043d\u0438\u0438 \u0435\u0449\u0435 \u0438 \u0441\u043e \u0441\u0432\u0435\u0442\u043e\u0434\u0438\u043e\u0434\u043d\u044b\u043c \u0441\u0432\u0435\u0447\u0435\u043d\u0438\u0435\u043c? \u041a\u0430\u043a \u043f\u043e \u043c\u043d\u0435, \u0437\u0430\u043c\u0435\u0447\u0430\u0442\u0435\u043b\u044c\u043d\u043e! \u041c\u043d\u043e\u0433\u0438\u0435 \u0432\u0435\u0449\u0438, \u043a\u043e\u0442\u043e\u0440\u044b\u0435 \u0438\u043c\u0435\u043b\u0438<\/p>","protected":false},"featured_media":16130,"template":"","meta":{"_themeisle_gutenberg_block_has_review":false},"product_brand":[],"product_cat":[90,81],"product_tag":[],"class_list":{"0":"post-16129","1":"product","2":"type-product","3":"status-publish","4":"has-post-thumbnail","6":"product_cat-lyustry","7":"product_cat-osveshhenie","9":"first","10":"instock","11":"shipping-taxable","12":"purchasable","13":"product-type-simple"},"_links":{"self":[{"href":"https:\/\/moltomobila.md\/ro\/wp-json\/wp\/v2\/product\/16129","targetHints":{"allow":["GET"]}}],"collection":[{"href":"https:\/\/moltomobila.md\/ro\/wp-json\/wp\/v2\/product"}],"about":[{"href":"https:\/\/moltomobila.md\/ro\/wp-json\/wp\/v2\/types\/product"}],"version-history":[{"count":0,"href":"https:\/\/moltomobila.md\/ro\/wp-json\/wp\/v2\/product\/16129\/revisions"}],"wp:featuredmedia":[{"embeddable":true,"href":"https:\/\/moltomobila.md\/ro\/wp-json\/wp\/v2\/media\/16130"}],"wp:attachment":[{"href":"https:\/\/moltomobila.md\/ro\/wp-json\/wp\/v2\/media?parent=16129"}],"wp:term":[{"taxonomy":"product_brand","embeddable":true,"href":"https:\/\/moltomobila.md\/ro\/wp-json\/wp\/v2\/product_brand?post=16129"},{"taxonomy":"product_cat","embeddable":true,"href":"https:\/\/moltomobila.md\/ro\/wp-json\/wp\/v2\/product_cat?post=16129"},{"taxonomy":"product_tag","embeddable":true,"href":"https:\/\/moltomobila.md\/ro\/wp-json\/wp\/v2\/product_tag?post=16129"}],"curies":[{"name":"wp","href":"https:\/\/api.w.org\/{rel}","templated":true}]}}