{"id":16145,"date":"2023-12-07T14:14:48","date_gmt":"2023-12-07T12:14:48","guid":{"rendered":"https:\/\/mediumaquamarine-flamingo-502635.hostingersite.com\/?post_type=product&#038;p=16145"},"modified":"2023-12-07T14:14:48","modified_gmt":"2023-12-07T12:14:48","slug":"lyustra-led-birds-6p-l92-h70","status":"publish","type":"product","link":"https:\/\/moltomobila.md\/ro\/produs\/lyustra-led-birds-6p-l92-h70\/","title":{"rendered":"CANDELABRU LED P\u0102S\u0102RI 6P L92\/H70"},"content":{"rendered":"<p>Luminile de design LED Birds au c\u00e2\u0219tigat inimile multora. Combina\u021bia de auriu \u0219i alb \u00een interior este o atmosfer\u0103 eteric\u0103 \u00een care luxul este natural \u0219i nu f\u0103cut de om, chiar \u0219i locuitorii unui astfel de interior \u00eencep s\u0103 idealizeze. Lejeritatea culorii \u0219i libertatea unei p\u0103s\u0103ri sunt perfect \u00eempletite \u00een candelabrul Birds. Chic, delicat, pur, nu-\u021bi ia ochii de la el \u0219i te cheam\u0103.<\/p>","protected":false},"excerpt":{"rendered":"<p>\u0414\u0438\u0437\u0430\u0439\u043d\u0435\u0440\u0441\u043a\u0438\u0435 \u0441\u0432\u0435\u0442\u0438\u043b\u044c\u043d\u0438\u043a\u0438 LED Birds \u043f\u043e\u043a\u043e\u0440\u0438\u043b\u0438 \u0441\u0435\u0440\u0434\u0446\u0430 \u043c\u043d\u043e\u0433\u0438\u0445. \u0421\u043e\u0447\u0435\u0442\u0430\u043d\u0438\u0435 \u0437\u043e\u043b\u043e\u0442\u043e\u0433\u043e \u0446\u0432\u0435\u0442\u0430 \u0441 \u0431\u0435\u043b\u044b\u043c \u0432 \u0438\u043d\u0442\u0435\u0440\u044c\u0435\u0440\u0435 &#8212; \u044d\u0442\u043e \u043d\u0435\u0437\u0435\u043c\u043d\u0430\u044f \u0430\u0442\u043c\u043e\u0441\u0444\u0435\u0440\u0430, \u0433\u0434\u0435 \u0440\u043e\u0441\u043a\u043e\u0448\u044c<\/p>","protected":false},"featured_media":16146,"template":"","meta":{"_themeisle_gutenberg_block_has_review":false},"product_brand":[],"product_cat":[90,81],"product_tag":[],"class_list":{"0":"post-16145","1":"product","2":"type-product","3":"status-publish","4":"has-post-thumbnail","6":"product_cat-lyustry","7":"product_cat-osveshhenie","9":"first","10":"instock","11":"sale","12":"shipping-taxable","13":"purchasable","14":"product-type-simple"},"_links":{"self":[{"href":"https:\/\/moltomobila.md\/ro\/wp-json\/wp\/v2\/product\/16145","targetHints":{"allow":["GET"]}}],"collection":[{"href":"https:\/\/moltomobila.md\/ro\/wp-json\/wp\/v2\/product"}],"about":[{"href":"https:\/\/moltomobila.md\/ro\/wp-json\/wp\/v2\/types\/product"}],"version-history":[{"count":0,"href":"https:\/\/moltomobila.md\/ro\/wp-json\/wp\/v2\/product\/16145\/revisions"}],"wp:featuredmedia":[{"embeddable":true,"href":"https:\/\/moltomobila.md\/ro\/wp-json\/wp\/v2\/media\/16146"}],"wp:attachment":[{"href":"https:\/\/moltomobila.md\/ro\/wp-json\/wp\/v2\/media?parent=16145"}],"wp:term":[{"taxonomy":"product_brand","embeddable":true,"href":"https:\/\/moltomobila.md\/ro\/wp-json\/wp\/v2\/product_brand?post=16145"},{"taxonomy":"product_cat","embeddable":true,"href":"https:\/\/moltomobila.md\/ro\/wp-json\/wp\/v2\/product_cat?post=16145"},{"taxonomy":"product_tag","embeddable":true,"href":"https:\/\/moltomobila.md\/ro\/wp-json\/wp\/v2\/product_tag?post=16145"}],"curies":[{"name":"wp","href":"https:\/\/api.w.org\/{rel}","templated":true}]}}