{"id":16161,"date":"2023-12-07T14:22:29","date_gmt":"2023-12-07T12:22:29","guid":{"rendered":"https:\/\/mediumaquamarine-flamingo-502635.hostingersite.com\/?post_type=product&#038;p=16161"},"modified":"2023-12-07T14:24:57","modified_gmt":"2023-12-07T12:24:57","slug":"lyustra-bubbles-black-d45-9p","status":"publish","type":"product","link":"https:\/\/moltomobila.md\/ro\/produs\/lyustra-bubbles-black-d45-9p\/","title":{"rendered":"BUBBLES NEGRU CANDELABRU D45 9P"},"content":{"rendered":"<p>Candelabrul Bubbles White este cu adev\u0103rat o oper\u0103 de art\u0103! C\u00e2nd v\u0103 uita\u021bi la el, alte obiecte nu au nicio \u0219ans\u0103 - toat\u0103 aten\u021bia dumneavoastr\u0103 va fi absorbit\u0103 de el. Acest candelabru nu poate sta \u00eentr-o camer\u0103 mediocr\u0103 - este f\u0103cut pentru design \u0219i frumuse\u021be excep\u021bionale. Dac\u0103 sunte\u021bi \u00een c\u0103utarea unui design incredibil cu elemente exclusive - atunci ar trebui s\u0103 merge\u021bi cu siguran\u021b\u0103 pentru el! Arat\u0103 cool \u00een multe interioare, creeaz\u0103 imaginea unei mul\u021bime de bule de s\u0103pun \u0219i v\u0103 scufund\u0103 \u00eentr-un basm - ve\u021bi fi mul\u021bumi\u021bi.<\/p>","protected":false},"excerpt":{"rendered":"<p>\u041b\u044e\u0441\u0442\u0440\u0430 Bubbles White-\u043f\u043e\u0438\u0441\u0442\u0438\u043d\u0435 \u043f\u0440\u043e\u0438\u0437\u0432\u0435\u0434\u0435\u043d\u0438\u0435 \u0438\u0441\u043a\u0443\u0441\u0441\u0442\u0432\u0430! \u0413\u043b\u044f\u0434\u044f \u043d\u0430 \u043d\u0435\u0435, \u0434\u0440\u0443\u0433\u0438\u043c \u043f\u0440\u0435\u0434\u043c\u0435\u0442\u0430\u043c \u043f\u0440\u043e\u0441\u0442\u043e \u043d\u0435 \u043e\u0441\u0442\u0430\u0435\u0442\u0441\u044f \u0448\u0430\u043d\u0441\u0430 \u2013 \u0432\u0441\u0435 \u0432\u043d\u0438\u043c\u0430\u043d\u0438\u0435 \u0431\u0443\u0434\u0435\u0442 \u043f\u043e\u0433\u043b\u043e\u0449\u0435\u043d\u043e \u0435\u044e.<\/p>","protected":false},"featured_media":16162,"template":"","meta":{"_themeisle_gutenberg_block_has_review":false},"product_brand":[],"product_cat":[90,81],"product_tag":[],"class_list":{"0":"post-16161","1":"product","2":"type-product","3":"status-publish","4":"has-post-thumbnail","6":"product_cat-lyustry","7":"product_cat-osveshhenie","9":"first","10":"instock","11":"sale","12":"shipping-taxable","13":"purchasable","14":"product-type-simple"},"_links":{"self":[{"href":"https:\/\/moltomobila.md\/ro\/wp-json\/wp\/v2\/product\/16161","targetHints":{"allow":["GET"]}}],"collection":[{"href":"https:\/\/moltomobila.md\/ro\/wp-json\/wp\/v2\/product"}],"about":[{"href":"https:\/\/moltomobila.md\/ro\/wp-json\/wp\/v2\/types\/product"}],"version-history":[{"count":0,"href":"https:\/\/moltomobila.md\/ro\/wp-json\/wp\/v2\/product\/16161\/revisions"}],"wp:featuredmedia":[{"embeddable":true,"href":"https:\/\/moltomobila.md\/ro\/wp-json\/wp\/v2\/media\/16162"}],"wp:attachment":[{"href":"https:\/\/moltomobila.md\/ro\/wp-json\/wp\/v2\/media?parent=16161"}],"wp:term":[{"taxonomy":"product_brand","embeddable":true,"href":"https:\/\/moltomobila.md\/ro\/wp-json\/wp\/v2\/product_brand?post=16161"},{"taxonomy":"product_cat","embeddable":true,"href":"https:\/\/moltomobila.md\/ro\/wp-json\/wp\/v2\/product_cat?post=16161"},{"taxonomy":"product_tag","embeddable":true,"href":"https:\/\/moltomobila.md\/ro\/wp-json\/wp\/v2\/product_tag?post=16161"}],"curies":[{"name":"wp","href":"https:\/\/api.w.org\/{rel}","templated":true}]}}