{"id":16164,"date":"2023-12-07T14:45:28","date_gmt":"2023-12-07T12:45:28","guid":{"rendered":"https:\/\/mediumaquamarine-flamingo-502635.hostingersite.com\/?post_type=product&#038;p=16164"},"modified":"2023-12-07T14:45:28","modified_gmt":"2023-12-07T12:45:28","slug":"lyustra-bubbles-d75-37p","status":"publish","type":"product","link":"https:\/\/moltomobila.md\/ro\/produs\/lyustra-bubbles-d75-37p\/","title":{"rendered":"BUBBLES CANDELABRU D75 37P"},"content":{"rendered":"<p>Candelabrul Bubbles este o adev\u0103rat\u0103 oper\u0103 de art\u0103! Privind-o, alte obiecte pur \u0219i simplu nu au nicio \u0219ans\u0103 - toat\u0103 aten\u021bia va fi \u00eendreptat\u0103 spre ea. Un astfel de candelabru nu poate sta \u00een camerele din mijloc - este creat pentru un design deosebit \u0219i frumuse\u021be. Dac\u0103 te duci neumovirnymi design cu elemente exclusive-todi cu siguranta pentru ea! Arat\u0103 cool \u00een multe inter'ers, creeaz\u0103 imaginea unui num\u0103r mare de bulbashki dr\u0103gu\u021b \u0219i plictisitor \u00een kazku - vei fi mul\u021bumit.<\/p>","protected":false},"excerpt":{"rendered":"<p>\u041b\u044e\u0441\u0442\u0440\u0430 Bubbles &#8212; \u0432\u043e\u0456\u0441\u0442\u0438\u043d\u0443 \u0432\u0438\u0442\u0432\u0456\u0440 \u043c\u0438\u0441\u0442\u0435\u0446\u0442\u0432\u0430! \u0414\u0438\u0432\u043b\u044f\u0447\u0438\u0441\u044c \u043d\u0430 \u043d\u0435\u0457, \u0456\u043d\u0448\u0438\u043c \u043f\u0440\u0435\u0434\u043c\u0435\u0442\u0430\u043c \u043f\u0440\u043e\u0441\u0442\u043e \u043d\u0435 \u0437\u0430\u043b\u0438\u0448\u0430\u0454\u0442\u044c\u0441\u044f \u0448\u0430\u043d\u0441\u0443 \u2013 \u0432\u0441\u044f \u0443\u0432\u0430\u0433\u0430 \u0431\u0443\u0434\u0435 \u043f\u043e\u0433\u043b\u0438\u043d\u0435\u043d\u0430<\/p>","protected":false},"featured_media":16165,"template":"","meta":{"_themeisle_gutenberg_block_has_review":false},"product_brand":[],"product_cat":[90,81],"product_tag":[],"class_list":{"0":"post-16164","1":"product","2":"type-product","3":"status-publish","4":"has-post-thumbnail","6":"product_cat-lyustry","7":"product_cat-osveshhenie","9":"first","10":"instock","11":"sale","12":"shipping-taxable","13":"purchasable","14":"product-type-simple"},"_links":{"self":[{"href":"https:\/\/moltomobila.md\/ro\/wp-json\/wp\/v2\/product\/16164","targetHints":{"allow":["GET"]}}],"collection":[{"href":"https:\/\/moltomobila.md\/ro\/wp-json\/wp\/v2\/product"}],"about":[{"href":"https:\/\/moltomobila.md\/ro\/wp-json\/wp\/v2\/types\/product"}],"version-history":[{"count":0,"href":"https:\/\/moltomobila.md\/ro\/wp-json\/wp\/v2\/product\/16164\/revisions"}],"wp:featuredmedia":[{"embeddable":true,"href":"https:\/\/moltomobila.md\/ro\/wp-json\/wp\/v2\/media\/16165"}],"wp:attachment":[{"href":"https:\/\/moltomobila.md\/ro\/wp-json\/wp\/v2\/media?parent=16164"}],"wp:term":[{"taxonomy":"product_brand","embeddable":true,"href":"https:\/\/moltomobila.md\/ro\/wp-json\/wp\/v2\/product_brand?post=16164"},{"taxonomy":"product_cat","embeddable":true,"href":"https:\/\/moltomobila.md\/ro\/wp-json\/wp\/v2\/product_cat?post=16164"},{"taxonomy":"product_tag","embeddable":true,"href":"https:\/\/moltomobila.md\/ro\/wp-json\/wp\/v2\/product_tag?post=16164"}],"curies":[{"name":"wp","href":"https:\/\/api.w.org\/{rel}","templated":true}]}}