{"id":16170,"date":"2023-12-07T14:49:42","date_gmt":"2023-12-07T12:49:42","guid":{"rendered":"https:\/\/mediumaquamarine-flamingo-502635.hostingersite.com\/?post_type=product&#038;p=16170"},"modified":"2023-12-07T14:49:43","modified_gmt":"2023-12-07T12:49:43","slug":"lyustra-sonstellation-gold-6p","status":"publish","type":"product","link":"https:\/\/moltomobila.md\/ro\/produs\/lyustra-sonstellation-gold-6p\/","title":{"rendered":"CANDELABRU CONSTELA\u021aIE DE AUR 6P"},"content":{"rendered":"<p>Ad\u0103uga\u021bi o not\u0103 de dezinvoltur\u0103 interiorului dvs.? Da, da, este vorba despre candelabrul Constellation. Aceast\u0103 solu\u021bie de design elegant v\u0103 va cufunda \u00eentr-un mediu relaxant, la propriu.<\/p>","protected":false},"excerpt":{"rendered":"<p>\u0414\u043e\u0431\u0430\u0432\u0438\u043c \u043d\u043e\u0442\u043a\u0443 \u043d\u0435\u043f\u0440\u0438\u043d\u0443\u0436\u0434\u0435\u043d\u043d\u043e\u0441\u0442\u0438 \u0432 \u0432\u0430\u0448 \u0438\u043d\u0442\u0435\u0440\u044c\u0435\u0440? \u0414\u0430-\u0434\u0430, \u044d\u0442\u043e \u0438\u043c\u0435\u043d\u043d\u043e \u043f\u0440\u043e \u043b\u044e\u0441\u0442\u0440\u0443 Constellation. \u042d\u043b\u0435\u0433\u0430\u043d\u0442\u043d\u043e\u0435 \u0434\u0438\u0437\u0430\u0439\u043d\u0435\u0440\u0441\u043a\u043e\u0435 \u0440\u0435\u0448\u0435\u043d\u0438\u0435 \u043f\u043e\u0433\u0440\u0443\u0437\u0438\u0442 \u0432\u0430\u0441 \u0432 \u0440\u0430\u0441\u0441\u043b\u0430\u0431\u043b\u044f\u044e\u0449\u0443\u044e \u043e\u0431\u0441\u0442\u0430\u043d\u043e\u0432\u043a\u0443<\/p>","protected":false},"featured_media":16171,"template":"","meta":{"_themeisle_gutenberg_block_has_review":false},"product_brand":[],"product_cat":[90,81],"product_tag":[],"class_list":{"0":"post-16170","1":"product","2":"type-product","3":"status-publish","4":"has-post-thumbnail","6":"product_cat-lyustry","7":"product_cat-osveshhenie","9":"first","10":"instock","11":"shipping-taxable","12":"purchasable","13":"product-type-simple"},"_links":{"self":[{"href":"https:\/\/moltomobila.md\/ro\/wp-json\/wp\/v2\/product\/16170","targetHints":{"allow":["GET"]}}],"collection":[{"href":"https:\/\/moltomobila.md\/ro\/wp-json\/wp\/v2\/product"}],"about":[{"href":"https:\/\/moltomobila.md\/ro\/wp-json\/wp\/v2\/types\/product"}],"version-history":[{"count":0,"href":"https:\/\/moltomobila.md\/ro\/wp-json\/wp\/v2\/product\/16170\/revisions"}],"wp:featuredmedia":[{"embeddable":true,"href":"https:\/\/moltomobila.md\/ro\/wp-json\/wp\/v2\/media\/16171"}],"wp:attachment":[{"href":"https:\/\/moltomobila.md\/ro\/wp-json\/wp\/v2\/media?parent=16170"}],"wp:term":[{"taxonomy":"product_brand","embeddable":true,"href":"https:\/\/moltomobila.md\/ro\/wp-json\/wp\/v2\/product_brand?post=16170"},{"taxonomy":"product_cat","embeddable":true,"href":"https:\/\/moltomobila.md\/ro\/wp-json\/wp\/v2\/product_cat?post=16170"},{"taxonomy":"product_tag","embeddable":true,"href":"https:\/\/moltomobila.md\/ro\/wp-json\/wp\/v2\/product_tag?post=16170"}],"curies":[{"name":"wp","href":"https:\/\/api.w.org\/{rel}","templated":true}]}}