{"id":16226,"date":"2023-12-09T12:24:09","date_gmt":"2023-12-09T10:24:09","guid":{"rendered":"https:\/\/mediumaquamarine-flamingo-502635.hostingersite.com\/?post_type=product&#038;p=16226"},"modified":"2023-12-09T12:29:55","modified_gmt":"2023-12-09T10:29:55","slug":"lyustra-sparrow-3p","status":"publish","type":"product","link":"https:\/\/moltomobila.md\/ro\/produs\/lyustra-sparrow-3p\/","title":{"rendered":"CANDELABRU SPARROW 3P"},"content":{"rendered":"<p>V\u0103 aducem \u00een aten\u021bie un candelabru de design \u00abSparrow\u00bb. Particularitatea acestei colec\u021bii este silueta unui stol de p\u0103s\u0103ri de culoare alb\u0103, cre\u00e2nd efectul de contact cu natura. O persoan\u0103 dore\u0219te \u00eentotdeauna ceva special \u0219i exclusiv, acest design v\u0103 va \u00eendeplini dorin\u021ba. Va aduce o not\u0103 de lejeritate, libertate \u0219i stil Provence. potrivit \u0219i pentru tendin\u021ba Scandinavian Loft.<\/p>","protected":false},"excerpt":{"rendered":"<p>\u0412\u0430\u0448\u0435\u043c\u0443 \u0432\u043d\u0438\u043c\u0430\u043d\u0438\u044e \u043f\u0440\u0435\u0434\u043e\u0441\u0442\u0430\u0432\u043b\u044f\u0435\u043c \u0434\u0438\u0437\u0430\u0439\u043d\u0435\u0440\u0441\u043a\u0443\u044e \u043b\u044e\u0441\u0442\u0440\u0443 &#171;Sparrow&#187;. \u041e\u0441\u043e\u0431\u0435\u043d\u043d\u043e\u0441\u0442\u044c \u0434\u0430\u043d\u043d\u043e\u0439 \u043a\u043e\u043b\u043b\u0435\u043a\u0446\u0438\u0438-\u0441\u0438\u043b\u0443\u044d\u0442 \u0441\u0442\u0430\u0438 \u043f\u0442\u0438\u0447\u0435\u043a \u0431\u0435\u043b\u043e\u0433\u043e \u0446\u0432\u0435\u0442\u0430, \u0441\u043e\u0437\u0434\u0430\u044e\u0449\u0438\u0439 \u044d\u0444\u0444\u0435\u043a\u0442 \u0441\u043e\u043f\u0440\u0438\u043a\u043e\u0441\u043d\u043e\u0432\u0435\u043d\u0438\u044f \u0441 \u043f\u0440\u0438\u0440\u043e\u0434\u043e\u0439. \u0427\u0435\u043b\u043e\u0432\u0435\u043a\u0443 \u0432\u0441\u0435\u0433\u0434\u0430<\/p>","protected":false},"featured_media":16228,"template":"","meta":{"_themeisle_gutenberg_block_has_review":false},"product_brand":[],"product_cat":[90,81],"product_tag":[],"class_list":{"0":"post-16226","1":"product","2":"type-product","3":"status-publish","4":"has-post-thumbnail","6":"product_cat-lyustry","7":"product_cat-osveshhenie","9":"first","10":"instock","11":"shipping-taxable","12":"purchasable","13":"product-type-simple"},"_links":{"self":[{"href":"https:\/\/moltomobila.md\/ro\/wp-json\/wp\/v2\/product\/16226","targetHints":{"allow":["GET"]}}],"collection":[{"href":"https:\/\/moltomobila.md\/ro\/wp-json\/wp\/v2\/product"}],"about":[{"href":"https:\/\/moltomobila.md\/ro\/wp-json\/wp\/v2\/types\/product"}],"version-history":[{"count":0,"href":"https:\/\/moltomobila.md\/ro\/wp-json\/wp\/v2\/product\/16226\/revisions"}],"wp:featuredmedia":[{"embeddable":true,"href":"https:\/\/moltomobila.md\/ro\/wp-json\/wp\/v2\/media\/16228"}],"wp:attachment":[{"href":"https:\/\/moltomobila.md\/ro\/wp-json\/wp\/v2\/media?parent=16226"}],"wp:term":[{"taxonomy":"product_brand","embeddable":true,"href":"https:\/\/moltomobila.md\/ro\/wp-json\/wp\/v2\/product_brand?post=16226"},{"taxonomy":"product_cat","embeddable":true,"href":"https:\/\/moltomobila.md\/ro\/wp-json\/wp\/v2\/product_cat?post=16226"},{"taxonomy":"product_tag","embeddable":true,"href":"https:\/\/moltomobila.md\/ro\/wp-json\/wp\/v2\/product_tag?post=16226"}],"curies":[{"name":"wp","href":"https:\/\/api.w.org\/{rel}","templated":true}]}}