{"id":16239,"date":"2023-12-09T12:40:41","date_gmt":"2023-12-09T10:40:41","guid":{"rendered":"https:\/\/mediumaquamarine-flamingo-502635.hostingersite.com\/?post_type=product&#038;p=16239"},"modified":"2023-12-09T12:40:41","modified_gmt":"2023-12-09T10:40:41","slug":"lyustra-campana-6p","status":"publish","type":"product","link":"https:\/\/moltomobila.md\/ro\/produs\/lyustra-campana-6p\/","title":{"rendered":"CANDELABRU CAMPANA 6P"},"content":{"rendered":"<p>Formele geometrice frumoase sunt \u00eentotdeauna atr\u0103g\u0103toare, iar corpurile de iluminat nu fac excep\u021bie! Candelabrul Sampana este o structur\u0103 frumoas\u0103 de plafonds \u00een combina\u021bie cu corpul. Dac\u0103 dori\u021bi ceva non-standard \u0219i original, atunci ar trebui s\u0103-i acorda\u021bi aten\u021bie.<\/p>","protected":false},"excerpt":{"rendered":"<p>\u0413\u0435\u043e\u043c\u0435\u0442\u0440\u0438\u0447\u0435\u0441\u043a\u0438 \u043a\u0440\u0430\u0441\u0438\u0432\u044b\u0435 \u0444\u043e\u0440\u043c\u044b &#8212; \u0432\u0441\u0435\u0433\u0434\u0430 \u043f\u0440\u0438\u0432\u043b\u0435\u043a\u0430\u044e\u0442 \u0432\u043d\u0438\u043c\u0430\u043d\u0438\u0435 \u0438 \u0441\u0432\u0435\u0442\u0438\u043b\u044c\u043d\u0438\u043a\u0438 \u043d\u0435 \u0438\u0441\u043a\u043b\u044e\u0447\u0435\u043d\u0438\u0435! \u041b\u044e\u0441\u0442\u0440\u0430 \u0421ampana-\u044d\u0442\u043e \u043a\u0440\u0430\u0441\u0438\u0432\u043e\u0435 \u0441\u0442\u0440\u043e\u0435\u043d\u0438\u0435 \u043f\u043b\u0430\u0444\u043e\u043d\u043e\u0432 \u0432 \u0441\u043e\u0447\u0435\u0442\u0430\u043d\u0438\u0438 \u0441 \u043a\u043e\u0440\u043f\u0443\u0441\u043e\u043c.<\/p>","protected":false},"featured_media":16241,"template":"","meta":{"_themeisle_gutenberg_block_has_review":false},"product_brand":[],"product_cat":[90,81],"product_tag":[],"class_list":{"0":"post-16239","1":"product","2":"type-product","3":"status-publish","4":"has-post-thumbnail","6":"product_cat-lyustry","7":"product_cat-osveshhenie","9":"first","10":"instock","11":"sale","12":"shipping-taxable","13":"purchasable","14":"product-type-simple"},"_links":{"self":[{"href":"https:\/\/moltomobila.md\/ro\/wp-json\/wp\/v2\/product\/16239","targetHints":{"allow":["GET"]}}],"collection":[{"href":"https:\/\/moltomobila.md\/ro\/wp-json\/wp\/v2\/product"}],"about":[{"href":"https:\/\/moltomobila.md\/ro\/wp-json\/wp\/v2\/types\/product"}],"version-history":[{"count":0,"href":"https:\/\/moltomobila.md\/ro\/wp-json\/wp\/v2\/product\/16239\/revisions"}],"wp:featuredmedia":[{"embeddable":true,"href":"https:\/\/moltomobila.md\/ro\/wp-json\/wp\/v2\/media\/16241"}],"wp:attachment":[{"href":"https:\/\/moltomobila.md\/ro\/wp-json\/wp\/v2\/media?parent=16239"}],"wp:term":[{"taxonomy":"product_brand","embeddable":true,"href":"https:\/\/moltomobila.md\/ro\/wp-json\/wp\/v2\/product_brand?post=16239"},{"taxonomy":"product_cat","embeddable":true,"href":"https:\/\/moltomobila.md\/ro\/wp-json\/wp\/v2\/product_cat?post=16239"},{"taxonomy":"product_tag","embeddable":true,"href":"https:\/\/moltomobila.md\/ro\/wp-json\/wp\/v2\/product_tag?post=16239"}],"curies":[{"name":"wp","href":"https:\/\/api.w.org\/{rel}","templated":true}]}}