{"id":16261,"date":"2023-12-09T13:21:34","date_gmt":"2023-12-09T11:21:34","guid":{"rendered":"https:\/\/mediumaquamarine-flamingo-502635.hostingersite.com\/?post_type=product&#038;p=16261"},"modified":"2023-12-09T13:21:34","modified_gmt":"2023-12-09T11:21:34","slug":"lyustra-led-petals-copper-new-d125-h30","status":"publish","type":"product","link":"https:\/\/moltomobila.md\/ro\/produs\/lyustra-led-petals-copper-new-d125-h30\/","title":{"rendered":"CANDELABRU LED PETALE CUPRU NOU D125\/H30"},"content":{"rendered":"<p>Candelabrul de plafon de design \u00abPetals\u00bb creeaz\u0103 o atmosfer\u0103 unic\u0103 de confort, stil \u0219i iluminare \u00een camer\u0103. \u00cen ciuda originalit\u0103\u021bii sale, nu oblig\u0103 la nimic \u00een decorarea camerei \u0219i v\u0103 permite s\u0103 combina\u021bi armonios lampa cu elemente de decor, at\u00e2t \u00een stil LOFT, c\u00e2t \u0219i \u00een art nouveau modern sau hitech. L\u0103mpile l\u0103mpii sunt realizate pe baz\u0103 de LED-uri, care, \u00een plus fa\u021b\u0103 de avantajele de mai sus, face lampa economic\u0103. \u0218i, de asemenea, candelabrul LED este foarte modern \u0219i relevant ast\u0103zi.<\/p>","protected":false},"excerpt":{"rendered":"<p>\u0414\u0438\u0437\u0430\u0439\u043d\u0435\u0440\u0441\u043a\u0430\u044f \u043f\u043e\u0442\u043e\u043b\u043e\u0447\u043d\u0430\u044f \u043b\u044e\u0441\u0442\u0440\u0430 &#171;Petals&#187; \u0441\u043e\u0437\u0434\u0430\u0435\u0442 \u043d\u0435\u043f\u043e\u0432\u0442\u043e\u0440\u0438\u043c\u0443\u044e \u0430\u0442\u043c\u043e\u0441\u0444\u0435\u0440\u0443 \u0443\u044e\u0442\u0430, \u0441\u0442\u0438\u043b\u044f \u0438 \u043e\u0441\u0432\u0435\u0449\u0435\u043d\u0438\u044f \u0432 \u043f\u043e\u043c\u0435\u0449\u0435\u043d\u0438\u0438. \u041d\u0435 \u0441\u043c\u043e\u0442\u0440\u044f \u043d\u0430 \u0432\u0441\u044e \u0441\u0432\u043e\u044e \u043e\u0440\u0438\u0433\u0438\u043d\u0430\u043b\u044c\u043d\u043e\u0441\u0442\u044c, \u043d\u0435<\/p>","protected":false},"featured_media":16262,"template":"","meta":{"_themeisle_gutenberg_block_has_review":false},"product_brand":[],"product_cat":[90,81],"product_tag":[],"class_list":{"0":"post-16261","1":"product","2":"type-product","3":"status-publish","4":"has-post-thumbnail","6":"product_cat-lyustry","7":"product_cat-osveshhenie","9":"first","10":"instock","11":"shipping-taxable","12":"purchasable","13":"product-type-simple"},"_links":{"self":[{"href":"https:\/\/moltomobila.md\/ro\/wp-json\/wp\/v2\/product\/16261","targetHints":{"allow":["GET"]}}],"collection":[{"href":"https:\/\/moltomobila.md\/ro\/wp-json\/wp\/v2\/product"}],"about":[{"href":"https:\/\/moltomobila.md\/ro\/wp-json\/wp\/v2\/types\/product"}],"version-history":[{"count":0,"href":"https:\/\/moltomobila.md\/ro\/wp-json\/wp\/v2\/product\/16261\/revisions"}],"wp:featuredmedia":[{"embeddable":true,"href":"https:\/\/moltomobila.md\/ro\/wp-json\/wp\/v2\/media\/16262"}],"wp:attachment":[{"href":"https:\/\/moltomobila.md\/ro\/wp-json\/wp\/v2\/media?parent=16261"}],"wp:term":[{"taxonomy":"product_brand","embeddable":true,"href":"https:\/\/moltomobila.md\/ro\/wp-json\/wp\/v2\/product_brand?post=16261"},{"taxonomy":"product_cat","embeddable":true,"href":"https:\/\/moltomobila.md\/ro\/wp-json\/wp\/v2\/product_cat?post=16261"},{"taxonomy":"product_tag","embeddable":true,"href":"https:\/\/moltomobila.md\/ro\/wp-json\/wp\/v2\/product_tag?post=16261"}],"curies":[{"name":"wp","href":"https:\/\/api.w.org\/{rel}","templated":true}]}}