{"id":16273,"date":"2023-12-09T13:48:40","date_gmt":"2023-12-09T11:48:40","guid":{"rendered":"https:\/\/mediumaquamarine-flamingo-502635.hostingersite.com\/?post_type=product&#038;p=16273"},"modified":"2023-12-09T13:48:41","modified_gmt":"2023-12-09T11:48:41","slug":"lyustra-led-of-stars-gold","status":"publish","type":"product","link":"https:\/\/moltomobila.md\/ro\/produs\/lyustra-led-of-stars-gold\/","title":{"rendered":"CANDELABRU CONDUS DE STELE DE AUR"},"content":{"rendered":"<p>Candelabrul WEAVING OF STARS este proiectat \u00eentr-un stil deconstructivist. Candelabrul este realizat \u00een culoarea aurie \u0219i astfel creeaz\u0103 iluzia unui cer \u00eenstelat. Se va potrivi armonios \u00een interiorul dvs.<\/p>","protected":false},"excerpt":{"rendered":"<p>\u041b\u044e\u0441\u0442\u0440\u0430 WEAVING OF STARS \u0432\u044b\u043f\u043e\u043b\u043d\u0435\u043d\u0430 \u0432 \u0441\u0442\u0438\u043b\u0435 \u0434\u0435\u043a\u043e\u043d\u0441\u0442\u0440\u0443\u043a\u0442\u0438\u0432\u0438\u0437\u043c\u0430. \u041b\u044e\u0441\u0442\u0440\u0430 \u0432\u044b\u043f\u043e\u043b\u043d\u0435\u043d\u0430 \u0432 \u0437\u043e\u043b\u043e\u0442\u043e\u043c \u0446\u0432\u0435\u0442\u0435, \u0438 \u0442\u0435\u043c \u0441\u0430\u043c\u044b\u043c \u0441\u043e\u0437\u0434\u0430\u0435\u0442 \u0438\u043b\u043b\u044e\u0437\u0438\u044e \u0437\u0432\u0435\u0437\u0434\u043d\u043e\u0433\u043e \u043d\u0435\u0431\u0430.<\/p>","protected":false},"featured_media":16275,"template":"","meta":{"_themeisle_gutenberg_block_has_review":false},"product_brand":[],"product_cat":[90,81],"product_tag":[],"class_list":{"0":"post-16273","1":"product","2":"type-product","3":"status-publish","4":"has-post-thumbnail","6":"product_cat-lyustry","7":"product_cat-osveshhenie","9":"first","10":"instock","11":"shipping-taxable","12":"purchasable","13":"product-type-simple"},"_links":{"self":[{"href":"https:\/\/moltomobila.md\/ro\/wp-json\/wp\/v2\/product\/16273","targetHints":{"allow":["GET"]}}],"collection":[{"href":"https:\/\/moltomobila.md\/ro\/wp-json\/wp\/v2\/product"}],"about":[{"href":"https:\/\/moltomobila.md\/ro\/wp-json\/wp\/v2\/types\/product"}],"version-history":[{"count":0,"href":"https:\/\/moltomobila.md\/ro\/wp-json\/wp\/v2\/product\/16273\/revisions"}],"wp:featuredmedia":[{"embeddable":true,"href":"https:\/\/moltomobila.md\/ro\/wp-json\/wp\/v2\/media\/16275"}],"wp:attachment":[{"href":"https:\/\/moltomobila.md\/ro\/wp-json\/wp\/v2\/media?parent=16273"}],"wp:term":[{"taxonomy":"product_brand","embeddable":true,"href":"https:\/\/moltomobila.md\/ro\/wp-json\/wp\/v2\/product_brand?post=16273"},{"taxonomy":"product_cat","embeddable":true,"href":"https:\/\/moltomobila.md\/ro\/wp-json\/wp\/v2\/product_cat?post=16273"},{"taxonomy":"product_tag","embeddable":true,"href":"https:\/\/moltomobila.md\/ro\/wp-json\/wp\/v2\/product_tag?post=16273"}],"curies":[{"name":"wp","href":"https:\/\/api.w.org\/{rel}","templated":true}]}}