{"id":16341,"date":"2023-12-09T15:09:29","date_gmt":"2023-12-09T13:09:29","guid":{"rendered":"https:\/\/mediumaquamarine-flamingo-502635.hostingersite.com\/?post_type=product&#038;p=16341"},"modified":"2023-12-09T15:09:29","modified_gmt":"2023-12-09T13:09:29","slug":"lyustra-led-ring-gold-d60","status":"publish","type":"product","link":"https:\/\/moltomobila.md\/ro\/produs\/lyustra-led-ring-gold-d60\/","title":{"rendered":"CANDELABRU CONDUS INEL DE AUR D60"},"content":{"rendered":"<p>Candelabru LED Ring \u00eentr-o form\u0103 rotund\u0103 clasic\u0103 \u0219i design minimalist. Interiorul s\u0103u este echipat cu un plafon alb \u0219i o lamp\u0103 de ghea\u021b\u0103. Pentru exclusivitatea sa, designerii l-au completat cu spoturi mici \u0219i nu au gre\u0219it! Arat\u0103 foarte original \u0219i elegant. Va sublinia perfect sim\u021bul gustului din interiorul dvs.<\/p>","protected":false},"excerpt":{"rendered":"<p>\u041b\u044e\u0441\u0442\u0440\u0430 LED Ring \u0432 \u043a\u043b\u0430\u0441\u0441\u0438\u0447\u0435\u0441\u043a\u043e\u0439 \u043a\u0440\u0443\u0433\u043b\u043e\u0439 \u0444\u043e\u0440\u043c\u0435 \u0438 \u043c\u0438\u043d\u0438\u043c\u0430\u043b\u0438\u0441\u0442\u0438\u0447\u043d\u043e\u043c \u0434\u0438\u0437\u0430\u0439\u043d\u0435. \u0412\u043d\u0443\u0442\u0440\u0435\u043d\u043d\u044f\u044f \u0447\u0430\u0441\u0442\u044c \u0435\u0435 \u043e\u0441\u043d\u0430\u0449\u0435\u043d\u0430 \u0431\u0435\u043b\u044b\u043c \u043f\u043b\u0430\u0444\u043e\u043d\u043e\u043c \u0438 \u043b\u0435\u0434 \u043b\u0430\u043c\u043f\u043e\u0439. \u0414\u043b\u044f<\/p>","protected":false},"featured_media":16342,"template":"","meta":{"_themeisle_gutenberg_block_has_review":false},"product_brand":[],"product_cat":[90,81],"product_tag":[],"class_list":{"0":"post-16341","1":"product","2":"type-product","3":"status-publish","4":"has-post-thumbnail","6":"product_cat-lyustry","7":"product_cat-osveshhenie","9":"first","10":"instock","11":"shipping-taxable","12":"purchasable","13":"product-type-simple"},"_links":{"self":[{"href":"https:\/\/moltomobila.md\/ro\/wp-json\/wp\/v2\/product\/16341","targetHints":{"allow":["GET"]}}],"collection":[{"href":"https:\/\/moltomobila.md\/ro\/wp-json\/wp\/v2\/product"}],"about":[{"href":"https:\/\/moltomobila.md\/ro\/wp-json\/wp\/v2\/types\/product"}],"version-history":[{"count":0,"href":"https:\/\/moltomobila.md\/ro\/wp-json\/wp\/v2\/product\/16341\/revisions"}],"wp:featuredmedia":[{"embeddable":true,"href":"https:\/\/moltomobila.md\/ro\/wp-json\/wp\/v2\/media\/16342"}],"wp:attachment":[{"href":"https:\/\/moltomobila.md\/ro\/wp-json\/wp\/v2\/media?parent=16341"}],"wp:term":[{"taxonomy":"product_brand","embeddable":true,"href":"https:\/\/moltomobila.md\/ro\/wp-json\/wp\/v2\/product_brand?post=16341"},{"taxonomy":"product_cat","embeddable":true,"href":"https:\/\/moltomobila.md\/ro\/wp-json\/wp\/v2\/product_cat?post=16341"},{"taxonomy":"product_tag","embeddable":true,"href":"https:\/\/moltomobila.md\/ro\/wp-json\/wp\/v2\/product_tag?post=16341"}],"curies":[{"name":"wp","href":"https:\/\/api.w.org\/{rel}","templated":true}]}}