{"id":16401,"date":"2023-12-09T16:24:17","date_gmt":"2023-12-09T14:24:17","guid":{"rendered":"https:\/\/mediumaquamarine-flamingo-502635.hostingersite.com\/?post_type=product&#038;p=16401"},"modified":"2024-05-15T12:24:05","modified_gmt":"2024-05-15T10:24:05","slug":"lyustra-led-wood-fan-brown-black-d130cm","status":"publish","type":"product","link":"https:\/\/moltomobila.md\/ro\/produs\/lyustra-led-wood-fan-brown-black-d130cm\/","title":{"rendered":"CANDELABRU CONDUS LEMN VENTILATOR MARO \/ NEGRU D130CM"},"content":{"rendered":"<p>Introduce\u021bi o estetic\u0103 \u0219i o modernitate \u00een spa\u021biul dvs. cu candelabrul Led Wood Fan. Combina\u021bia sa de iluminare LED \u0219i lemn natural creeaz\u0103 un efect atmosferic unic. Acest candelabru nu numai c\u0103 ilumineaz\u0103 camera, dar devine \u0219i un element decorativ rafinat, ad\u0103ug\u00e2nd c\u0103ldur\u0103 \u0219i naturale\u021be interiorului. Datorit\u0103 designului s\u0103u elegant \u0219i integr\u0103rii materialelor naturale, Led Wood Fan devine nu doar un corp de iluminat, ci o expresie a stilului modern \u0219i a respectului fa\u021b\u0103 de mediu.<\/p>","protected":false},"excerpt":{"rendered":"<p>\u0412\u0432\u0435\u0434\u0438\u0442\u0435 \u0432 \u0441\u0432\u043e\u0435 \u043f\u0440\u043e\u0441\u0442\u0440\u0430\u043d\u0441\u0442\u0432\u043e \u044d\u0441\u0442\u0435\u0442\u0438\u0447\u043d\u043e\u0441\u0442\u044c \u0438 \u0441\u043e\u0432\u0440\u0435\u043c\u0435\u043d\u043d\u043e\u0441\u0442\u044c \u0441 \u043f\u043e\u043c\u043e\u0449\u044c\u044e \u043b\u044e\u0441\u0442\u0440\u044b Led Wood Fan. \u0415\u0435 \u0441\u043e\u0447\u0435\u0442\u0430\u043d\u0438\u0435 LED-\u043e\u0441\u0432\u0435\u0449\u0435\u043d\u0438\u044f \u0438 \u043f\u0440\u0438\u0440\u043e\u0434\u043d\u043e\u0433\u043e \u0434\u0435\u0440\u0435\u0432\u0430 \u0441\u043e\u0437\u0434\u0430\u0435\u0442<\/p>","protected":false},"featured_media":16402,"template":"","meta":{"_themeisle_gutenberg_block_has_review":false},"product_brand":[],"product_cat":[90,81,91],"product_tag":[],"class_list":{"0":"post-16401","1":"product","2":"type-product","3":"status-publish","4":"has-post-thumbnail","6":"product_cat-lyustry","7":"product_cat-osveshhenie","8":"product_cat-podvesy","10":"first","11":"instock","12":"featured","13":"shipping-taxable","14":"purchasable","15":"product-type-simple"},"_links":{"self":[{"href":"https:\/\/moltomobila.md\/ro\/wp-json\/wp\/v2\/product\/16401","targetHints":{"allow":["GET"]}}],"collection":[{"href":"https:\/\/moltomobila.md\/ro\/wp-json\/wp\/v2\/product"}],"about":[{"href":"https:\/\/moltomobila.md\/ro\/wp-json\/wp\/v2\/types\/product"}],"version-history":[{"count":1,"href":"https:\/\/moltomobila.md\/ro\/wp-json\/wp\/v2\/product\/16401\/revisions"}],"predecessor-version":[{"id":81945,"href":"https:\/\/moltomobila.md\/ro\/wp-json\/wp\/v2\/product\/16401\/revisions\/81945"}],"wp:featuredmedia":[{"embeddable":true,"href":"https:\/\/moltomobila.md\/ro\/wp-json\/wp\/v2\/media\/16402"}],"wp:attachment":[{"href":"https:\/\/moltomobila.md\/ro\/wp-json\/wp\/v2\/media?parent=16401"}],"wp:term":[{"taxonomy":"product_brand","embeddable":true,"href":"https:\/\/moltomobila.md\/ro\/wp-json\/wp\/v2\/product_brand?post=16401"},{"taxonomy":"product_cat","embeddable":true,"href":"https:\/\/moltomobila.md\/ro\/wp-json\/wp\/v2\/product_cat?post=16401"},{"taxonomy":"product_tag","embeddable":true,"href":"https:\/\/moltomobila.md\/ro\/wp-json\/wp\/v2\/product_tag?post=16401"}],"curies":[{"name":"wp","href":"https:\/\/api.w.org\/{rel}","templated":true}]}}