{"id":16411,"date":"2023-12-09T16:33:46","date_gmt":"2023-12-09T14:33:46","guid":{"rendered":"https:\/\/mediumaquamarine-flamingo-502635.hostingersite.com\/?post_type=product&#038;p=16411"},"modified":"2024-05-15T12:24:05","modified_gmt":"2024-05-15T10:24:05","slug":"lyustra-glass-gold-blue-6p","status":"publish","type":"product","link":"https:\/\/moltomobila.md\/ro\/produs\/lyustra-glass-gold-blue-6p\/","title":{"rendered":"STICL\u0102 CANDELABRU AURIU\/ALBASTRU 6P"},"content":{"rendered":"<p>Pentru o lung\u0103 perioad\u0103 de timp, designerul \u00abChandelier Glass\u00bb ocup\u0103 primele locuri \u00een toate listele de iluminat modern. \u0218i este bine meritat - \u00een interior arat\u0103 foarte elegant \u0219i armonios. Atrage imediat aten\u021bia asupra sa.<br \/>\nForma sferic\u0103 a plafoanelor din sticl\u0103 reflect\u0103 aceea\u0219i geometrie atmosferic\u0103 a cadrului metalic. Ca urmare, corpul de iluminat nu este perceput ca fiind voluminos, \u00een ciuda dimensiunilor sale destul de impresionante. Dimpotriv\u0103, creeaz\u0103 o senza\u021bie de lejeritate \u0219i extinde vizual spa\u021biul. Aceast\u0103 culoare permite luminii umbrelor s\u0103 str\u0103luceasc\u0103 \u00eentr-un mod deosebit de elegant.<\/p>","protected":false},"excerpt":{"rendered":"<p>\u041d\u0430 \u043f\u0440\u043e\u0442\u044f\u0436\u0435\u043d\u0438\u0438 \u0434\u043b\u0438\u0442\u0435\u043b\u044c\u043d\u043e\u0433\u043e \u0432\u0440\u0435\u043c\u0435\u043d\u0438 \u0434\u0438\u0437\u0430\u0439\u043d\u0435\u0440\u0441\u043a\u0430\u044f \u00ab\u041b\u044e\u0441\u0442\u0440\u0430 Glass\u00bb \u0437\u0430\u043d\u0438\u043c\u0430\u0435\u0442 \u0442\u043e\u043f\u043e\u0432\u044b\u0435 \u043c\u0435\u0441\u0442\u0430 \u0432\u043e \u0432\u0441\u0435\u0445 \u0441\u043f\u0438\u0441\u043a\u0430\u0445 \u0441\u043e\u0432\u0440\u0435\u043c\u0435\u043d\u043d\u043e\u0433\u043e \u043e\u0441\u0432\u0435\u0449\u0435\u043d\u0438\u044f. \u0418 \u044d\u0442\u043e \u0432\u043f\u043e\u043b\u043d\u0435 \u0437\u0430\u0441\u043b\u0443\u0436\u0435\u043d\u043d\u043e \u2013<\/p>","protected":false},"featured_media":16412,"template":"","meta":{"_themeisle_gutenberg_block_has_review":false},"product_brand":[],"product_cat":[90,81,91],"product_tag":[],"class_list":{"0":"post-16411","1":"product","2":"type-product","3":"status-publish","4":"has-post-thumbnail","6":"product_cat-lyustry","7":"product_cat-osveshhenie","8":"product_cat-podvesy","10":"first","11":"instock","12":"featured","13":"shipping-taxable","14":"purchasable","15":"product-type-simple"},"_links":{"self":[{"href":"https:\/\/moltomobila.md\/ro\/wp-json\/wp\/v2\/product\/16411","targetHints":{"allow":["GET"]}}],"collection":[{"href":"https:\/\/moltomobila.md\/ro\/wp-json\/wp\/v2\/product"}],"about":[{"href":"https:\/\/moltomobila.md\/ro\/wp-json\/wp\/v2\/types\/product"}],"version-history":[{"count":1,"href":"https:\/\/moltomobila.md\/ro\/wp-json\/wp\/v2\/product\/16411\/revisions"}],"predecessor-version":[{"id":81943,"href":"https:\/\/moltomobila.md\/ro\/wp-json\/wp\/v2\/product\/16411\/revisions\/81943"}],"wp:featuredmedia":[{"embeddable":true,"href":"https:\/\/moltomobila.md\/ro\/wp-json\/wp\/v2\/media\/16412"}],"wp:attachment":[{"href":"https:\/\/moltomobila.md\/ro\/wp-json\/wp\/v2\/media?parent=16411"}],"wp:term":[{"taxonomy":"product_brand","embeddable":true,"href":"https:\/\/moltomobila.md\/ro\/wp-json\/wp\/v2\/product_brand?post=16411"},{"taxonomy":"product_cat","embeddable":true,"href":"https:\/\/moltomobila.md\/ro\/wp-json\/wp\/v2\/product_cat?post=16411"},{"taxonomy":"product_tag","embeddable":true,"href":"https:\/\/moltomobila.md\/ro\/wp-json\/wp\/v2\/product_tag?post=16411"}],"curies":[{"name":"wp","href":"https:\/\/api.w.org\/{rel}","templated":true}]}}