{"id":16461,"date":"2023-12-09T17:36:24","date_gmt":"2023-12-09T15:36:24","guid":{"rendered":"https:\/\/mediumaquamarine-flamingo-502635.hostingersite.com\/?post_type=product&#038;p=16461"},"modified":"2024-05-15T12:24:04","modified_gmt":"2024-05-15T10:24:04","slug":"lyustra-industrial-bar-d65-6p","status":"publish","type":"product","link":"https:\/\/moltomobila.md\/ro\/produs\/lyustra-industrial-bar-d65-6p\/","title":{"rendered":"CANDELABRU BAR INDUSTRIAL D65 6P"},"content":{"rendered":"<p>Dori\u021bi ceva frumos \u0219i obscur? Atunci candelabrul Industrial Bar este pentru tine! Fie c\u0103 este o coroan\u0103 \u00een mijlocul camerei sau produc\u021bia unui magazin de conserve. Toat\u0103 lumea va vedea ceva diferit \u0219i, apropo, tu ce ai v\u0103zut?<\/p>","protected":false},"excerpt":{"rendered":"<p>\u0425\u043e\u0442\u0438\u0442\u0435 \u0447\u0442\u043e-\u0442\u043e \u043a\u0440\u0430\u0441\u0438\u0432\u043e\u0435 \u0438 \u043d\u0435\u043f\u043e\u043d\u044f\u0442\u043d\u043e\u0435? \u0422\u043e\u0433\u0434\u0430 \u043b\u044e\u0441\u0442\u0440\u0430 Industrial Bar \u0434\u043b\u044f \u0432\u0430\u0441! \u0422\u043e \u043b\u0438 \u043a\u043e\u0440\u043e\u043d\u0430 \u043f\u043e\u0441\u0435\u0440\u0435\u0434\u0438\u043d\u0435 \u043a\u043e\u043c\u043d\u0430\u0442\u044b, \u0442\u043e \u043b\u0438 \u043f\u0440\u043e\u0438\u0437\u0432\u043e\u0434\u0441\u0442\u0432\u043e \u0431\u0430\u043d\u043e\u0447\u043d\u043e\u0433\u043e<\/p>","protected":false},"featured_media":16462,"template":"","meta":{"_themeisle_gutenberg_block_has_review":false},"product_brand":[],"product_cat":[90,81,91],"product_tag":[],"class_list":{"0":"post-16461","1":"product","2":"type-product","3":"status-publish","4":"has-post-thumbnail","6":"product_cat-lyustry","7":"product_cat-osveshhenie","8":"product_cat-podvesy","10":"first","11":"instock","12":"featured","13":"shipping-taxable","14":"purchasable","15":"product-type-simple"},"_links":{"self":[{"href":"https:\/\/moltomobila.md\/ro\/wp-json\/wp\/v2\/product\/16461","targetHints":{"allow":["GET"]}}],"collection":[{"href":"https:\/\/moltomobila.md\/ro\/wp-json\/wp\/v2\/product"}],"about":[{"href":"https:\/\/moltomobila.md\/ro\/wp-json\/wp\/v2\/types\/product"}],"version-history":[{"count":1,"href":"https:\/\/moltomobila.md\/ro\/wp-json\/wp\/v2\/product\/16461\/revisions"}],"predecessor-version":[{"id":81934,"href":"https:\/\/moltomobila.md\/ro\/wp-json\/wp\/v2\/product\/16461\/revisions\/81934"}],"wp:featuredmedia":[{"embeddable":true,"href":"https:\/\/moltomobila.md\/ro\/wp-json\/wp\/v2\/media\/16462"}],"wp:attachment":[{"href":"https:\/\/moltomobila.md\/ro\/wp-json\/wp\/v2\/media?parent=16461"}],"wp:term":[{"taxonomy":"product_brand","embeddable":true,"href":"https:\/\/moltomobila.md\/ro\/wp-json\/wp\/v2\/product_brand?post=16461"},{"taxonomy":"product_cat","embeddable":true,"href":"https:\/\/moltomobila.md\/ro\/wp-json\/wp\/v2\/product_cat?post=16461"},{"taxonomy":"product_tag","embeddable":true,"href":"https:\/\/moltomobila.md\/ro\/wp-json\/wp\/v2\/product_tag?post=16461"}],"curies":[{"name":"wp","href":"https:\/\/api.w.org\/{rel}","templated":true}]}}