{"id":16466,"date":"2023-12-11T12:13:06","date_gmt":"2023-12-11T10:13:06","guid":{"rendered":"https:\/\/mediumaquamarine-flamingo-502635.hostingersite.com\/?post_type=product&#038;p=16466"},"modified":"2024-05-15T12:24:04","modified_gmt":"2024-05-15T10:24:04","slug":"lyustra-spider-12p-black-new","status":"publish","type":"product","link":"https:\/\/moltomobila.md\/ro\/produs\/lyustra-spider-12p-black-new\/","title":{"rendered":"SPIDER 12P NEGRU NOU CANDELABRU"},"content":{"rendered":"<p>Aduce\u021bi design \u0219i stil contemporan interiorului dvs. cu candelabrul Spider. Aspectul s\u0103u inovator asem\u0103n\u0103tor p\u00e2nzei de p\u0103ianjen face din acest candelabru o pies\u0103 impresionant\u0103 de art\u0103 \u0219i iluminat. L\u0103mpile Spider nu sunt doar o surs\u0103 de lumin\u0103, ci \u0219i o expresie a individualit\u0103\u021bii \u0219i a stilului modern. Cu designul s\u0103u neconven\u021bional \u0219i aranjamentul l\u0103mpilor, acest candelabru creeaz\u0103 o gravitate unic\u0103 a luminii \u00eentr-o camer\u0103. Lumineaz\u0103-\u021bi spa\u021biul cu Spider, oferindu-i o estetic\u0103 modernist\u0103 \u0219i un caracter original. L\u0103sa\u021bi acest candelabru s\u0103 devin\u0103 nu doar un iluminator, ci piesa central\u0103 a interiorului dvs. elegant.<\/p>","protected":false},"excerpt":{"rendered":"<p>\u041f\u0440\u0438\u0432\u043d\u0435\u0441\u0438\u0442\u0435 \u0441\u043e\u0432\u0440\u0435\u043c\u0435\u043d\u043d\u044b\u0439 \u0434\u0438\u0437\u0430\u0439\u043d \u0438 \u0441\u0442\u0438\u043b\u044c \u0432 \u0441\u0432\u043e\u0439 \u0438\u043d\u0442\u0435\u0440\u044c\u0435\u0440 \u0441 \u043f\u043e\u043c\u043e\u0449\u044c\u044e \u043b\u044e\u0441\u0442\u0440\u044b Spider. \u0415\u0435 \u0438\u043d\u043d\u043e\u0432\u0430\u0446\u0438\u043e\u043d\u043d\u044b\u0439 \u0432\u0438\u0434, \u043d\u0430\u043f\u043e\u043c\u0438\u043d\u0430\u044e\u0449\u0438\u0439 \u043f\u0430\u0443\u0442\u0438\u043d\u0443, \u0434\u0435\u043b\u0430\u0435\u0442 \u044d\u0442\u0443 \u043b\u044e\u0441\u0442\u0440\u0443<\/p>","protected":false},"featured_media":16467,"template":"","meta":{"_themeisle_gutenberg_block_has_review":false},"product_brand":[],"product_cat":[90,81,91],"product_tag":[],"class_list":{"0":"post-16466","1":"product","2":"type-product","3":"status-publish","4":"has-post-thumbnail","6":"product_cat-lyustry","7":"product_cat-osveshhenie","8":"product_cat-podvesy","10":"first","11":"instock","12":"featured","13":"shipping-taxable","14":"purchasable","15":"product-type-simple"},"_links":{"self":[{"href":"https:\/\/moltomobila.md\/ro\/wp-json\/wp\/v2\/product\/16466","targetHints":{"allow":["GET"]}}],"collection":[{"href":"https:\/\/moltomobila.md\/ro\/wp-json\/wp\/v2\/product"}],"about":[{"href":"https:\/\/moltomobila.md\/ro\/wp-json\/wp\/v2\/types\/product"}],"version-history":[{"count":1,"href":"https:\/\/moltomobila.md\/ro\/wp-json\/wp\/v2\/product\/16466\/revisions"}],"predecessor-version":[{"id":81933,"href":"https:\/\/moltomobila.md\/ro\/wp-json\/wp\/v2\/product\/16466\/revisions\/81933"}],"wp:featuredmedia":[{"embeddable":true,"href":"https:\/\/moltomobila.md\/ro\/wp-json\/wp\/v2\/media\/16467"}],"wp:attachment":[{"href":"https:\/\/moltomobila.md\/ro\/wp-json\/wp\/v2\/media?parent=16466"}],"wp:term":[{"taxonomy":"product_brand","embeddable":true,"href":"https:\/\/moltomobila.md\/ro\/wp-json\/wp\/v2\/product_brand?post=16466"},{"taxonomy":"product_cat","embeddable":true,"href":"https:\/\/moltomobila.md\/ro\/wp-json\/wp\/v2\/product_cat?post=16466"},{"taxonomy":"product_tag","embeddable":true,"href":"https:\/\/moltomobila.md\/ro\/wp-json\/wp\/v2\/product_tag?post=16466"}],"curies":[{"name":"wp","href":"https:\/\/api.w.org\/{rel}","templated":true}]}}