{"id":16482,"date":"2023-12-11T12:34:56","date_gmt":"2023-12-11T10:34:56","guid":{"rendered":"https:\/\/mediumaquamarine-flamingo-502635.hostingersite.com\/?post_type=product&#038;p=16482"},"modified":"2023-12-11T12:34:57","modified_gmt":"2023-12-11T10:34:57","slug":"torsher-glob-h151","status":"publish","type":"product","link":"https:\/\/moltomobila.md\/ro\/produs\/torsher-glob-h151\/","title":{"rendered":"LAMP\u0102 DE PODEA GLOB H151"},"content":{"rendered":"<p>GLOB THORCHER - plafonul s\u0103u este realizat \u00eentr-o form\u0103 rotunjit\u0103 clasic\u0103, iar tija este \u00eenvelit\u0103 elegant \u00eentr-o baz\u0103 metalic\u0103. Arat\u0103 foarte frumos \u0219i va fi o mare frumuse\u021be \u00een casa dvs.<\/p>","protected":false},"excerpt":{"rendered":"<p>\u0422\u041e\u0420\u0428\u0415\u0420 GLOB &#8212; \u0435\u0433\u043e \u043f\u043b\u0430\u0444\u043e\u043d \u0432\u044b\u043f\u043e\u043b\u043d\u0435\u043d \u0432 \u043a\u043b\u0430\u0441\u0441\u0438\u0447\u0435\u0441\u043a\u043e\u0439 \u043e\u043a\u0440\u0443\u0433\u043b\u043e\u0439 \u0444\u043e\u0440\u043c\u0435, \u0430 \u043d\u043e\u0436\u043a\u0430 \u044d\u043b\u0435\u0433\u0430\u043d\u0442\u043d\u043e \u0437\u0430\u0432\u0435\u0440\u043d\u0443\u0442\u0430 \u0432 \u043e\u0441\u043d\u043e\u0432\u0435 \u0438\u0437 \u043c\u0435\u0442\u0430\u043b\u043b\u0430. \u0412\u044b\u0433\u043b\u044f\u0434\u0438\u0442 \u043e\u0447\u0435\u043d\u044c<\/p>","protected":false},"featured_media":16483,"template":"","meta":{"_themeisle_gutenberg_block_has_review":false},"product_brand":[],"product_cat":[81,93],"product_tag":[],"class_list":{"0":"post-16482","1":"product","2":"type-product","3":"status-publish","4":"has-post-thumbnail","6":"product_cat-osveshhenie","7":"product_cat-torshery","9":"first","10":"instock","11":"shipping-taxable","12":"purchasable","13":"product-type-simple"},"_links":{"self":[{"href":"https:\/\/moltomobila.md\/ro\/wp-json\/wp\/v2\/product\/16482","targetHints":{"allow":["GET"]}}],"collection":[{"href":"https:\/\/moltomobila.md\/ro\/wp-json\/wp\/v2\/product"}],"about":[{"href":"https:\/\/moltomobila.md\/ro\/wp-json\/wp\/v2\/types\/product"}],"version-history":[{"count":0,"href":"https:\/\/moltomobila.md\/ro\/wp-json\/wp\/v2\/product\/16482\/revisions"}],"wp:featuredmedia":[{"embeddable":true,"href":"https:\/\/moltomobila.md\/ro\/wp-json\/wp\/v2\/media\/16483"}],"wp:attachment":[{"href":"https:\/\/moltomobila.md\/ro\/wp-json\/wp\/v2\/media?parent=16482"}],"wp:term":[{"taxonomy":"product_brand","embeddable":true,"href":"https:\/\/moltomobila.md\/ro\/wp-json\/wp\/v2\/product_brand?post=16482"},{"taxonomy":"product_cat","embeddable":true,"href":"https:\/\/moltomobila.md\/ro\/wp-json\/wp\/v2\/product_cat?post=16482"},{"taxonomy":"product_tag","embeddable":true,"href":"https:\/\/moltomobila.md\/ro\/wp-json\/wp\/v2\/product_tag?post=16482"}],"curies":[{"name":"wp","href":"https:\/\/api.w.org\/{rel}","templated":true}]}}