{"id":16487,"date":"2023-12-11T12:38:58","date_gmt":"2023-12-11T10:38:58","guid":{"rendered":"https:\/\/mediumaquamarine-flamingo-502635.hostingersite.com\/?post_type=product&#038;p=16487"},"modified":"2023-12-11T12:38:58","modified_gmt":"2023-12-11T10:38:58","slug":"torsher-glob-h170-3p","status":"publish","type":"product","link":"https:\/\/moltomobila.md\/ro\/produs\/torsher-glob-h170-3p\/","title":{"rendered":"LAMP\u0102 DE PODEA GLOB H170 3P"},"content":{"rendered":"<p>Lampa de podea Glob - l\u0103mpile de pe ea sunt sub forma unei pic\u0103turi de ap\u0103 - foarte original! \u00cen camer\u0103 arat\u0103 foarte original \u0219i unic creeaz\u0103 o atmosfer\u0103 de natur\u0103 primitiv\u0103.<\/p>","protected":false},"excerpt":{"rendered":"<p>\u0422\u043e\u0440\u0448\u0435\u0440 Glob-\u043f\u043b\u0430\u0444\u043e\u043d\u044b \u043d\u0430 \u043d\u0435\u043c \u0432 \u0432\u0438\u0434\u0435 \u043a\u0430\u043f\u043b\u0438 \u0432\u043e\u0434\u044b \u2013 \u043e\u0447\u0435\u043d\u044c \u043e\u0440\u0438\u0433\u0438\u043d\u0430\u043b\u044c\u043d\u043e! \u0412 \u043f\u043e\u043c\u0435\u0449\u0435\u043d\u0438\u0438 \u0432\u044b\u0433\u043b\u044f\u0434\u0438\u0442 \u043e\u0447\u0435\u043d\u044c \u043e\u0440\u0438\u0433\u0438\u043d\u0430\u043b\u044c\u043d\u043e \u0438 \u043d\u0435\u043f\u043e\u0432\u0442\u043e\u0440\u0438\u043c\u043e\u0439 \u0441\u043e\u0437\u0434\u0430\u0435\u0442 \u0430\u0442\u043c\u043e\u0441\u0444\u0435\u0440\u0443<\/p>","protected":false},"featured_media":16488,"template":"","meta":{"_themeisle_gutenberg_block_has_review":false},"product_brand":[],"product_cat":[81,93],"product_tag":[],"class_list":{"0":"post-16487","1":"product","2":"type-product","3":"status-publish","4":"has-post-thumbnail","6":"product_cat-osveshhenie","7":"product_cat-torshery","9":"first","10":"instock","11":"shipping-taxable","12":"purchasable","13":"product-type-simple"},"_links":{"self":[{"href":"https:\/\/moltomobila.md\/ro\/wp-json\/wp\/v2\/product\/16487","targetHints":{"allow":["GET"]}}],"collection":[{"href":"https:\/\/moltomobila.md\/ro\/wp-json\/wp\/v2\/product"}],"about":[{"href":"https:\/\/moltomobila.md\/ro\/wp-json\/wp\/v2\/types\/product"}],"version-history":[{"count":0,"href":"https:\/\/moltomobila.md\/ro\/wp-json\/wp\/v2\/product\/16487\/revisions"}],"wp:featuredmedia":[{"embeddable":true,"href":"https:\/\/moltomobila.md\/ro\/wp-json\/wp\/v2\/media\/16488"}],"wp:attachment":[{"href":"https:\/\/moltomobila.md\/ro\/wp-json\/wp\/v2\/media?parent=16487"}],"wp:term":[{"taxonomy":"product_brand","embeddable":true,"href":"https:\/\/moltomobila.md\/ro\/wp-json\/wp\/v2\/product_brand?post=16487"},{"taxonomy":"product_cat","embeddable":true,"href":"https:\/\/moltomobila.md\/ro\/wp-json\/wp\/v2\/product_cat?post=16487"},{"taxonomy":"product_tag","embeddable":true,"href":"https:\/\/moltomobila.md\/ro\/wp-json\/wp\/v2\/product_tag?post=16487"}],"curies":[{"name":"wp","href":"https:\/\/api.w.org\/{rel}","templated":true}]}}