{"id":16503,"date":"2023-12-11T13:15:58","date_gmt":"2023-12-11T11:15:58","guid":{"rendered":"https:\/\/mediumaquamarine-flamingo-502635.hostingersite.com\/?post_type=product&#038;p=16503"},"modified":"2024-03-27T12:45:38","modified_gmt":"2024-03-27T10:45:38","slug":"torsher-palza-silver-white-h190","status":"publish","type":"product","link":"https:\/\/moltomobila.md\/ro\/produs\/torsher-palza-silver-white-h190\/","title":{"rendered":"LAMP\u0102 DE PODEA PALZA ARGINTIU\/ALB H190"},"content":{"rendered":"<p>Lampa de podea original\u0103 Palza Silver \/ White H190 este o oper\u0103 de art\u0103! Un atlet frumos construit este reprezentat cu diverse figuri geometrice, care sunt sursa de iluminare. Acestea creeaz\u0103 un joc de umbre foarte original pentru \u00eentregul obiect, care eviden\u021biaz\u0103 liniile corpului. Acest corp de iluminat a creat deja o senza\u021bie pe pia\u021b\u0103 \u0219i a devenit un obiect foarte dorit \u00een cas\u0103.<\/p>","protected":false},"excerpt":{"rendered":"<p>\u041e\u0440\u0438\u0433\u0438\u043d\u0430\u043b\u044c\u043d\u044b\u0439 \u0422\u043e\u0440\u0448\u0435\u0440 Palza Silver \/ White H190-\u044d\u0442\u043e \u043f\u0440\u043e\u0438\u0437\u0432\u0435\u0434\u0435\u043d\u0438\u0435 \u0438\u0441\u043a\u0443\u0441\u0441\u0442\u0432\u0430! \u041a\u0440\u0430\u0441\u0438\u0432\u043e\u0433\u043e \u0442\u0435\u043b\u043e\u0441\u043b\u043e\u0436\u0435\u043d\u0438\u044f \u0430\u0442\u043b\u0435\u0442 \u043f\u0440\u0435\u0434\u0441\u0442\u0430\u0432\u043b\u0435\u043d \u0441 \u0440\u0430\u0437\u043b\u0438\u0447\u043d\u044b\u043c\u0438 \u0433\u0435\u043e\u043c\u0435\u0442\u0440\u0438\u0447\u0435\u0441\u043a\u0438\u043c\u0438 \u0444\u0438\u0433\u0443\u0440\u0430\u043c\u0438, \u043a\u043e\u0442\u043e\u0440\u044b\u0435 \u044f\u0432\u043b\u044f\u044e\u0442\u0441\u044f \u0438\u0441\u0442\u043e\u0447\u043d\u0438\u043a\u043e\u043c<\/p>","protected":false},"featured_media":16504,"template":"","meta":{"_themeisle_gutenberg_block_has_review":false},"product_brand":[],"product_cat":[125,81,93],"product_tag":[],"class_list":{"0":"post-16503","1":"product","2":"type-product","3":"status-publish","4":"has-post-thumbnail","6":"product_cat-gostinaya","7":"product_cat-osveshhenie","8":"product_cat-torshery","10":"first","11":"instock","12":"shipping-taxable","13":"purchasable","14":"product-type-simple"},"_links":{"self":[{"href":"https:\/\/moltomobila.md\/ro\/wp-json\/wp\/v2\/product\/16503","targetHints":{"allow":["GET"]}}],"collection":[{"href":"https:\/\/moltomobila.md\/ro\/wp-json\/wp\/v2\/product"}],"about":[{"href":"https:\/\/moltomobila.md\/ro\/wp-json\/wp\/v2\/types\/product"}],"version-history":[{"count":1,"href":"https:\/\/moltomobila.md\/ro\/wp-json\/wp\/v2\/product\/16503\/revisions"}],"predecessor-version":[{"id":71261,"href":"https:\/\/moltomobila.md\/ro\/wp-json\/wp\/v2\/product\/16503\/revisions\/71261"}],"wp:featuredmedia":[{"embeddable":true,"href":"https:\/\/moltomobila.md\/ro\/wp-json\/wp\/v2\/media\/16504"}],"wp:attachment":[{"href":"https:\/\/moltomobila.md\/ro\/wp-json\/wp\/v2\/media?parent=16503"}],"wp:term":[{"taxonomy":"product_brand","embeddable":true,"href":"https:\/\/moltomobila.md\/ro\/wp-json\/wp\/v2\/product_brand?post=16503"},{"taxonomy":"product_cat","embeddable":true,"href":"https:\/\/moltomobila.md\/ro\/wp-json\/wp\/v2\/product_cat?post=16503"},{"taxonomy":"product_tag","embeddable":true,"href":"https:\/\/moltomobila.md\/ro\/wp-json\/wp\/v2\/product_tag?post=16503"}],"curies":[{"name":"wp","href":"https:\/\/api.w.org\/{rel}","templated":true}]}}