{"id":16596,"date":"2023-12-11T15:16:01","date_gmt":"2023-12-11T13:16:01","guid":{"rendered":"https:\/\/mediumaquamarine-flamingo-502635.hostingersite.com\/?post_type=product&#038;p=16596"},"modified":"2023-12-11T15:16:01","modified_gmt":"2023-12-11T13:16:01","slug":"nastolnyj-svetilnik-berry-gold-white-d15","status":"publish","type":"product","link":"https:\/\/moltomobila.md\/ro\/produs\/nastolnyj-svetilnik-berry-gold-white-d15\/","title":{"rendered":"LAMP\u0102 DE MAS\u0102 BERRY GOLD\/WHITE D15"},"content":{"rendered":"<p>Colec\u021bia Berry este foarte modern\u0103 \u0219i actual\u0103 \u00een zilele noastre. Punctul s\u0103u culminant este bilele dr\u0103gu\u021be \u00eentr-o varietate de corpuri \u0219i forma produsului \u00een sine. Aceste corpuri de iluminat arat\u0103 foarte elegant, armonios Lampa de mas\u0103 Berry Gold \/ White este foarte frumoas\u0103 \u0219i grijulie. Datorit\u0103 unei \u00eentregi selec\u021bii de produse v\u0103 pute\u021bi decora interiorul \u00eentr-un singur stil, care creeaz\u0103 armonie \u0219i o imagine complet\u0103 \u00een cas\u0103.<\/p>","protected":false},"excerpt":{"rendered":"<p>\u041a\u043e\u043b\u043b\u0435\u043a\u0446\u0438\u044f \u0411\u0435\u0440\u0440\u0438 \u043e\u0447\u0435\u043d\u044c \u0441\u043e\u0432\u0440\u0435\u043c\u0435\u043d\u043d\u0430 \u0438 \u0430\u043a\u0442\u0443\u0430\u043b\u044c\u043d\u0430 \u0432 \u043d\u0430\u0448\u0435 \u0432\u0440\u0435\u043c\u044f. \u0415\u0435 \u0438\u0437\u044e\u043c\u0438\u043d\u043a\u0430-\u043c\u0438\u043b\u044b\u0435 \u0448\u0430\u0440\u0438\u043a\u0438 \u0432 \u0440\u0430\u0437\u043d\u043e\u043e\u0431\u0440\u0430\u0437\u043d\u043e\u0439 \u043f\u043e\u0434\u0430\u0447\u0435 \u043a\u0440\u0435\u043f\u043b\u0435\u043d\u0438\u044f \u0438 \u0444\u043e\u0440\u043c\u044b \u0441\u0430\u043c\u043e\u0433\u043e \u0438\u0437\u0434\u0435\u043b\u0438\u044f.<\/p>","protected":false},"featured_media":16597,"template":"","meta":{"_themeisle_gutenberg_block_has_review":false},"product_brand":[],"product_cat":[94,81],"product_tag":[],"class_list":{"0":"post-16596","1":"product","2":"type-product","3":"status-publish","4":"has-post-thumbnail","6":"product_cat-nastolnye-svetilniki","7":"product_cat-osveshhenie","9":"first","10":"instock","11":"shipping-taxable","12":"purchasable","13":"product-type-simple"},"_links":{"self":[{"href":"https:\/\/moltomobila.md\/ro\/wp-json\/wp\/v2\/product\/16596","targetHints":{"allow":["GET"]}}],"collection":[{"href":"https:\/\/moltomobila.md\/ro\/wp-json\/wp\/v2\/product"}],"about":[{"href":"https:\/\/moltomobila.md\/ro\/wp-json\/wp\/v2\/types\/product"}],"version-history":[{"count":0,"href":"https:\/\/moltomobila.md\/ro\/wp-json\/wp\/v2\/product\/16596\/revisions"}],"wp:featuredmedia":[{"embeddable":true,"href":"https:\/\/moltomobila.md\/ro\/wp-json\/wp\/v2\/media\/16597"}],"wp:attachment":[{"href":"https:\/\/moltomobila.md\/ro\/wp-json\/wp\/v2\/media?parent=16596"}],"wp:term":[{"taxonomy":"product_brand","embeddable":true,"href":"https:\/\/moltomobila.md\/ro\/wp-json\/wp\/v2\/product_brand?post=16596"},{"taxonomy":"product_cat","embeddable":true,"href":"https:\/\/moltomobila.md\/ro\/wp-json\/wp\/v2\/product_cat?post=16596"},{"taxonomy":"product_tag","embeddable":true,"href":"https:\/\/moltomobila.md\/ro\/wp-json\/wp\/v2\/product_tag?post=16596"}],"curies":[{"name":"wp","href":"https:\/\/api.w.org\/{rel}","templated":true}]}}