{"id":16625,"date":"2023-12-11T15:50:00","date_gmt":"2023-12-11T13:50:00","guid":{"rendered":"https:\/\/mediumaquamarine-flamingo-502635.hostingersite.com\/?post_type=product&#038;p=16625"},"modified":"2023-12-11T15:50:00","modified_gmt":"2023-12-11T13:50:00","slug":"bra-black-l100-2","status":"publish","type":"product","link":"https:\/\/moltomobila.md\/ro\/produs\/bra-black-l100-2\/","title":{"rendered":"BRA BLACK L100"},"content":{"rendered":"<p>Black este un articol foarte elegant \u0219i la \u00eendem\u00e2n\u0103! Cu ajutorul acestuia pute\u021bi regla direc\u021bia luminii \u0219i \u00een\u0103l\u021bimea acesteia, ceea ce este util pentru aplice de noptier\u0103, de exemplu, atunci c\u00e2nd ave\u021bi nevoie de o iluminare mai local\u0103 pentru a v\u0103 citi cartea preferat\u0103 sau viceversa, c\u00e2nd dori\u021bi o lumin\u0103 mai difuz\u0103, trebuie doar s\u0103 ridica\u021bi plafonul mai sus. Are un design foarte frumos \u0219i va ad\u0103uga o atmosfer\u0103 pl\u0103cut\u0103 locuin\u021bei dumneavoastr\u0103.<\/p>","protected":false},"excerpt":{"rendered":"<p>\u0411\u0440\u0430 Black &#8212; \u043e\u0447\u0435\u043d\u044c \u0441\u0442\u0438\u043b\u044c\u043d\u0430\u044f \u0438 \u0443\u0434\u043e\u0431\u043d\u0430\u044f \u0432\u0435\u0449\u044c! \u0421 \u043f\u043e\u043c\u043e\u0449\u044c\u044e \u043d\u0435\u0433\u043e \u043c\u043e\u0436\u043d\u043e \u0440\u0435\u0433\u0443\u043b\u0438\u0440\u043e\u0432\u0430\u0442\u044c \u043d\u0430\u043f\u0440\u0430\u0432\u043b\u0435\u043d\u0438\u0435 \u0441\u0432\u0435\u0442\u0430 \u0438 \u0435\u0433\u043e \u0432\u044b\u0441\u043e\u0442\u0443, \u0447\u0442\u043e \u043f\u0440\u0438\u0433\u043e\u0434\u0438\u0442\u0441\u044f<\/p>","protected":false},"featured_media":16626,"template":"","meta":{"_themeisle_gutenberg_block_has_review":false},"product_brand":[],"product_cat":[92,81],"product_tag":[],"class_list":{"0":"post-16625","1":"product","2":"type-product","3":"status-publish","4":"has-post-thumbnail","6":"product_cat-bra","7":"product_cat-osveshhenie","9":"first","10":"instock","11":"shipping-taxable","12":"purchasable","13":"product-type-simple"},"_links":{"self":[{"href":"https:\/\/moltomobila.md\/ro\/wp-json\/wp\/v2\/product\/16625","targetHints":{"allow":["GET"]}}],"collection":[{"href":"https:\/\/moltomobila.md\/ro\/wp-json\/wp\/v2\/product"}],"about":[{"href":"https:\/\/moltomobila.md\/ro\/wp-json\/wp\/v2\/types\/product"}],"version-history":[{"count":0,"href":"https:\/\/moltomobila.md\/ro\/wp-json\/wp\/v2\/product\/16625\/revisions"}],"wp:featuredmedia":[{"embeddable":true,"href":"https:\/\/moltomobila.md\/ro\/wp-json\/wp\/v2\/media\/16626"}],"wp:attachment":[{"href":"https:\/\/moltomobila.md\/ro\/wp-json\/wp\/v2\/media?parent=16625"}],"wp:term":[{"taxonomy":"product_brand","embeddable":true,"href":"https:\/\/moltomobila.md\/ro\/wp-json\/wp\/v2\/product_brand?post=16625"},{"taxonomy":"product_cat","embeddable":true,"href":"https:\/\/moltomobila.md\/ro\/wp-json\/wp\/v2\/product_cat?post=16625"},{"taxonomy":"product_tag","embeddable":true,"href":"https:\/\/moltomobila.md\/ro\/wp-json\/wp\/v2\/product_tag?post=16625"}],"curies":[{"name":"wp","href":"https:\/\/api.w.org\/{rel}","templated":true}]}}