{"id":16655,"date":"2023-12-12T13:50:39","date_gmt":"2023-12-12T11:50:39","guid":{"rendered":"https:\/\/mediumaquamarine-flamingo-502635.hostingersite.com\/?post_type=product&#038;p=16655"},"modified":"2023-12-12T13:50:39","modified_gmt":"2023-12-12T11:50:39","slug":"bra-glob-l80","status":"publish","type":"product","link":"https:\/\/moltomobila.md\/ro\/produs\/bra-glob-l80\/","title":{"rendered":"BRA GLOB L80"},"content":{"rendered":"<p>Lampa Glob cu un plafon \u00een form\u0103 de pic\u0103tur\u0103 de ap\u0103 este foarte original\u0103! Pe perete arat\u0103 foarte original \u0219i unic creeaz\u0103 o atmosfer\u0103 de natur\u0103 primitiv\u0103.<\/p>","protected":false},"excerpt":{"rendered":"<p>Lampa Glob cu un plafon \u00een form\u0103 de pic\u0103tur\u0103 de ap\u0103 este foarte original\u0103! Pe perete arat\u0103 foarte original \u0219i unic creeaz\u0103 o atmosfer\u0103 de natur\u0103 primitiv\u0103.<\/p>","protected":false},"featured_media":16656,"template":"","meta":{"_themeisle_gutenberg_block_has_review":false},"product_brand":[],"product_cat":[92,81],"product_tag":[],"class_list":{"0":"post-16655","1":"product","2":"type-product","3":"status-publish","4":"has-post-thumbnail","6":"product_cat-bra","7":"product_cat-osveshhenie","9":"first","10":"instock","11":"shipping-taxable","12":"purchasable","13":"product-type-simple"},"_links":{"self":[{"href":"https:\/\/moltomobila.md\/ro\/wp-json\/wp\/v2\/product\/16655","targetHints":{"allow":["GET"]}}],"collection":[{"href":"https:\/\/moltomobila.md\/ro\/wp-json\/wp\/v2\/product"}],"about":[{"href":"https:\/\/moltomobila.md\/ro\/wp-json\/wp\/v2\/types\/product"}],"version-history":[{"count":0,"href":"https:\/\/moltomobila.md\/ro\/wp-json\/wp\/v2\/product\/16655\/revisions"}],"wp:featuredmedia":[{"embeddable":true,"href":"https:\/\/moltomobila.md\/ro\/wp-json\/wp\/v2\/media\/16656"}],"wp:attachment":[{"href":"https:\/\/moltomobila.md\/ro\/wp-json\/wp\/v2\/media?parent=16655"}],"wp:term":[{"taxonomy":"product_brand","embeddable":true,"href":"https:\/\/moltomobila.md\/ro\/wp-json\/wp\/v2\/product_brand?post=16655"},{"taxonomy":"product_cat","embeddable":true,"href":"https:\/\/moltomobila.md\/ro\/wp-json\/wp\/v2\/product_cat?post=16655"},{"taxonomy":"product_tag","embeddable":true,"href":"https:\/\/moltomobila.md\/ro\/wp-json\/wp\/v2\/product_tag?post=16655"}],"curies":[{"name":"wp","href":"https:\/\/api.w.org\/{rel}","templated":true}]}}