{"id":16695,"date":"2023-12-13T11:50:53","date_gmt":"2023-12-13T09:50:53","guid":{"rendered":"https:\/\/mediumaquamarine-flamingo-502635.hostingersite.com\/?post_type=product&#038;p=16695"},"modified":"2023-12-13T11:50:53","modified_gmt":"2023-12-13T09:50:53","slug":"bra-led-elision-h60","status":"publish","type":"product","link":"https:\/\/moltomobila.md\/ro\/produs\/bra-led-elision-h60\/","title":{"rendered":"LED ELISION H60 SCONCE"},"content":{"rendered":"<p>LED-ul de design Elision const\u0103 dintr-o baz\u0103 aurie care este \u00eenvelit\u0103 cu un fir frumos de silicon. O combina\u021bie neobi\u0219nuit\u0103 care arat\u0103 foarte stilat\u0103 \u0219i elegant\u0103! Designul dvs. va fi irezistibil prin ad\u0103ugarea unei astfel de l\u0103mpi la el.<\/p>","protected":false},"excerpt":{"rendered":"<p>\u0414\u0438\u0437\u0430\u0439\u043d\u0435\u0440\u0441\u043a\u0438\u0435 \u0431\u0440\u0430 LED Elision-\u0441\u043e\u0441\u0442\u043e\u0438\u0442 \u0438\u0437 \u0437\u043e\u043b\u043e\u0442\u0438\u0441\u0442\u043e\u0439 \u043e\u0441\u043d\u043e\u0432\u044b, \u043a\u043e\u0442\u043e\u0440\u0430\u044f \u043e\u0431\u0432\u0438\u0442\u0430 \u043a\u0440\u0430\u0441\u0438\u0432\u043e\u0439 \u0441\u0438\u043b\u0438\u043a\u043e\u043d\u043e\u0432\u043e\u0439 \u043d\u0438\u0442\u044c\u044e. \u041d\u0435\u043e\u0431\u044b\u0447\u043d\u043e\u0435 \u0441\u043e\u0447\u0435\u0442\u0430\u043d\u0438\u0435, \u043a\u043e\u0442\u043e\u0440\u043e\u0435 \u0432\u044b\u0433\u043b\u044f\u0434\u0438\u0442 \u043e\u0447\u0435\u043d\u044c \u0441\u0442\u0438\u043b\u044c\u043d\u043e \u0438 \u044d\u043b\u0435\u0433\u0430\u043d\u0442\u043d\u043e!<\/p>","protected":false},"featured_media":16696,"template":"","meta":{"_themeisle_gutenberg_block_has_review":false},"product_brand":[],"product_cat":[92,81],"product_tag":[],"class_list":{"0":"post-16695","1":"product","2":"type-product","3":"status-publish","4":"has-post-thumbnail","6":"product_cat-bra","7":"product_cat-osveshhenie","9":"first","10":"instock","11":"shipping-taxable","12":"purchasable","13":"product-type-simple"},"_links":{"self":[{"href":"https:\/\/moltomobila.md\/ro\/wp-json\/wp\/v2\/product\/16695","targetHints":{"allow":["GET"]}}],"collection":[{"href":"https:\/\/moltomobila.md\/ro\/wp-json\/wp\/v2\/product"}],"about":[{"href":"https:\/\/moltomobila.md\/ro\/wp-json\/wp\/v2\/types\/product"}],"version-history":[{"count":0,"href":"https:\/\/moltomobila.md\/ro\/wp-json\/wp\/v2\/product\/16695\/revisions"}],"wp:featuredmedia":[{"embeddable":true,"href":"https:\/\/moltomobila.md\/ro\/wp-json\/wp\/v2\/media\/16696"}],"wp:attachment":[{"href":"https:\/\/moltomobila.md\/ro\/wp-json\/wp\/v2\/media?parent=16695"}],"wp:term":[{"taxonomy":"product_brand","embeddable":true,"href":"https:\/\/moltomobila.md\/ro\/wp-json\/wp\/v2\/product_brand?post=16695"},{"taxonomy":"product_cat","embeddable":true,"href":"https:\/\/moltomobila.md\/ro\/wp-json\/wp\/v2\/product_cat?post=16695"},{"taxonomy":"product_tag","embeddable":true,"href":"https:\/\/moltomobila.md\/ro\/wp-json\/wp\/v2\/product_tag?post=16695"}],"curies":[{"name":"wp","href":"https:\/\/api.w.org\/{rel}","templated":true}]}}