{"id":20062,"date":"2023-12-20T15:57:21","date_gmt":"2023-12-20T13:57:21","guid":{"rendered":"https:\/\/mediumaquamarine-flamingo-502635.hostingersite.com\/?post_type=product&#038;p=20062"},"modified":"2024-03-27T12:33:24","modified_gmt":"2024-03-27T10:33:24","slug":"podves-loft-cap-coffee-h33","status":"publish","type":"product","link":"https:\/\/moltomobila.md\/ro\/produs\/podves-loft-cap-coffee-h33\/","title":{"rendered":"PANDANTIV LOFT CAP CAFEA H33"},"content":{"rendered":"<p>Pandantivul Loft Cap arat\u0103 elegant. Datorit\u0103 designului s\u0103u dublu plafond \u00een culoarea vacii - creeaz\u0103 un joc interesant de lumin\u0103.<\/p>","protected":false},"excerpt":{"rendered":"<p>Pandantivul Loft Cap arat\u0103 elegant. Datorit\u0103 designului s\u0103u dublu plafond \u00een culoarea vacii - creeaz\u0103 un joc interesant de lumin\u0103.<\/p>","protected":false},"featured_media":20063,"template":"","meta":{"_themeisle_gutenberg_block_has_review":false},"product_brand":[],"product_cat":[125,81,91,468,126],"product_tag":[],"class_list":{"0":"post-20062","1":"product","2":"type-product","3":"status-publish","4":"has-post-thumbnail","6":"product_cat-gostinaya","7":"product_cat-osveshhenie","8":"product_cat-podvesy","9":"product_cat-prihozhaya-komnaty","10":"product_cat-spalnya","12":"first","13":"instock","14":"shipping-taxable","15":"purchasable","16":"product-type-simple"},"_links":{"self":[{"href":"https:\/\/moltomobila.md\/ro\/wp-json\/wp\/v2\/product\/20062","targetHints":{"allow":["GET"]}}],"collection":[{"href":"https:\/\/moltomobila.md\/ro\/wp-json\/wp\/v2\/product"}],"about":[{"href":"https:\/\/moltomobila.md\/ro\/wp-json\/wp\/v2\/types\/product"}],"version-history":[{"count":1,"href":"https:\/\/moltomobila.md\/ro\/wp-json\/wp\/v2\/product\/20062\/revisions"}],"predecessor-version":[{"id":71242,"href":"https:\/\/moltomobila.md\/ro\/wp-json\/wp\/v2\/product\/20062\/revisions\/71242"}],"wp:featuredmedia":[{"embeddable":true,"href":"https:\/\/moltomobila.md\/ro\/wp-json\/wp\/v2\/media\/20063"}],"wp:attachment":[{"href":"https:\/\/moltomobila.md\/ro\/wp-json\/wp\/v2\/media?parent=20062"}],"wp:term":[{"taxonomy":"product_brand","embeddable":true,"href":"https:\/\/moltomobila.md\/ro\/wp-json\/wp\/v2\/product_brand?post=20062"},{"taxonomy":"product_cat","embeddable":true,"href":"https:\/\/moltomobila.md\/ro\/wp-json\/wp\/v2\/product_cat?post=20062"},{"taxonomy":"product_tag","embeddable":true,"href":"https:\/\/moltomobila.md\/ro\/wp-json\/wp\/v2\/product_tag?post=20062"}],"curies":[{"name":"wp","href":"https:\/\/api.w.org\/{rel}","templated":true}]}}