{"id":20325,"date":"2023-12-25T21:06:19","date_gmt":"2023-12-25T19:06:19","guid":{"rendered":"https:\/\/mediumaquamarine-flamingo-502635.hostingersite.com\/?post_type=product&#038;p=20325"},"modified":"2023-12-25T21:06:19","modified_gmt":"2023-12-25T19:06:19","slug":"podves-each-d21-2p","status":"publish","type":"product","link":"https:\/\/moltomobila.md\/ro\/produs\/podves-each-d21-2p\/","title":{"rendered":"C\u00c2RLIG FIECARE D21 2P"},"content":{"rendered":"<p>Sec\u021biunea transversal\u0103 a firelor fine ale acestui corp de iluminat \u0219i plafonul triunghiular care curge lin este fascinant\u0103. Acesta combin\u0103 m\u0103iestria materialului cu forma.<\/p>","protected":false},"excerpt":{"rendered":"<p>\u0421\u0435\u0447\u0435\u043d\u0438\u0435 \u0442\u043e\u043d\u043a\u0438\u0445 \u043d\u0438\u0442\u0435\u0439 \u0434\u0430\u043d\u043d\u043e\u0433\u043e \u0441\u0432\u0435\u0442\u0438\u043b\u044c\u043d\u0438\u043a\u0430 \u0438 \u043f\u043b\u0430\u0432\u043d\u043e \u043f\u0435\u0440\u0435\u0445\u043e\u0434\u044f\u0449\u0438\u0445 \u043a \u0442\u0440\u0435\u0443\u0433\u043e\u043b\u044c\u043d\u043e\u043c\u0443 \u043f\u043b\u0430\u0444\u043e\u043d\u0443 &#8212; \u0437\u0430\u0432\u043e\u0440\u0430\u0436\u0438\u0432\u0430\u0435\u0442. \u0412 \u043d\u0435\u043c \u0441\u043e\u0447\u0435\u0442\u0430\u0435\u0442\u0441\u044f \u043c\u0430\u0441\u0442\u0435\u0440\u0441\u0442\u0432\u043e \u0441\u043e\u0435\u0434\u0438\u043d\u0435\u043d\u0438\u044f \u043c\u0430\u0442\u0435\u0440\u0438\u0430\u043b\u0430 \u0441<\/p>","protected":false},"featured_media":20326,"template":"","meta":{"_themeisle_gutenberg_block_has_review":false},"product_brand":[],"product_cat":[81,91],"product_tag":[],"class_list":{"0":"post-20325","1":"product","2":"type-product","3":"status-publish","4":"has-post-thumbnail","6":"product_cat-osveshhenie","7":"product_cat-podvesy","9":"first","10":"instock","11":"shipping-taxable","12":"purchasable","13":"product-type-simple"},"_links":{"self":[{"href":"https:\/\/moltomobila.md\/ro\/wp-json\/wp\/v2\/product\/20325","targetHints":{"allow":["GET"]}}],"collection":[{"href":"https:\/\/moltomobila.md\/ro\/wp-json\/wp\/v2\/product"}],"about":[{"href":"https:\/\/moltomobila.md\/ro\/wp-json\/wp\/v2\/types\/product"}],"version-history":[{"count":0,"href":"https:\/\/moltomobila.md\/ro\/wp-json\/wp\/v2\/product\/20325\/revisions"}],"wp:featuredmedia":[{"embeddable":true,"href":"https:\/\/moltomobila.md\/ro\/wp-json\/wp\/v2\/media\/20326"}],"wp:attachment":[{"href":"https:\/\/moltomobila.md\/ro\/wp-json\/wp\/v2\/media?parent=20325"}],"wp:term":[{"taxonomy":"product_brand","embeddable":true,"href":"https:\/\/moltomobila.md\/ro\/wp-json\/wp\/v2\/product_brand?post=20325"},{"taxonomy":"product_cat","embeddable":true,"href":"https:\/\/moltomobila.md\/ro\/wp-json\/wp\/v2\/product_cat?post=20325"},{"taxonomy":"product_tag","embeddable":true,"href":"https:\/\/moltomobila.md\/ro\/wp-json\/wp\/v2\/product_tag?post=20325"}],"curies":[{"name":"wp","href":"https:\/\/api.w.org\/{rel}","templated":true}]}}