{"id":20340,"date":"2023-12-25T21:12:00","date_gmt":"2023-12-25T19:12:00","guid":{"rendered":"https:\/\/mediumaquamarine-flamingo-502635.hostingersite.com\/?post_type=product&#038;p=20340"},"modified":"2024-03-27T12:31:52","modified_gmt":"2024-03-27T10:31:52","slug":"podves-led-outil-2p-h88-d60","status":"publish","type":"product","link":"https:\/\/moltomobila.md\/ro\/produs\/podves-led-outil-2p-h88-d60\/","title":{"rendered":"PANDANTIV LED OUTIL 2P H88\/D60"},"content":{"rendered":"<p>Pandantivul Led Outil treze\u0219te \u0219i \u00eenc\u00e2nt\u0103 cu designul s\u0103u simplu, robust \u0219i ergonomic. Pur \u0219i simplu v\u0103 surprinde \u0219i v\u0103 inspir\u0103 \u0219i este ideal pentru acas\u0103 \u0219i spa\u021biul de lucru. Este un pandantiv interesant cu tulpini lungi.<\/p>","protected":false},"excerpt":{"rendered":"<p>\u041f\u043e\u0434\u0432\u0435\u0441 Led Outil \u043f\u0440\u043e\u0431\u0443\u0436\u0434\u0430\u0435\u0442 \u0438 \u0440\u0430\u0434\u0443\u0435\u0442 \u0441\u0432\u043e\u0435\u0439 \u043f\u0440\u043e\u0441\u0442\u043e\u0439, \u043f\u0440\u043e\u0447\u043d\u043e\u0439 \u0438 \u044d\u0440\u0433\u043e\u043d\u043e\u043c\u0438\u0447\u043d\u043e\u0439 \u043a\u043e\u043d\u0441\u0442\u0440\u0443\u043a\u0446\u0438\u0435\u0439. \u041f\u0440\u043e\u0441\u0442\u043e \u0443\u0434\u0438\u0432\u043b\u044f\u0435\u0442 \u0438 \u0432\u0434\u043e\u0445\u043d\u043e\u0432\u043b\u044f\u0435\u0442 \u0412\u0430\u0441 \u0438 \u0438\u0434\u0435\u0430\u043b\u044c\u043d\u043e \u043f\u043e\u0434\u0445\u043e\u0434\u044f\u0442<\/p>","protected":false},"featured_media":20370,"template":"","meta":{"_themeisle_gutenberg_block_has_review":false},"product_brand":[],"product_cat":[125,124,81,91],"product_tag":[],"class_list":{"0":"post-20340","1":"product","2":"type-product","3":"status-publish","4":"has-post-thumbnail","6":"product_cat-gostinaya","7":"product_cat-stolovaya","8":"product_cat-osveshhenie","9":"product_cat-podvesy","11":"first","12":"instock","13":"shipping-taxable","14":"purchasable","15":"product-type-simple"},"_links":{"self":[{"href":"https:\/\/moltomobila.md\/ro\/wp-json\/wp\/v2\/product\/20340","targetHints":{"allow":["GET"]}}],"collection":[{"href":"https:\/\/moltomobila.md\/ro\/wp-json\/wp\/v2\/product"}],"about":[{"href":"https:\/\/moltomobila.md\/ro\/wp-json\/wp\/v2\/types\/product"}],"version-history":[{"count":1,"href":"https:\/\/moltomobila.md\/ro\/wp-json\/wp\/v2\/product\/20340\/revisions"}],"predecessor-version":[{"id":34926,"href":"https:\/\/moltomobila.md\/ro\/wp-json\/wp\/v2\/product\/20340\/revisions\/34926"}],"wp:featuredmedia":[{"embeddable":true,"href":"https:\/\/moltomobila.md\/ro\/wp-json\/wp\/v2\/media\/20370"}],"wp:attachment":[{"href":"https:\/\/moltomobila.md\/ro\/wp-json\/wp\/v2\/media?parent=20340"}],"wp:term":[{"taxonomy":"product_brand","embeddable":true,"href":"https:\/\/moltomobila.md\/ro\/wp-json\/wp\/v2\/product_brand?post=20340"},{"taxonomy":"product_cat","embeddable":true,"href":"https:\/\/moltomobila.md\/ro\/wp-json\/wp\/v2\/product_cat?post=20340"},{"taxonomy":"product_tag","embeddable":true,"href":"https:\/\/moltomobila.md\/ro\/wp-json\/wp\/v2\/product_tag?post=20340"}],"curies":[{"name":"wp","href":"https:\/\/api.w.org\/{rel}","templated":true}]}}