{"id":20639,"date":"2023-12-26T18:19:36","date_gmt":"2023-12-26T16:19:36","guid":{"rendered":"https:\/\/mediumaquamarine-flamingo-502635.hostingersite.com\/?post_type=product&#038;p=20639"},"modified":"2023-12-26T18:19:36","modified_gmt":"2023-12-26T16:19:36","slug":"podves-semicircle-d25","status":"publish","type":"product","link":"https:\/\/moltomobila.md\/ro\/produs\/podves-semicircle-d25\/","title":{"rendered":"PANDANTIV SEMICERC D25"},"content":{"rendered":"<p>Lampa suspendat\u0103 aurie minimalist\u0103 Semicircle ofer\u0103 o versiune modern\u0103 \u0219i emite o str\u0103lucire cald\u0103 \u00een orice camer\u0103. Cu stilul s\u0103u modern \u0219i combina\u021bia de materiale, este potrivit\u0103 pentru orice interior.<\/p>","protected":false},"excerpt":{"rendered":"<p>\u041c\u0438\u043d\u0438\u043c\u0430\u043b\u0438\u0441\u0442\u0438\u0447\u043d\u044b\u0439 \u0437\u043e\u043b\u043e\u0442\u043e\u0439 \u043f\u043e\u0434\u0432\u0435\u0441\u043d\u043e\u0439 \u0441\u0432\u0435\u0442\u0438\u043b\u044c\u043d\u0438\u043a Semicircle \u043f\u0440\u0435\u0434\u043b\u0430\u0433\u0430\u0435\u0442 \u0441\u043e\u0432\u0440\u0435\u043c\u0435\u043d\u043d\u0443\u044e \u0432\u0435\u0440\u0441\u0438\u044e \u0438 \u0438\u0437\u043b\u0443\u0447\u0430\u0435\u0442 \u0442\u0435\u043f\u043b\u043e\u0435 \u0441\u0432\u0435\u0447\u0435\u043d\u0438\u0435 \u0432 \u043b\u044e\u0431\u043e\u0439 \u043a\u043e\u043c\u043d\u0430\u0442\u0435. \u0411\u043b\u0430\u0433\u043e\u0434\u0430\u0440\u044f \u0441\u0432\u043e\u0435\u043c\u0443 \u0441\u043e\u0432\u0440\u0435\u043c\u0435\u043d\u043d\u043e\u043c\u0443 \u0441\u0442\u0438\u043b\u044e \u0438<\/p>","protected":false},"featured_media":20640,"template":"","meta":{"_themeisle_gutenberg_block_has_review":false},"product_brand":[],"product_cat":[81,91],"product_tag":[],"class_list":{"0":"post-20639","1":"product","2":"type-product","3":"status-publish","4":"has-post-thumbnail","6":"product_cat-osveshhenie","7":"product_cat-podvesy","9":"first","10":"instock","11":"shipping-taxable","12":"purchasable","13":"product-type-simple"},"_links":{"self":[{"href":"https:\/\/moltomobila.md\/ro\/wp-json\/wp\/v2\/product\/20639","targetHints":{"allow":["GET"]}}],"collection":[{"href":"https:\/\/moltomobila.md\/ro\/wp-json\/wp\/v2\/product"}],"about":[{"href":"https:\/\/moltomobila.md\/ro\/wp-json\/wp\/v2\/types\/product"}],"version-history":[{"count":0,"href":"https:\/\/moltomobila.md\/ro\/wp-json\/wp\/v2\/product\/20639\/revisions"}],"wp:featuredmedia":[{"embeddable":true,"href":"https:\/\/moltomobila.md\/ro\/wp-json\/wp\/v2\/media\/20640"}],"wp:attachment":[{"href":"https:\/\/moltomobila.md\/ro\/wp-json\/wp\/v2\/media?parent=20639"}],"wp:term":[{"taxonomy":"product_brand","embeddable":true,"href":"https:\/\/moltomobila.md\/ro\/wp-json\/wp\/v2\/product_brand?post=20639"},{"taxonomy":"product_cat","embeddable":true,"href":"https:\/\/moltomobila.md\/ro\/wp-json\/wp\/v2\/product_cat?post=20639"},{"taxonomy":"product_tag","embeddable":true,"href":"https:\/\/moltomobila.md\/ro\/wp-json\/wp\/v2\/product_tag?post=20639"}],"curies":[{"name":"wp","href":"https:\/\/api.w.org\/{rel}","templated":true}]}}