{"id":21275,"date":"2023-12-27T22:09:55","date_gmt":"2023-12-27T20:09:55","guid":{"rendered":"https:\/\/mediumaquamarine-flamingo-502635.hostingersite.com\/?post_type=product&#038;p=21275"},"modified":"2024-03-27T12:28:09","modified_gmt":"2024-03-27T10:28:09","slug":"podves-duo-glass-d20-2","status":"publish","type":"product","link":"https:\/\/moltomobila.md\/ro\/produs\/podves-duo-glass-d20-2\/","title":{"rendered":"PANDANTIV DIN STICL\u0102 DUO D20"},"content":{"rendered":"<p>Combina\u021bia de sticl\u0103 transparent\u0103 \u0219i aur creeaz\u0103 o capodoper\u0103 la care vrei s\u0103 prive\u0219ti \u0219i s\u0103 admiri tot timpul! Uneori lucruri aparent simple, dar care arat\u0103 foarte elegant. Pandantivul de design Duo Glass este o man\u0103 cereasc\u0103 pentru o iluminare bun\u0103 \u00een cas\u0103.<\/p>","protected":false},"excerpt":{"rendered":"<p>\u0421\u043e\u0447\u0435\u0442\u0430\u043d\u0438\u0435 \u043f\u0440\u043e\u0437\u0440\u0430\u0447\u043d\u043e\u0433\u043e \u0441\u0442\u0435\u043a\u043b\u0430 \u0441 \u0437\u043e\u043b\u043e\u0442\u043e\u043c &#8212; \u0441\u043e\u0437\u0434\u0430\u044e\u0442 \u043f\u043e\u0438\u0441\u0442\u0438\u043d\u0435 \u0448\u0435\u0434\u0435\u0432\u0440, \u043d\u0430 \u043a\u043e\u0442\u043e\u0440\u044b\u0439 \u0432\u0441\u0435 \u0432\u0440\u0435\u043c\u044f \u0445\u043e\u0447\u0435\u0442\u0441\u044f \u0441\u043c\u043e\u0442\u0440\u0435\u0442\u044c \u0438 \u043b\u044e\u0431\u043e\u0432\u0430\u0442\u044c\u0441\u044f! \u0418\u043d\u043e\u0433\u0434\u0430, \u043a\u0430\u0437\u0430\u043b\u043e\u0441\u044c \u0431\u044b,<\/p>","protected":false},"featured_media":21276,"template":"","meta":{"_themeisle_gutenberg_block_has_review":false},"product_brand":[],"product_cat":[81,91,468,126],"product_tag":[],"class_list":{"0":"post-21275","1":"product","2":"type-product","3":"status-publish","4":"has-post-thumbnail","6":"product_cat-osveshhenie","7":"product_cat-podvesy","8":"product_cat-prihozhaya-komnaty","9":"product_cat-spalnya","11":"first","12":"instock","13":"shipping-taxable","14":"purchasable","15":"product-type-simple"},"_links":{"self":[{"href":"https:\/\/moltomobila.md\/ro\/wp-json\/wp\/v2\/product\/21275","targetHints":{"allow":["GET"]}}],"collection":[{"href":"https:\/\/moltomobila.md\/ro\/wp-json\/wp\/v2\/product"}],"about":[{"href":"https:\/\/moltomobila.md\/ro\/wp-json\/wp\/v2\/types\/product"}],"version-history":[{"count":1,"href":"https:\/\/moltomobila.md\/ro\/wp-json\/wp\/v2\/product\/21275\/revisions"}],"predecessor-version":[{"id":71235,"href":"https:\/\/moltomobila.md\/ro\/wp-json\/wp\/v2\/product\/21275\/revisions\/71235"}],"wp:featuredmedia":[{"embeddable":true,"href":"https:\/\/moltomobila.md\/ro\/wp-json\/wp\/v2\/media\/21276"}],"wp:attachment":[{"href":"https:\/\/moltomobila.md\/ro\/wp-json\/wp\/v2\/media?parent=21275"}],"wp:term":[{"taxonomy":"product_brand","embeddable":true,"href":"https:\/\/moltomobila.md\/ro\/wp-json\/wp\/v2\/product_brand?post=21275"},{"taxonomy":"product_cat","embeddable":true,"href":"https:\/\/moltomobila.md\/ro\/wp-json\/wp\/v2\/product_cat?post=21275"},{"taxonomy":"product_tag","embeddable":true,"href":"https:\/\/moltomobila.md\/ro\/wp-json\/wp\/v2\/product_tag?post=21275"}],"curies":[{"name":"wp","href":"https:\/\/api.w.org\/{rel}","templated":true}]}}