{"id":21395,"date":"2023-12-27T22:46:26","date_gmt":"2023-12-27T20:46:26","guid":{"rendered":"https:\/\/mediumaquamarine-flamingo-502635.hostingersite.com\/?post_type=product&#038;p=21395"},"modified":"2024-03-27T12:26:34","modified_gmt":"2024-03-27T10:26:34","slug":"podves-led-plato-d45","status":"publish","type":"product","link":"https:\/\/moltomobila.md\/ro\/produs\/podves-led-plato-d45\/","title":{"rendered":"PANDANTIV LED PLATO D45"},"content":{"rendered":"<p>O intersec\u021bie elegant\u0103 de lemn \u0219i metal negru \u00eentr-o form\u0103 de lamp\u0103 incredibil de abil\u0103! Echipat\u0103 cu o lamp\u0103 de ghea\u021b\u0103 \u0219i creeaz\u0103 o str\u0103lucire frumoas\u0103 \u00een interiorul plafonului. Designul s\u0103u este foarte delicat, delicat \u0219i cu un sim\u021b fin al gustului.<\/p>","protected":false},"excerpt":{"rendered":"<p>\u042d\u043b\u0435\u0433\u0430\u043d\u0442\u043d\u043e\u0435 \u043f\u0435\u0440\u0435\u0441\u0435\u0447\u0435\u043d\u0438\u0435 \u0434\u0435\u0440\u0435\u0432\u0430 \u0438 \u0447\u0435\u0440\u043d\u043e\u0433\u043e \u043c\u0435\u0442\u0430\u043b\u043b\u0430 \u0432 \u043d\u0435\u0432\u0435\u0440\u043e\u044f\u0442\u043d\u043e \u0438\u0441\u043a\u0443\u0441\u043d\u043e\u0439 \u0444\u043e\u0440\u043c\u0435 \u0441\u0432\u0435\u0442\u0438\u043b\u044c\u043d\u0438\u043a\u0430! \u041e\u0441\u043d\u0430\u0449\u0435\u043d \u043b\u0435\u0434 \u043b\u0430\u043c\u043f\u044b \u0438 \u0441\u043e\u0437\u0434\u0430\u0435\u0442 \u043a\u0440\u0430\u0441\u0438\u0432\u043e\u0435 \u0441\u0432\u0435\u0447\u0435\u043d\u0438\u0435 \u0432\u043d\u0443\u0442\u0440\u0438 \u043f\u043b\u0430\u0444\u043e\u043d\u0430.<\/p>","protected":false},"featured_media":21396,"template":"","meta":{"_themeisle_gutenberg_block_has_review":false},"product_brand":[],"product_cat":[123,124,81,91],"product_tag":[],"class_list":{"0":"post-21395","1":"product","2":"type-product","3":"status-publish","4":"has-post-thumbnail","6":"product_cat-kuhnya","7":"product_cat-stolovaya","8":"product_cat-osveshhenie","9":"product_cat-podvesy","11":"first","12":"instock","13":"shipping-taxable","14":"purchasable","15":"product-type-simple"},"_links":{"self":[{"href":"https:\/\/moltomobila.md\/ro\/wp-json\/wp\/v2\/product\/21395","targetHints":{"allow":["GET"]}}],"collection":[{"href":"https:\/\/moltomobila.md\/ro\/wp-json\/wp\/v2\/product"}],"about":[{"href":"https:\/\/moltomobila.md\/ro\/wp-json\/wp\/v2\/types\/product"}],"version-history":[{"count":1,"href":"https:\/\/moltomobila.md\/ro\/wp-json\/wp\/v2\/product\/21395\/revisions"}],"predecessor-version":[{"id":71233,"href":"https:\/\/moltomobila.md\/ro\/wp-json\/wp\/v2\/product\/21395\/revisions\/71233"}],"wp:featuredmedia":[{"embeddable":true,"href":"https:\/\/moltomobila.md\/ro\/wp-json\/wp\/v2\/media\/21396"}],"wp:attachment":[{"href":"https:\/\/moltomobila.md\/ro\/wp-json\/wp\/v2\/media?parent=21395"}],"wp:term":[{"taxonomy":"product_brand","embeddable":true,"href":"https:\/\/moltomobila.md\/ro\/wp-json\/wp\/v2\/product_brand?post=21395"},{"taxonomy":"product_cat","embeddable":true,"href":"https:\/\/moltomobila.md\/ro\/wp-json\/wp\/v2\/product_cat?post=21395"},{"taxonomy":"product_tag","embeddable":true,"href":"https:\/\/moltomobila.md\/ro\/wp-json\/wp\/v2\/product_tag?post=21395"}],"curies":[{"name":"wp","href":"https:\/\/api.w.org\/{rel}","templated":true}]}}