{"id":21474,"date":"2023-12-27T23:08:57","date_gmt":"2023-12-27T21:08:57","guid":{"rendered":"https:\/\/mediumaquamarine-flamingo-502635.hostingersite.com\/?post_type=product&#038;p=21474"},"modified":"2024-03-27T12:23:37","modified_gmt":"2024-03-27T10:23:37","slug":"podves-glass-ovaal-smoky-grey-h30","status":"publish","type":"product","link":"https:\/\/moltomobila.md\/ro\/produs\/podves-glass-ovaal-smoky-grey-h30\/","title":{"rendered":"PANDANTIV STICL\u0102 OVAAL GRI FUMURIU H30"},"content":{"rendered":"<p>Pandantivul GLASS OVAAL SMOKY-GREY combin\u0103 cu abilitate sticla fumurie senzual\u0103 cu stilul retro inspirat.<\/p>","protected":false},"excerpt":{"rendered":"<p>Pandantivul GLASS OVAAL SMOKY-GREY combin\u0103 cu abilitate sticla fumurie senzual\u0103 cu stilul retro inspirat.<\/p>","protected":false},"featured_media":21475,"template":"","meta":{"_themeisle_gutenberg_block_has_review":false},"product_brand":[],"product_cat":[125,81,91,126],"product_tag":[],"class_list":{"0":"post-21474","1":"product","2":"type-product","3":"status-publish","4":"has-post-thumbnail","6":"product_cat-gostinaya","7":"product_cat-osveshhenie","8":"product_cat-podvesy","9":"product_cat-spalnya","11":"first","12":"instock","13":"shipping-taxable","14":"purchasable","15":"product-type-simple"},"_links":{"self":[{"href":"https:\/\/moltomobila.md\/ro\/wp-json\/wp\/v2\/product\/21474","targetHints":{"allow":["GET"]}}],"collection":[{"href":"https:\/\/moltomobila.md\/ro\/wp-json\/wp\/v2\/product"}],"about":[{"href":"https:\/\/moltomobila.md\/ro\/wp-json\/wp\/v2\/types\/product"}],"version-history":[{"count":1,"href":"https:\/\/moltomobila.md\/ro\/wp-json\/wp\/v2\/product\/21474\/revisions"}],"predecessor-version":[{"id":71231,"href":"https:\/\/moltomobila.md\/ro\/wp-json\/wp\/v2\/product\/21474\/revisions\/71231"}],"wp:featuredmedia":[{"embeddable":true,"href":"https:\/\/moltomobila.md\/ro\/wp-json\/wp\/v2\/media\/21475"}],"wp:attachment":[{"href":"https:\/\/moltomobila.md\/ro\/wp-json\/wp\/v2\/media?parent=21474"}],"wp:term":[{"taxonomy":"product_brand","embeddable":true,"href":"https:\/\/moltomobila.md\/ro\/wp-json\/wp\/v2\/product_brand?post=21474"},{"taxonomy":"product_cat","embeddable":true,"href":"https:\/\/moltomobila.md\/ro\/wp-json\/wp\/v2\/product_cat?post=21474"},{"taxonomy":"product_tag","embeddable":true,"href":"https:\/\/moltomobila.md\/ro\/wp-json\/wp\/v2\/product_tag?post=21474"}],"curies":[{"name":"wp","href":"https:\/\/api.w.org\/{rel}","templated":true}]}}