{"id":21498,"date":"2023-12-27T23:17:50","date_gmt":"2023-12-27T21:17:50","guid":{"rendered":"https:\/\/mediumaquamarine-flamingo-502635.hostingersite.com\/?post_type=product&#038;p=21498"},"modified":"2023-12-27T23:17:50","modified_gmt":"2023-12-27T21:17:50","slug":"podves-loft-pan-black-d50","status":"publish","type":"product","link":"https:\/\/moltomobila.md\/ro\/produs\/podves-loft-pan-black-d50\/","title":{"rendered":"PANDANTIV LOFT PAN NEGRU D50"},"content":{"rendered":"<p>\u00cen acest model al pandantivului Loft Pan - ceea ce v\u0103 frapeaz\u0103 este cu siguran\u021b\u0103 puterea, fundamentalitatea \u0219i rezisten\u021ba sa. Fiecare detaliu al corpului de iluminat vorbe\u0219te numai despre acest lucru: \u0219uruburi \u0219i cleme mari, corp de iluminat impun\u0103tor, plafon metalic. Acest corp de iluminat este \u00eenzestrat cu un caracter cu adev\u0103rat masculin - implacabil, cu voin\u021b\u0103 puternic\u0103, neclintit. Creeaz\u0103 o impresie puternic\u0103. Modelul este cel mai potrivit pentru unit\u0103\u021bile realizate \u00eentr-un stil brutal strict, cu decor din metal \u0219i lemn \u00een interior.<\/p>","protected":false},"excerpt":{"rendered":"<p>\u0412 \u044d\u0442\u043e\u0439 \u043c\u043e\u0434\u0435\u043b\u0438 \u043f\u043e\u0434\u0432\u0435\u0441\u0430 Loft Pan &#8212; \u043f\u043e\u0440\u0430\u0436\u0430\u0435\u0442, \u0431\u0435\u0437\u0443\u0441\u043b\u043e\u0432\u043d\u043e, \u0435\u0433\u043e \u043c\u043e\u0449\u044c, \u0444\u0443\u043d\u0434\u0430\u043c\u0435\u043d\u0442\u0430\u043b\u044c\u043d\u043e\u0441\u0442\u044c \u0438 \u0441\u0438\u043b\u0430. \u041a\u0430\u0436\u0434\u0430\u044f \u0434\u0435\u0442\u0430\u043b\u044c \u0441\u0432\u0435\u0442\u0438\u043b\u044c\u043d\u0438\u043a\u0430 \u0433\u043e\u0432\u043e\u0440\u0438\u0442 \u0442\u043e\u043b\u044c\u043a\u043e \u043e\u0431<\/p>","protected":false},"featured_media":21499,"template":"","meta":{"_themeisle_gutenberg_block_has_review":false},"product_brand":[],"product_cat":[81,91],"product_tag":[],"class_list":{"0":"post-21498","1":"product","2":"type-product","3":"status-publish","4":"has-post-thumbnail","6":"product_cat-osveshhenie","7":"product_cat-podvesy","9":"first","10":"instock","11":"shipping-taxable","12":"purchasable","13":"product-type-simple"},"_links":{"self":[{"href":"https:\/\/moltomobila.md\/ro\/wp-json\/wp\/v2\/product\/21498","targetHints":{"allow":["GET"]}}],"collection":[{"href":"https:\/\/moltomobila.md\/ro\/wp-json\/wp\/v2\/product"}],"about":[{"href":"https:\/\/moltomobila.md\/ro\/wp-json\/wp\/v2\/types\/product"}],"version-history":[{"count":0,"href":"https:\/\/moltomobila.md\/ro\/wp-json\/wp\/v2\/product\/21498\/revisions"}],"wp:featuredmedia":[{"embeddable":true,"href":"https:\/\/moltomobila.md\/ro\/wp-json\/wp\/v2\/media\/21499"}],"wp:attachment":[{"href":"https:\/\/moltomobila.md\/ro\/wp-json\/wp\/v2\/media?parent=21498"}],"wp:term":[{"taxonomy":"product_brand","embeddable":true,"href":"https:\/\/moltomobila.md\/ro\/wp-json\/wp\/v2\/product_brand?post=21498"},{"taxonomy":"product_cat","embeddable":true,"href":"https:\/\/moltomobila.md\/ro\/wp-json\/wp\/v2\/product_cat?post=21498"},{"taxonomy":"product_tag","embeddable":true,"href":"https:\/\/moltomobila.md\/ro\/wp-json\/wp\/v2\/product_tag?post=21498"}],"curies":[{"name":"wp","href":"https:\/\/api.w.org\/{rel}","templated":true}]}}