{"id":21601,"date":"2023-12-27T23:43:40","date_gmt":"2023-12-27T21:43:40","guid":{"rendered":"https:\/\/mediumaquamarine-flamingo-502635.hostingersite.com\/?post_type=product&#038;p=21601"},"modified":"2023-12-27T23:45:13","modified_gmt":"2023-12-27T21:45:13","slug":"podves-loft-glass-smoky-grey-d14","status":"publish","type":"product","link":"https:\/\/moltomobila.md\/ro\/produs\/podves-loft-glass-smoky-grey-d14\/","title":{"rendered":"PANDANTIV LOFT STICL\u0102 GRI FUMURIU D14"},"content":{"rendered":"<p>Colec\u021bia Loft Glass Smoky Grey surprinde prin formele sale delicate, iluzia de sticl\u0103 fragil\u0103 \u0219i str\u0103lucirea frumoas\u0103 a luminii fumurii! Fiecare pandantiv din serie este unic \u0219i atent la design - liniile lor curbate sunt hipnotizante. Fiecare form\u0103 o completeaz\u0103 pe cealalt\u0103 \u0219i \u00eempreun\u0103 creeaz\u0103 o idil\u0103 a ilumin\u0103rii. Va fi un plus foarte interesant \u00eentr-o camer\u0103 cu un spa\u021biu mare, unde pot fi ag\u0103\u021bate mai multe lumini suspendate.<\/p>","protected":false},"excerpt":{"rendered":"<p>\u041a\u043e\u043b\u043b\u0435\u043a\u0446\u0438\u044f Loft Glass Smoky Grey &#8212; \u0443\u0434\u0438\u0432\u043b\u044f\u0435\u0442 \u0441\u0432\u043e\u0435\u0439 \u043d\u0435\u0436\u043d\u043e\u0439 \u0434\u0435\u043b\u0438\u043a\u0430\u0442\u043d\u043e\u0441\u0442\u044c\u044e \u0444\u043e\u0440\u043c, \u0438\u043b\u043b\u044e\u0437\u0438\u0435\u0439 \u0445\u0440\u0443\u043f\u043a\u043e\u0433\u043e \u0441\u0442\u0435\u043a\u043b\u0430 \u0438 \u043a\u0440\u0430\u0441\u0438\u0432\u044b\u043c \u0441\u0432\u0435\u0447\u0435\u043d\u0438\u0435\u043c \u0434\u044b\u043c\u0447\u0430\u0442\u043e\u0433\u043e \u0441\u0432\u0435\u0442\u0430! \u041a\u0430\u0436\u0434\u044b\u0439<\/p>","protected":false},"featured_media":21602,"template":"","meta":{"_themeisle_gutenberg_block_has_review":false},"product_brand":[],"product_cat":[81,91],"product_tag":[],"class_list":{"0":"post-21601","1":"product","2":"type-product","3":"status-publish","4":"has-post-thumbnail","6":"product_cat-osveshhenie","7":"product_cat-podvesy","9":"first","10":"instock","11":"shipping-taxable","12":"purchasable","13":"product-type-simple"},"_links":{"self":[{"href":"https:\/\/moltomobila.md\/ro\/wp-json\/wp\/v2\/product\/21601","targetHints":{"allow":["GET"]}}],"collection":[{"href":"https:\/\/moltomobila.md\/ro\/wp-json\/wp\/v2\/product"}],"about":[{"href":"https:\/\/moltomobila.md\/ro\/wp-json\/wp\/v2\/types\/product"}],"version-history":[{"count":0,"href":"https:\/\/moltomobila.md\/ro\/wp-json\/wp\/v2\/product\/21601\/revisions"}],"wp:featuredmedia":[{"embeddable":true,"href":"https:\/\/moltomobila.md\/ro\/wp-json\/wp\/v2\/media\/21602"}],"wp:attachment":[{"href":"https:\/\/moltomobila.md\/ro\/wp-json\/wp\/v2\/media?parent=21601"}],"wp:term":[{"taxonomy":"product_brand","embeddable":true,"href":"https:\/\/moltomobila.md\/ro\/wp-json\/wp\/v2\/product_brand?post=21601"},{"taxonomy":"product_cat","embeddable":true,"href":"https:\/\/moltomobila.md\/ro\/wp-json\/wp\/v2\/product_cat?post=21601"},{"taxonomy":"product_tag","embeddable":true,"href":"https:\/\/moltomobila.md\/ro\/wp-json\/wp\/v2\/product_tag?post=21601"}],"curies":[{"name":"wp","href":"https:\/\/api.w.org\/{rel}","templated":true}]}}