{"id":22626,"date":"2024-01-04T13:19:47","date_gmt":"2024-01-04T11:19:47","guid":{"rendered":"https:\/\/mediumaquamarine-flamingo-502635.hostingersite.com\/?post_type=product&#038;p=22626"},"modified":"2024-01-04T13:24:36","modified_gmt":"2024-01-04T11:24:36","slug":"kartina-na-stekle-mustang-60x120cm","status":"publish","type":"product","link":"https:\/\/moltomobila.md\/ro\/produs\/kartina-na-stekle-mustang-60x120cm\/","title":{"rendered":"PICTUR\u0102 PE STICL\u0102 MUSTANG 60X120CM"},"content":{"rendered":"<p>Picturile murale pe sticl\u0103 c\u0103lit\u0103 sunt create folosind imprimarea foto de \u00eenalt\u0103 calitate.<\/p>\n<p>Designul imaginii f\u0103r\u0103 ram\u0103 creeaz\u0103 un efect unic \u0219i ofer\u0103 luminozitate \u00een camer\u0103. \u00cen sortimentul nostru ve\u021bi g\u0103si o gam\u0103 larg\u0103 de modele care vor ajuta la crearea atmosferei potrivite \u00een orice camer\u0103.<\/p>\n<p>Tablourile noastre din sticl\u0103 temperat\u0103 nu sunt doar un element de decor, ci o art\u0103 unic\u0103 care va da un sentiment de confort \u0219i armonie \u00een interiorul dvs.<\/p>\n<p>Avem o gam\u0103 larg\u0103 de tablouri cu animale \u00een culori vibrante \u0219i grafic\u0103 detaliat\u0103 care va face camera dvs. mai sofisticat\u0103 \u0219i mai interesant\u0103.<\/p>","protected":false},"excerpt":{"rendered":"<p>\u041d\u0430\u0441\u0442\u0435\u043d\u043d\u044b\u0435 \u043a\u0430\u0440\u0442\u0438\u043d\u044b \u043d\u0430 \u0437\u0430\u043a\u0430\u043b\u0435\u043d\u043d\u043e\u043c \u0441\u0442\u0435\u043a\u043b\u0435 \u0441\u043e\u0437\u0434\u0430\u044e\u0442\u0441\u044f \u0441 \u043f\u043e\u043c\u043e\u0449\u044c\u044e \u043a\u0430\u0447\u0435\u0441\u0442\u0432\u0435\u043d\u043d\u043e\u0439 \u0444\u043e\u0442\u043e\u043f\u0435\u0447\u0430\u0442\u0438. \u0411\u0435\u0437\u0440\u0430\u043c\u043e\u0447\u043d\u044b\u0439 \u0434\u0438\u0437\u0430\u0439\u043d \u043a\u0430\u0440\u0442\u0438\u043d \u0441\u043e\u0437\u0434\u0430\u0435\u0442 \u043d\u0435\u043f\u043e\u0432\u0442\u043e\u0440\u0438\u043c\u044b\u0439 \u044d\u0444\u0444\u0435\u043a\u0442 \u0438 \u043e\u0431\u0435\u0441\u043f\u0435\u0447\u0438\u0432\u0430\u0435\u0442 \u043b\u0435\u0433\u043a\u043e\u0441\u0442\u044c \u0432<\/p>","protected":false},"featured_media":22631,"template":"","meta":{"_themeisle_gutenberg_block_has_review":false},"product_brand":[],"product_cat":[132,210],"product_tag":[],"class_list":{"0":"post-22626","1":"product","2":"type-product","3":"status-publish","4":"has-post-thumbnail","6":"product_cat-dekor","7":"product_cat-kartiny","9":"first","10":"instock","11":"shipping-taxable","12":"purchasable","13":"product-type-simple"},"_links":{"self":[{"href":"https:\/\/moltomobila.md\/ro\/wp-json\/wp\/v2\/product\/22626","targetHints":{"allow":["GET"]}}],"collection":[{"href":"https:\/\/moltomobila.md\/ro\/wp-json\/wp\/v2\/product"}],"about":[{"href":"https:\/\/moltomobila.md\/ro\/wp-json\/wp\/v2\/types\/product"}],"version-history":[{"count":0,"href":"https:\/\/moltomobila.md\/ro\/wp-json\/wp\/v2\/product\/22626\/revisions"}],"wp:featuredmedia":[{"embeddable":true,"href":"https:\/\/moltomobila.md\/ro\/wp-json\/wp\/v2\/media\/22631"}],"wp:attachment":[{"href":"https:\/\/moltomobila.md\/ro\/wp-json\/wp\/v2\/media?parent=22626"}],"wp:term":[{"taxonomy":"product_brand","embeddable":true,"href":"https:\/\/moltomobila.md\/ro\/wp-json\/wp\/v2\/product_brand?post=22626"},{"taxonomy":"product_cat","embeddable":true,"href":"https:\/\/moltomobila.md\/ro\/wp-json\/wp\/v2\/product_cat?post=22626"},{"taxonomy":"product_tag","embeddable":true,"href":"https:\/\/moltomobila.md\/ro\/wp-json\/wp\/v2\/product_tag?post=22626"}],"curies":[{"name":"wp","href":"https:\/\/api.w.org\/{rel}","templated":true}]}}