{"id":22783,"date":"2024-01-04T19:35:41","date_gmt":"2024-01-04T17:35:41","guid":{"rendered":"https:\/\/mediumaquamarine-flamingo-502635.hostingersite.com\/?post_type=product&#038;p=22783"},"modified":"2024-01-04T20:03:42","modified_gmt":"2024-01-04T18:03:42","slug":"statuetka-abstract-woman-a","status":"publish","type":"product","link":"https:\/\/moltomobila.md\/ro\/produs\/statuetka-abstract-woman-a\/","title":{"rendered":"FIGURIN\u0102 ABSTRACT\u0102 FEMEIE A"},"content":{"rendered":"<p>Element decorativ foarte original \u0219i elegant sub form\u0103 de statuet\u0103 Abstract Woman. Ideal\u0103 pentru un cadou \u0219i pentru decorarea interiorului dumneavoastr\u0103.<\/p>\n<p>Statueta este decorul perfect pentru camera de zi, dormitor, buc\u0103t\u0103rie, birou, sal\u0103 de mese sau orice alt loc.<\/p>","protected":false},"excerpt":{"rendered":"<p>Element decorativ foarte original \u0219i elegant sub form\u0103 de statuet\u0103 Abstract Woman. Ideal\u0103 pentru un cadou \u0219i pentru decorarea interiorului dumneavoastr\u0103.<\/p>","protected":false},"featured_media":22784,"template":"","meta":{"_themeisle_gutenberg_block_has_review":false},"product_brand":[],"product_cat":[132,211],"product_tag":[],"class_list":{"0":"post-22783","1":"product","2":"type-product","3":"status-publish","4":"has-post-thumbnail","6":"product_cat-dekor","7":"product_cat-statuetki","9":"first","10":"instock","11":"shipping-taxable","12":"purchasable","13":"product-type-simple"},"_links":{"self":[{"href":"https:\/\/moltomobila.md\/ro\/wp-json\/wp\/v2\/product\/22783","targetHints":{"allow":["GET"]}}],"collection":[{"href":"https:\/\/moltomobila.md\/ro\/wp-json\/wp\/v2\/product"}],"about":[{"href":"https:\/\/moltomobila.md\/ro\/wp-json\/wp\/v2\/types\/product"}],"version-history":[{"count":0,"href":"https:\/\/moltomobila.md\/ro\/wp-json\/wp\/v2\/product\/22783\/revisions"}],"wp:featuredmedia":[{"embeddable":true,"href":"https:\/\/moltomobila.md\/ro\/wp-json\/wp\/v2\/media\/22784"}],"wp:attachment":[{"href":"https:\/\/moltomobila.md\/ro\/wp-json\/wp\/v2\/media?parent=22783"}],"wp:term":[{"taxonomy":"product_brand","embeddable":true,"href":"https:\/\/moltomobila.md\/ro\/wp-json\/wp\/v2\/product_brand?post=22783"},{"taxonomy":"product_cat","embeddable":true,"href":"https:\/\/moltomobila.md\/ro\/wp-json\/wp\/v2\/product_cat?post=22783"},{"taxonomy":"product_tag","embeddable":true,"href":"https:\/\/moltomobila.md\/ro\/wp-json\/wp\/v2\/product_tag?post=22783"}],"curies":[{"name":"wp","href":"https:\/\/api.w.org\/{rel}","templated":true}]}}