{"id":22803,"date":"2024-01-04T20:00:27","date_gmt":"2024-01-04T18:00:27","guid":{"rendered":"https:\/\/mediumaquamarine-flamingo-502635.hostingersite.com\/?post_type=product&#038;p=22803"},"modified":"2024-01-04T20:16:59","modified_gmt":"2024-01-04T18:16:59","slug":"statuetka-abstract-woman-c","status":"publish","type":"product","link":"https:\/\/moltomobila.md\/ro\/produs\/statuetka-abstract-woman-c\/","title":{"rendered":"FIGURIN\u0102 GRAFFITI CHIHUAHUA RO\u0218U"},"content":{"rendered":"<p>Element decorativ foarte original \u0219i elegant sub form\u0103 de figurin\u0103 Chihuahua. Designul neobi\u0219nuit este ideal pentru un cadou \u0219i pentru decorarea interiorului dumneavoastr\u0103.<\/p>\n<p>Aceast\u0103 statuie de c\u00e2ine va fi un plus grozav pentru decorul casei tale. Poate fi folosit\u0103 ca decor pentru camera de zi, dormitor, birou sau orice alt loc pe care dori\u021bi s\u0103 \u00eel decora\u021bi.<br \/>\nMare cadou pentru iubitorii de c\u00e2ini, prieteni sau familie pentru zile de na\u0219tere, Cr\u0103ciun, Anul Nou, Ziua \u00cendr\u0103gosti\u021bilor, Ziua Mamei \u0219i altele asemenea.<\/p>","protected":false},"excerpt":{"rendered":"<p>\u041e\u0447\u0435\u043d\u044c \u043e\u0440\u0438\u0433\u0438\u043d\u0430\u043b\u044c\u043d\u044b\u0439 \u0438 \u0441\u0442\u0438\u043b\u044c\u043d\u044b\u0439 \u0434\u0435\u043a\u043e\u0440\u0430\u0442\u0438\u0432\u043d\u044b\u0439 \u044d\u043b\u0435\u043c\u0435\u043d\u0442 \u0432 \u0432\u0438\u0434\u0435 \u0441\u0442\u0430\u0442\u0443\u044d\u0442\u043a\u0438 Chihuahua. \u041d\u0435\u043e\u0431\u044b\u0447\u043d\u044b\u0439 \u0434\u0438\u0437\u0430\u0439\u043d \u0438\u0434\u0435\u0430\u043b\u044c\u043d\u043e \u043f\u043e\u0434\u043e\u0439\u0434\u0435\u0442 \u0434\u043b\u044f \u043f\u043e\u0434\u0430\u0440\u043a\u0430 \u0438 \u0434\u043b\u044f \u0434\u0435\u043a\u043e\u0440\u0430 \u0432\u0430\u0448\u0435\u0433\u043e<\/p>","protected":false},"featured_media":22818,"template":"","meta":{"_themeisle_gutenberg_block_has_review":false},"product_brand":[],"product_cat":[132,211],"product_tag":[],"class_list":{"0":"post-22803","1":"product","2":"type-product","3":"status-publish","4":"has-post-thumbnail","6":"product_cat-dekor","7":"product_cat-statuetki","9":"first","10":"instock","11":"shipping-taxable","12":"purchasable","13":"product-type-simple"},"_links":{"self":[{"href":"https:\/\/moltomobila.md\/ro\/wp-json\/wp\/v2\/product\/22803","targetHints":{"allow":["GET"]}}],"collection":[{"href":"https:\/\/moltomobila.md\/ro\/wp-json\/wp\/v2\/product"}],"about":[{"href":"https:\/\/moltomobila.md\/ro\/wp-json\/wp\/v2\/types\/product"}],"version-history":[{"count":0,"href":"https:\/\/moltomobila.md\/ro\/wp-json\/wp\/v2\/product\/22803\/revisions"}],"wp:featuredmedia":[{"embeddable":true,"href":"https:\/\/moltomobila.md\/ro\/wp-json\/wp\/v2\/media\/22818"}],"wp:attachment":[{"href":"https:\/\/moltomobila.md\/ro\/wp-json\/wp\/v2\/media?parent=22803"}],"wp:term":[{"taxonomy":"product_brand","embeddable":true,"href":"https:\/\/moltomobila.md\/ro\/wp-json\/wp\/v2\/product_brand?post=22803"},{"taxonomy":"product_cat","embeddable":true,"href":"https:\/\/moltomobila.md\/ro\/wp-json\/wp\/v2\/product_cat?post=22803"},{"taxonomy":"product_tag","embeddable":true,"href":"https:\/\/moltomobila.md\/ro\/wp-json\/wp\/v2\/product_tag?post=22803"}],"curies":[{"name":"wp","href":"https:\/\/api.w.org\/{rel}","templated":true}]}}