{"id":22920,"date":"2024-01-04T21:00:00","date_gmt":"2024-01-04T19:00:00","guid":{"rendered":"https:\/\/mediumaquamarine-flamingo-502635.hostingersite.com\/?post_type=product&#038;p=22920"},"modified":"2024-01-04T21:02:21","modified_gmt":"2024-01-04T19:02:21","slug":"statuetka-graffiti-english-dachshund","status":"publish","type":"product","link":"https:\/\/moltomobila.md\/ro\/produs\/statuetka-graffiti-english-dachshund\/","title":{"rendered":"STATUET\u0102 GRAFFITI TECKEL ENGLEZESC"},"content":{"rendered":"<p>Un element decorativ foarte original \u0219i elegant sub forma unei figurine Graffiti Dachshund. Design neobi\u0219nuit, realizat \u00een stilul graffiti, ideal pentru un cadou \u0219i pentru decorarea interiorului.<\/p>\n<p>Aceast\u0103 statuie de c\u00e2ine va fi un accesoriu minunat pentru decorul casei dvs. Poate fi folosit\u0103 ca decor pentru camera de zi, dormitor, birou sau orice alt loc pe care dori\u021bi s\u0103-l decora\u021bi.<br \/>\nMare cadou pentru iubitorii de c\u00e2ini, prieteni sau familie pentru zile de na\u0219tere, Cr\u0103ciun, Anul Nou, Ziua \u00cendr\u0103gosti\u021bilor, Ziua Mamei \u0219i altele asemenea.<\/p>","protected":false},"excerpt":{"rendered":"<p>\u041e\u0447\u0435\u043d\u044c \u043e\u0440\u0438\u0433\u0438\u043d\u0430\u043b\u044c\u043d\u044b\u0439 \u0438 \u0441\u0442\u0438\u043b\u044c\u043d\u044b\u0439 \u0434\u0435\u043a\u043e\u0440\u0430\u0442\u0438\u0432\u043d\u044b\u0439 \u044d\u043b\u0435\u043c\u0435\u043d\u0442 \u0432 \u0432\u0438\u0434\u0435 \u0441\u0442\u0430\u0442\u0443\u044d\u0442\u043a\u0438 Graffiti Dachshund. \u041d\u0435\u043e\u0431\u044b\u0447\u043d\u044b\u0439 \u0434\u0438\u0437\u0430\u0439\u043d, \u0432\u044b\u043f\u043e\u043b\u043d\u0435\u043d\u043d\u044b\u0439 \u0432 \u0441\u0442\u0438\u043b\u0435 \u0433\u0440\u0430\u0444\u0444\u0438\u0442\u0438, \u0438\u0434\u0435\u0430\u043b\u044c\u043d\u043e \u043f\u043e\u0434\u043e\u0439\u0434\u0435\u0442 \u0434\u043b\u044f<\/p>","protected":false},"featured_media":22921,"template":"","meta":{"_themeisle_gutenberg_block_has_review":false},"product_brand":[],"product_cat":[132,211],"product_tag":[],"class_list":{"0":"post-22920","1":"product","2":"type-product","3":"status-publish","4":"has-post-thumbnail","6":"product_cat-dekor","7":"product_cat-statuetki","9":"first","10":"instock","11":"shipping-taxable","12":"purchasable","13":"product-type-simple"},"_links":{"self":[{"href":"https:\/\/moltomobila.md\/ro\/wp-json\/wp\/v2\/product\/22920","targetHints":{"allow":["GET"]}}],"collection":[{"href":"https:\/\/moltomobila.md\/ro\/wp-json\/wp\/v2\/product"}],"about":[{"href":"https:\/\/moltomobila.md\/ro\/wp-json\/wp\/v2\/types\/product"}],"version-history":[{"count":0,"href":"https:\/\/moltomobila.md\/ro\/wp-json\/wp\/v2\/product\/22920\/revisions"}],"wp:featuredmedia":[{"embeddable":true,"href":"https:\/\/moltomobila.md\/ro\/wp-json\/wp\/v2\/media\/22921"}],"wp:attachment":[{"href":"https:\/\/moltomobila.md\/ro\/wp-json\/wp\/v2\/media?parent=22920"}],"wp:term":[{"taxonomy":"product_brand","embeddable":true,"href":"https:\/\/moltomobila.md\/ro\/wp-json\/wp\/v2\/product_brand?post=22920"},{"taxonomy":"product_cat","embeddable":true,"href":"https:\/\/moltomobila.md\/ro\/wp-json\/wp\/v2\/product_cat?post=22920"},{"taxonomy":"product_tag","embeddable":true,"href":"https:\/\/moltomobila.md\/ro\/wp-json\/wp\/v2\/product_tag?post=22920"}],"curies":[{"name":"wp","href":"https:\/\/api.w.org\/{rel}","templated":true}]}}