{"id":22953,"date":"2024-01-10T14:17:49","date_gmt":"2024-01-10T12:17:49","guid":{"rendered":"https:\/\/mediumaquamarine-flamingo-502635.hostingersite.com\/?post_type=product&#038;p=22953"},"modified":"2024-01-10T14:23:04","modified_gmt":"2024-01-10T12:23:04","slug":"statuetka-podstavka-white-bulldog-18cm","status":"publish","type":"product","link":"https:\/\/moltomobila.md\/ro\/produs\/statuetka-podstavka-white-bulldog-18cm\/","title":{"rendered":"STATUET\u0102 SUPORT BULDOG ALB 18CM"},"content":{"rendered":"<p>Element decorativ foarte original \u0219i elegant sub form\u0103 de Statuet\u0103 Suport Bulldog alb 18cm.<\/p>\n<p>Form\u0103 simpl\u0103 \u0219i unic\u0103, culori str\u0103lucitoare \u0219i vibrante, m\u0103iestrie fin\u0103.<br \/>\nIdeal pentru decorare, colec\u021bie de art\u0103, cadou de ziua de na\u0219tere, afaceri, tav\u0103 de depozitare \u0219i altele asemenea.<br \/>\nCadoul perfect pentru iubitorii de c\u00e2ini, prietena, fiica, prietenul, sora.<\/p>\n<p>Statueta este decorul perfect pentru camera de zi, dormitor, buc\u0103t\u0103rie, birou, sal\u0103 de mese sau orice alt loc.<\/p>","protected":false},"excerpt":{"rendered":"<p>\u041e\u0447\u0435\u043d\u044c \u043e\u0440\u0438\u0433\u0438\u043d\u0430\u043b\u044c\u043d\u044b\u0439 \u0438 \u0441\u0442\u0438\u043b\u044c\u043d\u044b\u0439 \u0434\u0435\u043a\u043e\u0440\u0430\u0442\u0438\u0432\u043d\u044b\u0439 \u044d\u043b\u0435\u043c\u0435\u043d\u0442 \u0432 \u0432\u0438\u0434\u0435 \u0421\u0442\u0430\u0442\u0443\u044d\u0442\u043a\u0438 \u041f\u043e\u0434\u0441\u0442\u0430\u0432\u043a\u0438 White Bulldog 18cm. \u041f\u0440\u043e\u0441\u0442\u0430\u044f \u0438 \u0443\u043d\u0438\u043a\u0430\u043b\u044c\u043d\u0430\u044f \u0444\u043e\u0440\u043c\u0430, \u044f\u0440\u043a\u0438\u0435 \u0438 \u0436\u0438\u0432\u044b\u0435<\/p>","protected":false},"featured_media":22958,"template":"","meta":{"_themeisle_gutenberg_block_has_review":false},"product_brand":[],"product_cat":[132,211],"product_tag":[],"class_list":{"0":"post-22953","1":"product","2":"type-product","3":"status-publish","4":"has-post-thumbnail","6":"product_cat-dekor","7":"product_cat-statuetki","9":"first","10":"instock","11":"shipping-taxable","12":"purchasable","13":"product-type-simple"},"_links":{"self":[{"href":"https:\/\/moltomobila.md\/ro\/wp-json\/wp\/v2\/product\/22953","targetHints":{"allow":["GET"]}}],"collection":[{"href":"https:\/\/moltomobila.md\/ro\/wp-json\/wp\/v2\/product"}],"about":[{"href":"https:\/\/moltomobila.md\/ro\/wp-json\/wp\/v2\/types\/product"}],"version-history":[{"count":0,"href":"https:\/\/moltomobila.md\/ro\/wp-json\/wp\/v2\/product\/22953\/revisions"}],"wp:featuredmedia":[{"embeddable":true,"href":"https:\/\/moltomobila.md\/ro\/wp-json\/wp\/v2\/media\/22958"}],"wp:attachment":[{"href":"https:\/\/moltomobila.md\/ro\/wp-json\/wp\/v2\/media?parent=22953"}],"wp:term":[{"taxonomy":"product_brand","embeddable":true,"href":"https:\/\/moltomobila.md\/ro\/wp-json\/wp\/v2\/product_brand?post=22953"},{"taxonomy":"product_cat","embeddable":true,"href":"https:\/\/moltomobila.md\/ro\/wp-json\/wp\/v2\/product_cat?post=22953"},{"taxonomy":"product_tag","embeddable":true,"href":"https:\/\/moltomobila.md\/ro\/wp-json\/wp\/v2\/product_tag?post=22953"}],"curies":[{"name":"wp","href":"https:\/\/api.w.org\/{rel}","templated":true}]}}