{"id":23183,"date":"2024-01-10T15:45:21","date_gmt":"2024-01-10T13:45:21","guid":{"rendered":"https:\/\/mediumaquamarine-flamingo-502635.hostingersite.com\/?post_type=product&#038;p=23183"},"modified":"2024-01-10T15:46:35","modified_gmt":"2024-01-10T13:46:35","slug":"statuetka-david-black-14cm","status":"publish","type":"product","link":"https:\/\/moltomobila.md\/ro\/produs\/statuetka-david-black-14cm\/","title":{"rendered":"STATUET\u0102 DAVID NEGRU 14CM"},"content":{"rendered":"<p>Element decorativ foarte original \u0219i elegant sub form\u0103 de Statuet\u0103 David Black 14cm<\/p>\n<p>Acesta este un cadou minunat pentru prieteni \u0219i familie. Statueta este un decor perfect pentru camera de zi, dormitor, buc\u0103t\u0103rie, birou, sal\u0103 de mese sau orice alt loc.<\/p>","protected":false},"excerpt":{"rendered":"<p>\u041e\u0447\u0435\u043d\u044c \u043e\u0440\u0438\u0433\u0438\u043d\u0430\u043b\u044c\u043d\u044b\u0439 \u0438 \u0441\u0442\u0438\u043b\u044c\u043d\u044b\u0439 \u0434\u0435\u043a\u043e\u0440\u0430\u0442\u0438\u0432\u043d\u044b\u0439 \u044d\u043b\u0435\u043c\u0435\u043d\u0442 \u0432 \u0432\u0438\u0434\u0435 \u0421\u0442\u0430\u0442\u0443\u044d\u0442\u043a\u0438 David Black 14cm \u042d\u0442\u043e \u043e\u0442\u043b\u0438\u0447\u043d\u044b\u0439 \u043f\u043e\u0434\u0430\u0440\u043e\u043a \u0434\u043b\u044f \u0434\u0440\u0443\u0437\u0435\u0439 \u0438 \u0440\u043e\u0434\u043d\u044b\u0445. \u0421\u0442\u0430\u0442\u0443\u044d\u0442\u043a\u0430<\/p>","protected":false},"featured_media":23184,"template":"","meta":{"_themeisle_gutenberg_block_has_review":false},"product_brand":[],"product_cat":[132,211],"product_tag":[],"class_list":{"0":"post-23183","1":"product","2":"type-product","3":"status-publish","4":"has-post-thumbnail","6":"product_cat-dekor","7":"product_cat-statuetki","9":"first","10":"instock","11":"shipping-taxable","12":"purchasable","13":"product-type-simple"},"_links":{"self":[{"href":"https:\/\/moltomobila.md\/ro\/wp-json\/wp\/v2\/product\/23183","targetHints":{"allow":["GET"]}}],"collection":[{"href":"https:\/\/moltomobila.md\/ro\/wp-json\/wp\/v2\/product"}],"about":[{"href":"https:\/\/moltomobila.md\/ro\/wp-json\/wp\/v2\/types\/product"}],"version-history":[{"count":0,"href":"https:\/\/moltomobila.md\/ro\/wp-json\/wp\/v2\/product\/23183\/revisions"}],"wp:featuredmedia":[{"embeddable":true,"href":"https:\/\/moltomobila.md\/ro\/wp-json\/wp\/v2\/media\/23184"}],"wp:attachment":[{"href":"https:\/\/moltomobila.md\/ro\/wp-json\/wp\/v2\/media?parent=23183"}],"wp:term":[{"taxonomy":"product_brand","embeddable":true,"href":"https:\/\/moltomobila.md\/ro\/wp-json\/wp\/v2\/product_brand?post=23183"},{"taxonomy":"product_cat","embeddable":true,"href":"https:\/\/moltomobila.md\/ro\/wp-json\/wp\/v2\/product_cat?post=23183"},{"taxonomy":"product_tag","embeddable":true,"href":"https:\/\/moltomobila.md\/ro\/wp-json\/wp\/v2\/product_tag?post=23183"}],"curies":[{"name":"wp","href":"https:\/\/api.w.org\/{rel}","templated":true}]}}