{"id":23189,"date":"2024-01-10T16:11:40","date_gmt":"2024-01-10T14:11:40","guid":{"rendered":"https:\/\/mediumaquamarine-flamingo-502635.hostingersite.com\/?post_type=product&#038;p=23189"},"modified":"2024-01-10T16:14:47","modified_gmt":"2024-01-10T14:14:47","slug":"statuetka-beehive-skull-16cm","status":"publish","type":"product","link":"https:\/\/moltomobila.md\/ro\/produs\/statuetka-beehive-skull-16cm\/","title":{"rendered":"STATUIE STUP DE ALBINE CRANIU 16CM"},"content":{"rendered":"<p>Element decorativ foarte original \u0219i elegant sub form\u0103 de Statuet\u0103 cu craniu de stup de albine. Ideal pentru un cadou \u0219i pentru decorarea interiorului.<\/p>\n<p>Statueta este decorul perfect pentru camera de zi, dormitor, buc\u0103t\u0103rie, birou, sal\u0103 de mese sau orice alt loc.<\/p>","protected":false},"excerpt":{"rendered":"<p>Element decorativ foarte original \u0219i elegant sub form\u0103 de Statuet\u0103 cu craniu de stup de albine. Ideal pentru un cadou \u0219i pentru decorarea interiorului.<\/p>","protected":false},"featured_media":23190,"template":"","meta":{"_themeisle_gutenberg_block_has_review":false},"product_brand":[],"product_cat":[132,211],"product_tag":[],"class_list":{"0":"post-23189","1":"product","2":"type-product","3":"status-publish","4":"has-post-thumbnail","6":"product_cat-dekor","7":"product_cat-statuetki","9":"first","10":"instock","11":"shipping-taxable","12":"purchasable","13":"product-type-simple"},"_links":{"self":[{"href":"https:\/\/moltomobila.md\/ro\/wp-json\/wp\/v2\/product\/23189","targetHints":{"allow":["GET"]}}],"collection":[{"href":"https:\/\/moltomobila.md\/ro\/wp-json\/wp\/v2\/product"}],"about":[{"href":"https:\/\/moltomobila.md\/ro\/wp-json\/wp\/v2\/types\/product"}],"version-history":[{"count":0,"href":"https:\/\/moltomobila.md\/ro\/wp-json\/wp\/v2\/product\/23189\/revisions"}],"wp:featuredmedia":[{"embeddable":true,"href":"https:\/\/moltomobila.md\/ro\/wp-json\/wp\/v2\/media\/23190"}],"wp:attachment":[{"href":"https:\/\/moltomobila.md\/ro\/wp-json\/wp\/v2\/media?parent=23189"}],"wp:term":[{"taxonomy":"product_brand","embeddable":true,"href":"https:\/\/moltomobila.md\/ro\/wp-json\/wp\/v2\/product_brand?post=23189"},{"taxonomy":"product_cat","embeddable":true,"href":"https:\/\/moltomobila.md\/ro\/wp-json\/wp\/v2\/product_cat?post=23189"},{"taxonomy":"product_tag","embeddable":true,"href":"https:\/\/moltomobila.md\/ro\/wp-json\/wp\/v2\/product_tag?post=23189"}],"curies":[{"name":"wp","href":"https:\/\/api.w.org\/{rel}","templated":true}]}}