{"id":23309,"date":"2024-01-12T15:35:22","date_gmt":"2024-01-12T13:35:22","guid":{"rendered":"https:\/\/mediumaquamarine-flamingo-502635.hostingersite.com\/?post_type=product&#038;p=23309"},"modified":"2024-01-12T15:38:53","modified_gmt":"2024-01-12T13:38:53","slug":"nastennyj-dekor-vintage-81-5h81-5cm","status":"publish","type":"product","link":"https:\/\/moltomobila.md\/ro\/produs\/nastennyj-dekor-vintage-81-5h81-5cm\/","title":{"rendered":"DECOR DE PERETE VINTAGE 81.5X81.5CM"},"content":{"rendered":"<p>O decora\u021biune de perete cu caracter \u0219i stil neobi\u0219nuit. Finisajul este realizat din metal sub\u021bire, pe care sunt reliefate motive vegetale pe un fundal gri cu zg\u00e2rieturi albe, iar ornamentul este aplicat \u00eentr-o culoare \u00eenchis\u0103, aurie. Decorul va atrage aten\u021bia tuturor celor care apreciaz\u0103 lucrurile neconven\u021bionale. Acesta va umple perfect spa\u021biul gol de pe perete \u00een camera de zi, dormitor, sufragerie sau hol. Este, f\u0103r\u0103 \u00eendoial\u0103, unul dintre elementele care ar trebui s\u0103 fie \u00een fiecare interior cu o fa\u021b\u0103 individual\u0103 pentru a sublinia atmosfera sa unic\u0103.<\/p>","protected":false},"excerpt":{"rendered":"<p>\u041d\u0430\u0441\u0442\u0435\u043d\u043d\u043e\u0435 \u0443\u043a\u0440\u0430\u0448\u0435\u043d\u0438\u0435 \u0441 \u043d\u0435\u043e\u0431\u044b\u0447\u043d\u044b\u043c \u0445\u0430\u0440\u0430\u043a\u0442\u0435\u0440\u043e\u043c \u0438 \u0441\u0442\u0438\u043b\u0435\u043c. \u041e\u0442\u0434\u0435\u043b\u043a\u0430 \u0432\u044b\u043f\u043e\u043b\u043d\u0435\u043d\u0430 \u0438\u0437 \u0442\u043e\u043d\u043a\u043e\u0433\u043e \u043c\u0435\u0442\u0430\u043b\u043b\u0430, \u043d\u0430 \u043a\u043e\u0442\u043e\u0440\u043e\u043c \u043d\u0430 \u0441\u0435\u0440\u043e\u043c \u0444\u043e\u043d\u0435 \u0441 \u0431\u0435\u043b\u044b\u043c\u0438 \u043f\u043e\u0442\u0435\u0440\u0442\u043e\u0441\u0442\u044f\u043c\u0438<\/p>","protected":false},"featured_media":23310,"template":"","meta":{"_themeisle_gutenberg_block_has_review":false},"product_brand":[],"product_cat":[132,194],"product_tag":[],"class_list":{"0":"post-23309","1":"product","2":"type-product","3":"status-publish","4":"has-post-thumbnail","6":"product_cat-dekor","7":"product_cat-nastennyj-dekor","9":"first","10":"instock","11":"shipping-taxable","12":"purchasable","13":"product-type-simple"},"_links":{"self":[{"href":"https:\/\/moltomobila.md\/ro\/wp-json\/wp\/v2\/product\/23309","targetHints":{"allow":["GET"]}}],"collection":[{"href":"https:\/\/moltomobila.md\/ro\/wp-json\/wp\/v2\/product"}],"about":[{"href":"https:\/\/moltomobila.md\/ro\/wp-json\/wp\/v2\/types\/product"}],"version-history":[{"count":0,"href":"https:\/\/moltomobila.md\/ro\/wp-json\/wp\/v2\/product\/23309\/revisions"}],"wp:featuredmedia":[{"embeddable":true,"href":"https:\/\/moltomobila.md\/ro\/wp-json\/wp\/v2\/media\/23310"}],"wp:attachment":[{"href":"https:\/\/moltomobila.md\/ro\/wp-json\/wp\/v2\/media?parent=23309"}],"wp:term":[{"taxonomy":"product_brand","embeddable":true,"href":"https:\/\/moltomobila.md\/ro\/wp-json\/wp\/v2\/product_brand?post=23309"},{"taxonomy":"product_cat","embeddable":true,"href":"https:\/\/moltomobila.md\/ro\/wp-json\/wp\/v2\/product_cat?post=23309"},{"taxonomy":"product_tag","embeddable":true,"href":"https:\/\/moltomobila.md\/ro\/wp-json\/wp\/v2\/product_tag?post=23309"}],"curies":[{"name":"wp","href":"https:\/\/api.w.org\/{rel}","templated":true}]}}