{"id":23327,"date":"2024-01-12T15:39:13","date_gmt":"2024-01-12T13:39:13","guid":{"rendered":"https:\/\/mediumaquamarine-flamingo-502635.hostingersite.com\/?post_type=product&#038;p=23327"},"modified":"2024-01-12T15:51:36","modified_gmt":"2024-01-12T13:51:36","slug":"nastennyj-dekor-vintage-92h92sm","status":"publish","type":"product","link":"https:\/\/moltomobila.md\/ro\/produs\/nastennyj-dekor-vintage-92h92sm\/","title":{"rendered":"DECOR DE PERETE VINTAGE 92X92CM"},"content":{"rendered":"<p>Decor din metal u\u0219or \u00een culoarea aurului vechi. Modelele clare \u00een relief \u0219i suprafa\u021ba lucioas\u0103 sunt atr\u0103g\u0103toare \u0219i atr\u0103g\u0103toare. Aceast\u0103 decora\u021biune este o idee excelent\u0103 pentru amenajarea unui perete gol \u00eentr-o camer\u0103 de zi sau coridor. Atunci c\u00e2nd este at\u00e2rnat singur, va ad\u0103uga unicitate interiorului, iar atunci c\u00e2nd este duplicat, va sublinia stilul acestuia.<\/p>","protected":false},"excerpt":{"rendered":"<p>\u0414\u0435\u043a\u043e\u0440 \u0438\u0437 \u0441\u0432\u0435\u0442\u043b\u043e\u0433\u043e \u043c\u0435\u0442\u0430\u043b\u043b\u0430 \u0446\u0432\u0435\u0442\u0430 \u0441\u0442\u0430\u0440\u043e\u0433\u043e \u0437\u043e\u043b\u043e\u0442\u0430. \u0427\u0435\u0442\u043a\u0438\u0435 \u0440\u0435\u043b\u044c\u0435\u0444\u043d\u044b\u0435 \u0443\u0437\u043e\u0440\u044b \u0438 \u0431\u043b\u0435\u0441\u0442\u044f\u0449\u0430\u044f \u043f\u043e\u0432\u0435\u0440\u0445\u043d\u043e\u0441\u0442\u044c \u043f\u0440\u0438\u0432\u043b\u0435\u043a\u0430\u044e\u0442 \u0432\u043d\u0438\u043c\u0430\u043d\u0438\u0435 \u0438 \u043f\u0440\u0438\u0432\u043b\u0435\u043a\u0430\u044e\u0442 \u0432\u043d\u0438\u043c\u0430\u043d\u0438\u0435. \u042d\u0442\u043e \u0443\u043a\u0440\u0430\u0448\u0435\u043d\u0438\u0435<\/p>","protected":false},"featured_media":23328,"template":"","meta":{"_themeisle_gutenberg_block_has_review":false},"product_brand":[],"product_cat":[132,194],"product_tag":[],"class_list":{"0":"post-23327","1":"product","2":"type-product","3":"status-publish","4":"has-post-thumbnail","6":"product_cat-dekor","7":"product_cat-nastennyj-dekor","9":"first","10":"instock","11":"shipping-taxable","12":"purchasable","13":"product-type-simple"},"_links":{"self":[{"href":"https:\/\/moltomobila.md\/ro\/wp-json\/wp\/v2\/product\/23327","targetHints":{"allow":["GET"]}}],"collection":[{"href":"https:\/\/moltomobila.md\/ro\/wp-json\/wp\/v2\/product"}],"about":[{"href":"https:\/\/moltomobila.md\/ro\/wp-json\/wp\/v2\/types\/product"}],"version-history":[{"count":0,"href":"https:\/\/moltomobila.md\/ro\/wp-json\/wp\/v2\/product\/23327\/revisions"}],"wp:featuredmedia":[{"embeddable":true,"href":"https:\/\/moltomobila.md\/ro\/wp-json\/wp\/v2\/media\/23328"}],"wp:attachment":[{"href":"https:\/\/moltomobila.md\/ro\/wp-json\/wp\/v2\/media?parent=23327"}],"wp:term":[{"taxonomy":"product_brand","embeddable":true,"href":"https:\/\/moltomobila.md\/ro\/wp-json\/wp\/v2\/product_brand?post=23327"},{"taxonomy":"product_cat","embeddable":true,"href":"https:\/\/moltomobila.md\/ro\/wp-json\/wp\/v2\/product_cat?post=23327"},{"taxonomy":"product_tag","embeddable":true,"href":"https:\/\/moltomobila.md\/ro\/wp-json\/wp\/v2\/product_tag?post=23327"}],"curies":[{"name":"wp","href":"https:\/\/api.w.org\/{rel}","templated":true}]}}