{"id":23447,"date":"2024-01-12T22:45:44","date_gmt":"2024-01-12T20:45:44","guid":{"rendered":"https:\/\/mediumaquamarine-flamingo-502635.hostingersite.com\/?post_type=product&#038;p=23447"},"modified":"2024-01-12T23:03:32","modified_gmt":"2024-01-12T21:03:32","slug":"podstavka-dlya-vina-reindeer-antlers","status":"publish","type":"product","link":"https:\/\/moltomobila.md\/ro\/produs\/podstavka-dlya-vina-reindeer-antlers\/","title":{"rendered":"RAFT DE VIN CORNURI DE REN"},"content":{"rendered":"<p>Suport elegant pentru sticle din metal \u00een form\u0103 de coarne de la brandul Clayre &amp; Eef Suport pentru sticle Suport pentru sticle. Asigur\u0103 exact o por\u021bie original\u0103 de alcool pentru clien\u021bi sau invita\u021bi.<\/p>","protected":false},"excerpt":{"rendered":"<p>\u0421\u0442\u0438\u043b\u044c\u043d\u0430\u044f \u043c\u0435\u0442\u0430\u043b\u043b\u0438\u0447\u0435\u0441\u043a\u0430\u044f \u043f\u043e\u0434\u0441\u0442\u0430\u0432\u043a\u0430 \u0434\u043b\u044f \u0431\u0443\u0442\u044b\u043b\u043e\u043a \u0432 \u0444\u043e\u0440\u043c\u0435 \u0440\u043e\u0433\u043e\u0432 \u043e\u0442 \u0431\u0440\u0435\u043d\u0434\u0430 Clayre &amp; Eef Bottle rack Bottle holder. \u0422\u043e\u0447\u043d\u043e \u043e\u0431\u0435\u0441\u043f\u0435\u0447\u0438\u0442 \u043e\u0440\u0438\u0433\u0438\u043d\u0430\u043b\u044c\u043d\u0443\u044e<\/p>","protected":false},"featured_media":23466,"template":"","meta":{"_themeisle_gutenberg_block_has_review":false},"product_brand":[],"product_cat":[132,211],"product_tag":[],"class_list":{"0":"post-23447","1":"product","2":"type-product","3":"status-publish","4":"has-post-thumbnail","6":"product_cat-dekor","7":"product_cat-statuetki","9":"first","10":"instock","11":"shipping-taxable","12":"purchasable","13":"product-type-simple"},"_links":{"self":[{"href":"https:\/\/moltomobila.md\/ro\/wp-json\/wp\/v2\/product\/23447","targetHints":{"allow":["GET"]}}],"collection":[{"href":"https:\/\/moltomobila.md\/ro\/wp-json\/wp\/v2\/product"}],"about":[{"href":"https:\/\/moltomobila.md\/ro\/wp-json\/wp\/v2\/types\/product"}],"version-history":[{"count":0,"href":"https:\/\/moltomobila.md\/ro\/wp-json\/wp\/v2\/product\/23447\/revisions"}],"wp:featuredmedia":[{"embeddable":true,"href":"https:\/\/moltomobila.md\/ro\/wp-json\/wp\/v2\/media\/23466"}],"wp:attachment":[{"href":"https:\/\/moltomobila.md\/ro\/wp-json\/wp\/v2\/media?parent=23447"}],"wp:term":[{"taxonomy":"product_brand","embeddable":true,"href":"https:\/\/moltomobila.md\/ro\/wp-json\/wp\/v2\/product_brand?post=23447"},{"taxonomy":"product_cat","embeddable":true,"href":"https:\/\/moltomobila.md\/ro\/wp-json\/wp\/v2\/product_cat?post=23447"},{"taxonomy":"product_tag","embeddable":true,"href":"https:\/\/moltomobila.md\/ro\/wp-json\/wp\/v2\/product_tag?post=23447"}],"curies":[{"name":"wp","href":"https:\/\/api.w.org\/{rel}","templated":true}]}}