{"id":23574,"date":"2024-01-12T23:33:44","date_gmt":"2024-01-12T21:33:44","guid":{"rendered":"https:\/\/mediumaquamarine-flamingo-502635.hostingersite.com\/?post_type=product&#038;p=23574"},"modified":"2024-01-12T23:37:05","modified_gmt":"2024-01-12T21:37:05","slug":"kashpo-hippo-22cm","status":"publish","type":"product","link":"https:\/\/moltomobila.md\/ro\/produs\/kashpo-hippo-22cm\/","title":{"rendered":"HIPPO 22CM"},"content":{"rendered":"<p>\u0414\u0435\u043a\u043e\u0440\u0430\u0442\u0438\u0432\u043d\u044b\u0439 \u0432\u0430\u0437\u043e\u043d \u0431\u0435\u0436\u0435\u0432\u044b\u0439 \u0438\u0437 \u043a\u0430\u043c\u043d\u044f, \u0432 \u0444\u043e\u0440\u043c\u0435 \u0431\u0435\u0433\u0435\u043c\u043e\u0442\u0430 \u043e\u0442 \u0431\u0440\u0435\u043d\u0434\u0430 Clayre &amp; Eef. \u0420\u0430\u0437\u043c\u0435\u0440 \u0432\u0435\u0440\u0445\u043d\u0435\u0433\u043e \u043e\u0442\u0432\u0435\u0440\u0441\u0442\u0438\u044f 10\u04459 \u0441\u043c.<\/p>\n<p>- Potrivit pentru utilizare \u00een interior<\/p>\n<p>- A\u0219eza\u021bi \u00een aer liber, \u00eentr-un loc ferit de ploaie \u0219i \u00eenghe\u021b<\/p>\n<p>- Poate fi combinat cu alte ghivece de flori<\/p>\n<p>Acest vas de flori lipsea cu siguran\u021b\u0103 de pe pervazul ferestrei \u0219i de pe masa din gr\u0103din\u0103. Cu o plant\u0103 sau o floare \u00een ea, acest vas creeaz\u0103 o atmosfer\u0103 colorat\u0103. Dar fii vigilent! Nu pune\u021bi acest vas de flori afar\u0103 c\u00e2nd plou\u0103 sau este ger, pentru c\u0103 atunci riscul de deteriorare este mare. Pune flori frumoase \u00eenflorite pe masa de pe teras\u0103 vara \u0219i o plant\u0103 de interior iarna pentru a-\u021bi \u00eembun\u0103t\u0103\u021bi starea de spirit. Pute\u021bi combina acest ghiveci de flori cu alte ghivece de flori din aceea\u0219i serie sau din acela\u0219i stil.<\/p>","protected":false},"excerpt":{"rendered":"<p>\u0414\u0435\u043a\u043e\u0440\u0430\u0442\u0438\u0432\u043d\u044b\u0439 \u0432\u0430\u0437\u043e\u043d \u0431\u0435\u0436\u0435\u0432\u044b\u0439 \u0438\u0437 \u043a\u0430\u043c\u043d\u044f, \u0432 \u0444\u043e\u0440\u043c\u0435 \u0431\u0435\u0433\u0435\u043c\u043e\u0442\u0430 \u043e\u0442 \u0431\u0440\u0435\u043d\u0434\u0430 Clayre &amp; Eef. \u0420\u0430\u0437\u043c\u0435\u0440 \u0432\u0435\u0440\u0445\u043d\u0435\u0433\u043e \u043e\u0442\u0432\u0435\u0440\u0441\u0442\u0438\u044f 10\u04459 \u0441\u043c. &#8212; \u041f\u043e\u0434\u0445\u043e\u0434\u0438\u0442<\/p>","protected":false},"featured_media":23576,"template":"","meta":{"_themeisle_gutenberg_block_has_review":false},"product_brand":[],"product_cat":[132,211],"product_tag":[],"class_list":{"0":"post-23574","1":"product","2":"type-product","3":"status-publish","4":"has-post-thumbnail","6":"product_cat-dekor","7":"product_cat-statuetki","9":"first","10":"instock","11":"shipping-taxable","12":"purchasable","13":"product-type-simple"},"_links":{"self":[{"href":"https:\/\/moltomobila.md\/ro\/wp-json\/wp\/v2\/product\/23574","targetHints":{"allow":["GET"]}}],"collection":[{"href":"https:\/\/moltomobila.md\/ro\/wp-json\/wp\/v2\/product"}],"about":[{"href":"https:\/\/moltomobila.md\/ro\/wp-json\/wp\/v2\/types\/product"}],"version-history":[{"count":0,"href":"https:\/\/moltomobila.md\/ro\/wp-json\/wp\/v2\/product\/23574\/revisions"}],"wp:featuredmedia":[{"embeddable":true,"href":"https:\/\/moltomobila.md\/ro\/wp-json\/wp\/v2\/media\/23576"}],"wp:attachment":[{"href":"https:\/\/moltomobila.md\/ro\/wp-json\/wp\/v2\/media?parent=23574"}],"wp:term":[{"taxonomy":"product_brand","embeddable":true,"href":"https:\/\/moltomobila.md\/ro\/wp-json\/wp\/v2\/product_brand?post=23574"},{"taxonomy":"product_cat","embeddable":true,"href":"https:\/\/moltomobila.md\/ro\/wp-json\/wp\/v2\/product_cat?post=23574"},{"taxonomy":"product_tag","embeddable":true,"href":"https:\/\/moltomobila.md\/ro\/wp-json\/wp\/v2\/product_tag?post=23574"}],"curies":[{"name":"wp","href":"https:\/\/api.w.org\/{rel}","templated":true}]}}